{"id":10450,"date":"2023-04-19T21:02:30","date_gmt":"2023-04-19T21:02:30","guid":{"rendered":"https:\/\/wordpres55.paweltomczuk.pl\/?page_id=10450"},"modified":"2023-05-10T20:23:17","modified_gmt":"2023-05-10T20:23:17","slug":"dostawa","status":"publish","type":"page","link":"https:\/\/wordpres55.paweltomczuk.pl\/?page_id=10450","title":{"rendered":"Dostawa"},"content":{"rendered":"\t\t<div data-elementor-type=\"wp-page\" data-elementor-id=\"10450\" class=\"elementor elementor-10450\" data-elementor-post-type=\"page\">\n\t\t\t\t\t\t<section class=\"elementor-section elementor-top-section elementor-element elementor-element-10e9663 elementor-section-boxed elementor-section-height-default elementor-section-height-default wd-section-disabled\" data-id=\"10e9663\" data-element_type=\"section\" data-e-type=\"section\">\n\t\t\t\t\t\t<div class=\"elementor-container elementor-column-gap-default\">\n\t\t\t\t\t<div class=\"elementor-column elementor-col-100 elementor-top-column elementor-element elementor-element-ebff7c4\" data-id=\"ebff7c4\" data-element_type=\"column\" data-e-type=\"column\">\n\t\t\t<div class=\"elementor-widget-wrap elementor-element-populated\">\n\t\t\t\t\t\t<div class=\"elementor-element elementor-element-7d45b21 elementor-widget elementor-widget-wd_text_block\" data-id=\"7d45b21\" data-element_type=\"widget\" data-e-type=\"widget\" data-widget_type=\"wd_text_block.default\">\n\t\t\t\t<div class=\"elementor-widget-container\">\n\t\t\t\t\t\t\t\t<link rel=\"stylesheet\" id=\"wd-text-block-css\" href=\"https:\/\/wordpres55.paweltomczuk.pl\/wp-content\/themes\/woodmart\/css\/parts\/el-text-block.min.css?ver=7.1.4\" type=\"text\/css\" media=\"all\" \/> \t\t\t\t\t<div class=\"wd-text-block reset-last-child text-left\">\n\t\t\t\n\t\t\t<div class=\"elementor-element elementor-element-9d8959c elementor-widget elementor-widget-wd_title\" data-id=\"9d8959c\" data-element_type=\"widget\" data-widget_type=\"wd_title.default\"><div class=\"elementor-widget-container\"><div class=\"title-wrapper set-mb-s reset-last-child wd-title-color-primary wd-title-style-default wd-title-size-small text-left\"><div class=\"liner-continer\"><h4 class=\"woodmart-title-container title wd-fontsize-m\">Dostawa<\/h4><\/div><\/div><\/div><\/div><div class=\"elementor-element elementor-element-afdeb55 color-scheme-inherit text-left elementor-widget elementor-widget-text-editor\" data-id=\"afdeb55\" data-element_type=\"widget\" data-widget_type=\"text-editor.default\"><div class=\"elementor-widget-container\"><ol><li>Zam\u00f3wione produkty wysy\u0142amy na paletach lub luzem w zale\u017cno\u015bci od zam\u00f3wionego towaru. Na specjalne \u017cyczenie klienta mo\u017cemy zorganizowa\u0107 roz\u0142adunek (dodatkowy koszt).<\/li><li>Zam\u00f3wienia dostarczamy pod wskazany adres.<\/li><li>Zam\u00f3wienia dostarczamy kurierem lub w\u0142asnym transportem w zale\u017cno\u015bci od wielko\u015bci zam\u00f3wienia.<\/li><\/ol><\/div><\/div>\n\t\t\t\t\t<\/div>\n\t\t\t\t\t\t<\/div>\n\t\t\t\t<\/div>\n\t\t\t\t\t<\/div>\n\t\t<\/div>\n\t\t\t\t\t<\/div>\n\t\t<\/section>\n\t\t\t\t<\/div>\n\t\t","protected":false},"excerpt":{"rendered":"<p>Dostawa Zam\u00f3wione produkty wysy\u0142amy na paletach lub luzem w zale\u017cno\u015bci od zam\u00f3wionego towaru. Na specjalne \u017cyczenie klienta mo\u017cemy zorganizowa\u0107 roz\u0142adunek<\/p>\n","protected":false},"author":1,"featured_media":0,"parent":0,"menu_order":0,"comment_status":"closed","ping_status":"closed","template":"","meta":{"footnotes":""},"class_list":["post-10450","page","type-page","status-publish","hentry"],"_links":{"self":[{"href":"https:\/\/wordpres55.paweltomczuk.pl\/index.php?rest_route=\/wp\/v2\/pages\/10450","targetHints":{"allow":["GET"]}}],"collection":[{"href":"https:\/\/wordpres55.paweltomczuk.pl\/index.php?rest_route=\/wp\/v2\/pages"}],"about":[{"href":"https:\/\/wordpres55.paweltomczuk.pl\/index.php?rest_route=\/wp\/v2\/types\/page"}],"author":[{"embeddable":true,"href":"https:\/\/wordpres55.paweltomczuk.pl\/index.php?rest_route=\/wp\/v2\/users\/1"}],"replies":[{"embeddable":true,"href":"https:\/\/wordpres55.paweltomczuk.pl\/index.php?rest_route=%2Fwp%2Fv2%2Fcomments&post=10450"}],"version-history":[{"count":5,"href":"https:\/\/wordpres55.paweltomczuk.pl\/index.php?rest_route=\/wp\/v2\/pages\/10450\/revisions"}],"predecessor-version":[{"id":10542,"href":"https:\/\/wordpres55.paweltomczuk.pl\/index.php?rest_route=\/wp\/v2\/pages\/10450\/revisions\/10542"}],"wp:attachment":[{"href":"https:\/\/wordpres55.paweltomczuk.pl\/index.php?rest_route=%2Fwp%2Fv2%2Fmedia&parent=10450"}],"curies":[{"name":"wp","href":"https:\/\/api.w.org\/{rel}","templated":true}]}}