{"id":10452,"date":"2023-04-19T21:02:48","date_gmt":"2023-04-19T21:02:48","guid":{"rendered":"https:\/\/wordpres55.paweltomczuk.pl\/?page_id=10452"},"modified":"2023-05-10T20:24:58","modified_gmt":"2023-05-10T20:24:58","slug":"zamowienie-2","status":"publish","type":"page","link":"https:\/\/wordpres55.paweltomczuk.pl\/?page_id=10452","title":{"rendered":"Zamowienie"},"content":{"rendered":"\t\t<div data-elementor-type=\"wp-page\" data-elementor-id=\"10452\" class=\"elementor elementor-10452\" data-elementor-post-type=\"page\">\n\t\t\t\t\t\t<section class=\"elementor-section elementor-top-section elementor-element elementor-element-c3cac30 elementor-section-boxed elementor-section-height-default elementor-section-height-default wd-section-disabled\" data-id=\"c3cac30\" data-element_type=\"section\" data-e-type=\"section\">\n\t\t\t\t\t\t<div class=\"elementor-container elementor-column-gap-default\">\n\t\t\t\t\t<div class=\"elementor-column elementor-col-100 elementor-top-column elementor-element elementor-element-43fd5bf\" data-id=\"43fd5bf\" data-element_type=\"column\" data-e-type=\"column\">\n\t\t\t<div class=\"elementor-widget-wrap elementor-element-populated\">\n\t\t\t\t\t\t<div class=\"elementor-element elementor-element-683b187 elementor-widget elementor-widget-wd_text_block\" data-id=\"683b187\" data-element_type=\"widget\" data-e-type=\"widget\" data-widget_type=\"wd_text_block.default\">\n\t\t\t\t<div class=\"elementor-widget-container\">\n\t\t\t\t\t\t\t\t<link rel=\"stylesheet\" id=\"wd-text-block-css\" href=\"https:\/\/wordpres55.paweltomczuk.pl\/wp-content\/themes\/woodmart\/css\/parts\/el-text-block.min.css?ver=7.1.4\" type=\"text\/css\" media=\"all\" \/> \t\t\t\t\t<div class=\"wd-text-block reset-last-child text-left\">\n\t\t\t\n\t\t\t<div class=\"elementor-element elementor-element-d542960 elementor-widget elementor-widget-wd_title\" data-id=\"d542960\" data-element_type=\"widget\" data-widget_type=\"wd_title.default\"><div class=\"elementor-widget-container\"><div class=\"title-wrapper set-mb-s reset-last-child wd-title-color-primary wd-title-style-default wd-title-size-small text-left\"><div class=\"liner-continer\"><h4 class=\"woodmart-title-container title wd-fontsize-m\">Zam\u00f3wienie<\/h4><\/div><\/div><\/div><\/div><div class=\"elementor-element elementor-element-006e477 color-scheme-inherit text-left elementor-widget elementor-widget-text-editor\" data-id=\"006e477\" data-element_type=\"widget\" data-widget_type=\"text-editor.default\"><div class=\"elementor-widget-container\"><p>W kilku prostych krokach zam\u00f3wisz wybrane materia\u0142y z dostaw\u0105 pod wskazany adres!<\/p><ol><li>Zamawiasz list\u0119 potrzebnych materia\u0142\u00f3w wraz ilo\u015bciami.<\/li><li>W ci\u0105gu 48 godz. otrzymujesz wycen\u0119 koszt\u00f3w transportu.<\/li><li>Zatwierdzasz zam\u00f3wienie i dokonujesz wp\u0142aty zaliczki 50% og\u00f3lnej kwoty na wskazany rachunek bankowy.<\/li><li>Po skompletowaniu zam\u00f3wienia otrzymujesz informacje mailow\u0105, po kt\u00f3rej wp\u0142acasz pozosta\u0142\u0105 kwot\u0119 i przesy\u0142asz potwierdzenie wp\u0142aty na naszego maila.<\/li><li>Oczekujesz na kontakt od nas z informacj\u0105 o planowanym terminie oraz godzinie dostawy.<\/li><\/ol><\/div><\/div>\n\t\t\t\t\t<\/div>\n\t\t\t\t\t\t<\/div>\n\t\t\t\t<\/div>\n\t\t\t\t\t<\/div>\n\t\t<\/div>\n\t\t\t\t\t<\/div>\n\t\t<\/section>\n\t\t\t\t<\/div>\n\t\t","protected":false},"excerpt":{"rendered":"<p>Zam\u00f3wienie W kilku prostych krokach zam\u00f3wisz wybrane materia\u0142y z dostaw\u0105 pod wskazany adres! Zamawiasz list\u0119 potrzebnych materia\u0142\u00f3w wraz ilo\u015bciami. W<\/p>\n","protected":false},"author":1,"featured_media":0,"parent":0,"menu_order":0,"comment_status":"closed","ping_status":"closed","template":"","meta":{"footnotes":""},"class_list":["post-10452","page","type-page","status-publish","hentry"],"_links":{"self":[{"href":"https:\/\/wordpres55.paweltomczuk.pl\/index.php?rest_route=\/wp\/v2\/pages\/10452","targetHints":{"allow":["GET"]}}],"collection":[{"href":"https:\/\/wordpres55.paweltomczuk.pl\/index.php?rest_route=\/wp\/v2\/pages"}],"about":[{"href":"https:\/\/wordpres55.paweltomczuk.pl\/index.php?rest_route=\/wp\/v2\/types\/page"}],"author":[{"embeddable":true,"href":"https:\/\/wordpres55.paweltomczuk.pl\/index.php?rest_route=\/wp\/v2\/users\/1"}],"replies":[{"embeddable":true,"href":"https:\/\/wordpres55.paweltomczuk.pl\/index.php?rest_route=%2Fwp%2Fv2%2Fcomments&post=10452"}],"version-history":[{"count":6,"href":"https:\/\/wordpres55.paweltomczuk.pl\/index.php?rest_route=\/wp\/v2\/pages\/10452\/revisions"}],"predecessor-version":[{"id":10546,"href":"https:\/\/wordpres55.paweltomczuk.pl\/index.php?rest_route=\/wp\/v2\/pages\/10452\/revisions\/10546"}],"wp:attachment":[{"href":"https:\/\/wordpres55.paweltomczuk.pl\/index.php?rest_route=%2Fwp%2Fv2%2Fmedia&parent=10452"}],"curies":[{"name":"wp","href":"https:\/\/api.w.org\/{rel}","templated":true}]}}