{"id":10311,"date":"2023-04-12T14:20:13","date_gmt":"2023-04-12T14:20:13","guid":{"rendered":"https:\/\/wordpres55.paweltomczuk.pl\/?post_type=product&#038;p=10311"},"modified":"2024-07-27T12:43:46","modified_gmt":"2024-07-27T12:43:46","slug":"plyta-gipsowo-kartonowa-wodoodporna-zielona-1200x2600-x125mm","status":"publish","type":"product","link":"https:\/\/wordpres55.paweltomczuk.pl\/?product=plyta-gipsowo-kartonowa-wodoodporna-zielona-1200x2600-x125mm","title":{"rendered":"P\u0141YTA GIPSOWO &#8211; KARTONOWA WODOODPORNA ZIELONA 1200X2600 X12,5MM"},"content":{"rendered":"","protected":false},"excerpt":{"rendered":"<p>Opis produktu:<\/p>\n<p>P\u0142yta G-K 1200x2600x12,5mm<br \/>\nP\u0142yta gipsowo-kartonowa o grubo\u015bci 12,5 mm. Idealnie sprawdzi si\u0119 do konstrukcji poszy\u0107 lub lekkich ok\u0142adzin suchej zabudowy:<\/p>\n<p>\u2714 ok\u0142adzin \u015bciennych,<br \/>\n\u2714 \u015bcian dzia\u0142owych, sufit\u00f3w podwieszanych<br \/>\n\u2714 zabudowy poddaszy<\/p>\n<p>P\u0142yta o zmniejszonej wch\u0142anialno\u015bci wody w por\u00f3wnaniu do standardowych (szarych) i ogniochronnych (r\u00f3\u017cowa) p\u0142yt gipsowo-kartonowych. Sprawdzi si\u0119 w pomieszczeniach, w kt\u00f3rych wilgotno\u015b\u0107 wzgl\u0119dna powietrza nie przekracza 70%, a okresowo (do 10 godzin na dob\u0119) o podwy\u017cszonej wilgotno\u015bci wzgl\u0119dnej powietrza a\u017c do 85%.<\/p>\n<p>Stosowana w \u0142azienkach, toaletach, pomieszczeniach sanitarnych. P\u0142yta niepalna, zaliczana do klasy A2-s1,d0 w zakresie reakcji na ogie\u0144 materia\u0142\u00f3w budowlanych (wg normy PN-EN 13501-1).<\/p>\n<p>Wymiary: 1200x2600x12,5 mm<\/p>\n<p>Ilo\u015b\u0107 na palecie- <strong>64 szt.<\/strong><br \/>\n<strong>Cena za szt : 55 z\u0142<\/strong><\/p>\n","protected":false},"featured_media":12632,"template":"","meta":[],"product_cat":[71],"product_tag":[],"class_list":{"0":"post-10311","1":"product","2":"type-product","3":"status-publish","4":"has-post-thumbnail","6":"product_cat-plyty-gipsowo-kartonowe","8":"first","9":"instock","10":"taxable","11":"shipping-taxable","12":"purchasable","13":"product-type-simple"},"_links":{"self":[{"href":"https:\/\/wordpres55.paweltomczuk.pl\/index.php?rest_route=\/wp\/v2\/product\/10311","targetHints":{"allow":["GET"]}}],"collection":[{"href":"https:\/\/wordpres55.paweltomczuk.pl\/index.php?rest_route=\/wp\/v2\/product"}],"about":[{"href":"https:\/\/wordpres55.paweltomczuk.pl\/index.php?rest_route=\/wp\/v2\/types\/product"}],"version-history":[{"count":4,"href":"https:\/\/wordpres55.paweltomczuk.pl\/index.php?rest_route=\/wp\/v2\/product\/10311\/revisions"}],"predecessor-version":[{"id":12714,"href":"https:\/\/wordpres55.paweltomczuk.pl\/index.php?rest_route=\/wp\/v2\/product\/10311\/revisions\/12714"}],"wp:featuredmedia":[{"embeddable":true,"href":"https:\/\/wordpres55.paweltomczuk.pl\/index.php?rest_route=\/wp\/v2\/media\/12632"}],"wp:attachment":[{"href":"https:\/\/wordpres55.paweltomczuk.pl\/index.php?rest_route=%2Fwp%2Fv2%2Fmedia&parent=10311"}],"wp:term":[{"taxonomy":"product_cat","embeddable":true,"href":"https:\/\/wordpres55.paweltomczuk.pl\/index.php?rest_route=%2Fwp%2Fv2%2Fproduct_cat&post=10311"},{"taxonomy":"product_tag","embeddable":true,"href":"https:\/\/wordpres55.paweltomczuk.pl\/index.php?rest_route=%2Fwp%2Fv2%2Fproduct_tag&post=10311"}],"curies":[{"name":"wp","href":"https:\/\/api.w.org\/{rel}","templated":true}]}}