{"id":10315,"date":"2023-04-12T14:22:36","date_gmt":"2023-04-12T14:22:36","guid":{"rendered":"https:\/\/wordpres55.paweltomczuk.pl\/?post_type=product&#038;p=10315"},"modified":"2024-07-27T12:43:04","modified_gmt":"2024-07-27T12:43:04","slug":"plyta-gipsowo-kartonowa-rozowa-ognioodporna-plus-1200x2600x125mm","status":"publish","type":"product","link":"https:\/\/wordpres55.paweltomczuk.pl\/?product=plyta-gipsowo-kartonowa-rozowa-ognioodporna-plus-1200x2600x125mm","title":{"rendered":"P\u0141YTA GIPSOWO &#8211; KARTONOWA R\u00d3\u017bOWA OGNIOODPORNA PLUS 1200X2600X12,5MM"},"content":{"rendered":"","protected":false},"excerpt":{"rendered":"<p>Opis produktu:<\/p>\n<p>P\u0142yta G-K 1200x2600x12,5mm<br \/>\nP\u0142yta gipsowo-kartonowa o grubo\u015bci 12,5 mm. Idealnie sprawdzi si\u0119 do konstrukcji poszy\u0107 lub lekkich ok\u0142adzin suchej zabudowy:<\/p>\n<p>\u2714 ok\u0142adzin \u015bciennych,<br \/>\n\u2714 \u015bcian dzia\u0142owych, sufit\u00f3w podwieszanych<br \/>\n\u2714 zabudowa poddaszy<\/p>\n<p>Zwi\u0119kszona odporno\u015b\u0107 ogniwa p\u0142yty (wg normy PN-EN 13501-2:2007). Nadrukowana miarka u\u0142atwiaj\u0105ca obr\u00f3bk\u0119 p\u0142yty. P\u0142yty PRO Fire+ typ F 12,5 mm sprawdz\u0105 si\u0119 w systemach o zwi\u0119kszonej odporno\u015bci ogniowej w pomieszczeniach, w kt\u00f3rych wilgotno\u015b\u0107 wzgl\u0119dna nie przekracza 70%.<\/p>\n<p>Technologia PRO pozwala na wykonywanie spoin wzd\u0142u\u017cnych bez zgrubie\u0144 w miejscach \u0142\u0105cze\u0144.<\/p>\n<p>Wymiary: 1200x2600x12,5 mm<\/p>\n<p>Ilo\u015b\u0107 na palecie-<strong> 64 szt.<\/strong><br \/>\n<strong>Cena za szt: 46 z\u0142<\/strong><\/p>\n","protected":false},"featured_media":12630,"template":"","meta":[],"product_cat":[71],"product_tag":[],"class_list":{"0":"post-10315","1":"product","2":"type-product","3":"status-publish","4":"has-post-thumbnail","6":"product_cat-plyty-gipsowo-kartonowe","8":"first","9":"instock","10":"taxable","11":"shipping-taxable","12":"purchasable","13":"product-type-simple"},"_links":{"self":[{"href":"https:\/\/wordpres55.paweltomczuk.pl\/index.php?rest_route=\/wp\/v2\/product\/10315","targetHints":{"allow":["GET"]}}],"collection":[{"href":"https:\/\/wordpres55.paweltomczuk.pl\/index.php?rest_route=\/wp\/v2\/product"}],"about":[{"href":"https:\/\/wordpres55.paweltomczuk.pl\/index.php?rest_route=\/wp\/v2\/types\/product"}],"version-history":[{"count":7,"href":"https:\/\/wordpres55.paweltomczuk.pl\/index.php?rest_route=\/wp\/v2\/product\/10315\/revisions"}],"predecessor-version":[{"id":12711,"href":"https:\/\/wordpres55.paweltomczuk.pl\/index.php?rest_route=\/wp\/v2\/product\/10315\/revisions\/12711"}],"wp:featuredmedia":[{"embeddable":true,"href":"https:\/\/wordpres55.paweltomczuk.pl\/index.php?rest_route=\/wp\/v2\/media\/12630"}],"wp:attachment":[{"href":"https:\/\/wordpres55.paweltomczuk.pl\/index.php?rest_route=%2Fwp%2Fv2%2Fmedia&parent=10315"}],"wp:term":[{"taxonomy":"product_cat","embeddable":true,"href":"https:\/\/wordpres55.paweltomczuk.pl\/index.php?rest_route=%2Fwp%2Fv2%2Fproduct_cat&post=10315"},{"taxonomy":"product_tag","embeddable":true,"href":"https:\/\/wordpres55.paweltomczuk.pl\/index.php?rest_route=%2Fwp%2Fv2%2Fproduct_tag&post=10315"}],"curies":[{"name":"wp","href":"https:\/\/api.w.org\/{rel}","templated":true}]}}