{"id":10321,"date":"2023-04-15T23:06:09","date_gmt":"2023-04-15T23:06:09","guid":{"rendered":"https:\/\/wordpres55.paweltomczuk.pl\/?post_type=product&#038;p=10321"},"modified":"2024-07-27T12:41:22","modified_gmt":"2024-07-27T12:41:22","slug":"tynk-reczny-goldband-30-kg-knauf","status":"publish","type":"product","link":"https:\/\/wordpres55.paweltomczuk.pl\/?product=tynk-reczny-goldband-30-kg-knauf","title":{"rendered":"TYNK R\u0118CZNY GOLDBAND 30 KG KNAUF"},"content":{"rendered":"<p>Cechy i zalety:<\/p>\n<ul>\n<li>produkt mineralny<\/li>\n<li>tworzy przyjemny i zdrowy klimat w pomieszczeniach<\/li>\n<li>reguluje wilgotno\u015b\u0107 i jest paroprzepuszczalny<\/li>\n<li>spe\u0142nia w\u0142a\u015bciwo\u015bci ochrony przeciwpo\u017carowej<\/li>\n<li>mo\u017cliwo\u015b\u0107 nak\u0142adania do 50 mm<\/li>\n<li>nak\u0142adanie r\u0119czne<\/li>\n<\/ul>\n","protected":false},"excerpt":{"rendered":"<p>R\u0119czny tynk gipsowy. Fabrycznie przygotowana, sucha zaprawa gipsowa do r\u0119cznego wykonywania jednowarstwowych<br \/>\ntynk\u00f3w gipsowych wewn\u0105trz pomieszcze\u0144. Lekka w obr\u00f3bce, pozwala uzyska\u0107 g\u0142adkie powierzchnie.<\/p>\n<p>Przeznaczona do tynkowania wszelkiego rodzaju pod\u0142o\u017cy mineralnych.<\/p>\n<p>Zu\u017cycie: ok. 8,5 kg\/m2\/10 mm.<\/p>\n<p>Opakowanie: 30kg<\/p>\n<p><strong>Ilo\u015b\u0107 na palecie \u2013 40 szt.<\/strong><\/p>\n<p><strong>Cena: 44,90 z\u0142\/szt.\u00a0 <\/strong><\/p>\n","protected":false},"featured_media":12619,"template":"","meta":[],"product_cat":[77],"product_tag":[],"class_list":{"0":"post-10321","1":"product","2":"type-product","3":"status-publish","4":"has-post-thumbnail","6":"product_cat-gipsy-gladz","8":"first","9":"instock","10":"taxable","11":"shipping-taxable","12":"purchasable","13":"product-type-simple"},"_links":{"self":[{"href":"https:\/\/wordpres55.paweltomczuk.pl\/index.php?rest_route=\/wp\/v2\/product\/10321","targetHints":{"allow":["GET"]}}],"collection":[{"href":"https:\/\/wordpres55.paweltomczuk.pl\/index.php?rest_route=\/wp\/v2\/product"}],"about":[{"href":"https:\/\/wordpres55.paweltomczuk.pl\/index.php?rest_route=\/wp\/v2\/types\/product"}],"version-history":[{"count":1,"href":"https:\/\/wordpres55.paweltomczuk.pl\/index.php?rest_route=\/wp\/v2\/product\/10321\/revisions"}],"predecessor-version":[{"id":10323,"href":"https:\/\/wordpres55.paweltomczuk.pl\/index.php?rest_route=\/wp\/v2\/product\/10321\/revisions\/10323"}],"wp:featuredmedia":[{"embeddable":true,"href":"https:\/\/wordpres55.paweltomczuk.pl\/index.php?rest_route=\/wp\/v2\/media\/12619"}],"wp:attachment":[{"href":"https:\/\/wordpres55.paweltomczuk.pl\/index.php?rest_route=%2Fwp%2Fv2%2Fmedia&parent=10321"}],"wp:term":[{"taxonomy":"product_cat","embeddable":true,"href":"https:\/\/wordpres55.paweltomczuk.pl\/index.php?rest_route=%2Fwp%2Fv2%2Fproduct_cat&post=10321"},{"taxonomy":"product_tag","embeddable":true,"href":"https:\/\/wordpres55.paweltomczuk.pl\/index.php?rest_route=%2Fwp%2Fv2%2Fproduct_tag&post=10321"}],"curies":[{"name":"wp","href":"https:\/\/api.w.org\/{rel}","templated":true}]}}