{"id":10324,"date":"2023-04-15T23:08:27","date_gmt":"2023-04-15T23:08:27","guid":{"rendered":"https:\/\/wordpres55.paweltomczuk.pl\/?post_type=product&#038;p=10324"},"modified":"2024-07-27T12:40:45","modified_gmt":"2024-07-27T12:40:45","slug":"dolina-nidy-klej-gipsowy-do-plyt-gk-t-25kg","status":"publish","type":"product","link":"https:\/\/wordpres55.paweltomczuk.pl\/?product=dolina-nidy-klej-gipsowy-do-plyt-gk-t-25kg","title":{"rendered":"DOLINA NIDY KLEJ GIPSOWY DO P\u0141YT GK T 25KG"},"content":{"rendered":"<p>Parametry:<\/p>\n<ul>\n<li>do przyklejania p\u0142yt gipsowo-kartonowych oraz p\u0142yt zespolonych do izolacji cieplnej \/ akustycznej do \u015bcian wewn\u0105trz budynk\u00f3w. Uwaga &#8211; na sufitach zalecany jest monta\u017c na ruszcie<\/li>\n<li>do wype\u0142niania miejscowych ubytk\u00f3w pod\u0142o\u017ca o g\u0142\u0119boko\u015bci do 20 mm<\/li>\n<li>do stosowania na pod\u0142o\u017cach kt\u00f3re mog\u0105 stanowi\u0107 powierzchnie z cegie\u0142, bloczk\u00f3w, pustak\u00f3w lub innych element\u00f3w ceramicznych, wapienno-piaskowych, betonu i betonu kom\u00f3rkowego<\/li>\n<li>dost\u0119pne opakowania &#8211; worki papierowe: 10 kg, 20 kg, 22,5 kg, 25 kg<\/li>\n<\/ul>\n<p>G\u0142\u00f3wne w\u0142a\u015bciwo\u015bci<\/p>\n<ul>\n<li>klej gipsowy produkowany na bazie naturalnych spoiw gipsowych uzyskiwanych w wyniku pra\u017cenia kamienia gipsowego, zawiera wype\u0142niacze mineralne oraz komponenty powoduj\u0105ce, \u017ce masa gipsowa jest plastyczna i bardzo \u0142atwa w obr\u00f3bce<\/li>\n<li>bardzo wysoka wytrzyma\u0142o\u015b\u0107 po\u0142\u0105czenia klejowego \u2013 zapewnia trwa\u0142e i mocne po\u0142\u0105czenie p\u0142yt gipsowo-kartonowych z pod\u0142o\u017cem<\/li>\n<li>korzystne parametry robocze &#8211; klej jest \u0142atwy do nak\u0142adania, a podczas ustawiania i dociskania p\u0142yt \u0142atwo dopasowuje si\u0119 do kszta\u0142tu i nier\u00f3wno\u015bci pod\u0142o\u017ca<\/li>\n<li>wyd\u0142u\u017cony czas wi\u0105zania \u2013 zapewnia wygodn\u0105 prac\u0119 oraz mo\u017cliwo\u015b\u0107 swobodnego ustawienia i skorygowania ka\u017cdej p\u0142yty do oczekiwanego po\u0142o\u017cenia ko\u0144cowego<\/li>\n<li>niski skurcz po utwardzeniu kleju \u2013 brak wewn\u0119trznych odkszta\u0142ce\u0144 i napr\u0119\u017ce\u0144 w warstwie po\u0142\u0105czenia klejowego zapewnia wysok\u0105 stabilno\u015b\u0107 po\u0142\u0105czenia<\/li>\n<\/ul>\n<h3><u><br \/>\nG\u0142\u00f3wne parametry<\/u><\/h3>\n<ul>\n<li>grubo\u015b\u0107 warstwy: 5 &#8211; 20 mm<\/li>\n<\/ul>\n","protected":false},"excerpt":{"rendered":"<h3>Najwa\u017cniejsze cechy<\/h3>\n<ul>\n<li>do mocowania p\u0142yt g-k<\/li>\n<li>doskona\u0142a przyczepno\u015b\u0107 do pod\u0142o\u017ca<\/li>\n<li>optymalnie dobrany czas wi\u0105zania<\/li>\n<li>wysoka wytrzyma\u0142o\u015b\u0107<\/li>\n<\/ul>\n<h3><u>Najwa\u017cniejsze cechy<\/u><\/h3>\n<ul>\n<li>do mocowania p\u0142yt g-k<\/li>\n<li>doskona\u0142a przyczepno\u015b\u0107 do pod\u0142o\u017ca<\/li>\n<li>optymalnie dobrany czas wi\u0105zania<\/li>\n<li>wysoka wytrzyma\u0142o\u015b\u0107<\/li>\n<\/ul>\n<h3><u>Zu\u017cycie: \u015arednio zu\u017cywa si\u0119 ok. 2,5 \u2013 5,0 kg na 1m2, w zale\u017cno\u015bci od stopnia r\u00f3wno\u015bci pod\u0142o\u017ca i przyj\u0119tej metody klejenia.<\/u><\/h3>\n<p><strong>Cena: 23,90 z\u0142\/szt.<\/strong><\/p>\n","protected":false},"featured_media":12622,"template":"","meta":[],"product_cat":[76],"product_tag":[],"class_list":{"0":"post-10324","1":"product","2":"type-product","3":"status-publish","4":"has-post-thumbnail","6":"product_cat-kleje","8":"first","9":"instock","10":"taxable","11":"shipping-taxable","12":"purchasable","13":"product-type-simple"},"_links":{"self":[{"href":"https:\/\/wordpres55.paweltomczuk.pl\/index.php?rest_route=\/wp\/v2\/product\/10324","targetHints":{"allow":["GET"]}}],"collection":[{"href":"https:\/\/wordpres55.paweltomczuk.pl\/index.php?rest_route=\/wp\/v2\/product"}],"about":[{"href":"https:\/\/wordpres55.paweltomczuk.pl\/index.php?rest_route=\/wp\/v2\/types\/product"}],"version-history":[{"count":2,"href":"https:\/\/wordpres55.paweltomczuk.pl\/index.php?rest_route=\/wp\/v2\/product\/10324\/revisions"}],"predecessor-version":[{"id":10327,"href":"https:\/\/wordpres55.paweltomczuk.pl\/index.php?rest_route=\/wp\/v2\/product\/10324\/revisions\/10327"}],"wp:featuredmedia":[{"embeddable":true,"href":"https:\/\/wordpres55.paweltomczuk.pl\/index.php?rest_route=\/wp\/v2\/media\/12622"}],"wp:attachment":[{"href":"https:\/\/wordpres55.paweltomczuk.pl\/index.php?rest_route=%2Fwp%2Fv2%2Fmedia&parent=10324"}],"wp:term":[{"taxonomy":"product_cat","embeddable":true,"href":"https:\/\/wordpres55.paweltomczuk.pl\/index.php?rest_route=%2Fwp%2Fv2%2Fproduct_cat&post=10324"},{"taxonomy":"product_tag","embeddable":true,"href":"https:\/\/wordpres55.paweltomczuk.pl\/index.php?rest_route=%2Fwp%2Fv2%2Fproduct_tag&post=10324"}],"curies":[{"name":"wp","href":"https:\/\/api.w.org\/{rel}","templated":true}]}}