{"id":10331,"date":"2023-04-15T23:12:58","date_gmt":"2023-04-15T23:12:58","guid":{"rendered":"https:\/\/wordpres55.paweltomczuk.pl\/?post_type=product&#038;p=10331"},"modified":"2024-07-27T12:39:36","modified_gmt":"2024-07-27T12:39:36","slug":"mapei-zaprawa-wyrownujaca-nivoplan-plus-25kg","status":"publish","type":"product","link":"https:\/\/wordpres55.paweltomczuk.pl\/?product=mapei-zaprawa-wyrownujaca-nivoplan-plus-25kg","title":{"rendered":"MAPEI ZAPRAWA WYR\u00d3WNUJ\u0104CA NIVOPLAN PLUS 25KG"},"content":{"rendered":"<p>Dane techniczne<\/p>\n<p>Maksymalny czas u\u017cytkowania: 2 godziny.<\/p>\n<p>Grubo\u015b\u0107 nak\u0142adanej warstwy: od 3 do 50 mm.<\/p>\n<p>Czas oczekiwania przed monta\u017cem ok\u0142adzin: min. 5 godzin \u2014 zale\u017cny od grubo\u015bci warstwy i rodzaju pod\u0142o\u017ca.<\/p>\n<p>Kolor: szary.<\/p>\n<p>Nak\u0142adanie: pac\u0105 metalow\u0105.<\/p>\n<p>Przechowywanie: 12 miesi\u0119cy.<\/p>\n<p>Zu\u017cycie: 1,4 kg\/m2 na 1 mm grubo\u015bci warstwy.<\/p>\n<p>Opakowania &#8211; worki 25 kg.<\/p>\n<p>Ilo\u015b\u0107 na palecie \u2013 50 szt.<\/p>\n","protected":false},"excerpt":{"rendered":"<p>Cementowa zaprawa wyr\u00f3wnuj\u0105ca przeznaczona do \u015bcian i pod\u0142\u00f3g wewn\u0105trz i na zewn\u0105trz budynk\u00f3w, do stosowania w warstwach od 3 do 50 mm.<\/p>\n<p>Nivoplan Plus stosowany jest do wyr\u00f3wnywania nier\u00f3wnych powierzchni \u015bcian (odbiegaj\u0105cych od pionu, chropowatych lub zniszczonych) oraz powierzchni mur\u00f3w z ceg\u0142y lub bloczk\u00f3w betonowych \u2014 przed uk\u0142adaniem p\u0142ytek ceramicznych. Mo\u017ce by\u0107 stosowany na wszelkiego rodzaju tradycyjnych pod\u0142o\u017cach, takich jak: beton, tynk cementowy, tynk cementowo-wapienny, podk\u0142ady cementowe itp. W celu zwi\u0119kszenia przyczepno\u015bci zaprawy, w przypadku stosowania warstw o ma\u0142ej grubo\u015bci, nale\u017cy j\u0105 zmodyfikowa\u0107 poprzez dodanie do wody zarobowej 1 l emulsji syntetycznej Planicrete na ka\u017cde opakowanie Nivoplanu Plus (25 kg).<\/p>\n","protected":false},"featured_media":12661,"template":"","meta":[],"product_cat":[76],"product_tag":[],"class_list":{"0":"post-10331","1":"product","2":"type-product","3":"status-publish","4":"has-post-thumbnail","6":"product_cat-kleje","8":"first","9":"instock","10":"taxable","11":"shipping-taxable","12":"purchasable","13":"product-type-simple"},"_links":{"self":[{"href":"https:\/\/wordpres55.paweltomczuk.pl\/index.php?rest_route=\/wp\/v2\/product\/10331","targetHints":{"allow":["GET"]}}],"collection":[{"href":"https:\/\/wordpres55.paweltomczuk.pl\/index.php?rest_route=\/wp\/v2\/product"}],"about":[{"href":"https:\/\/wordpres55.paweltomczuk.pl\/index.php?rest_route=\/wp\/v2\/types\/product"}],"version-history":[{"count":2,"href":"https:\/\/wordpres55.paweltomczuk.pl\/index.php?rest_route=\/wp\/v2\/product\/10331\/revisions"}],"predecessor-version":[{"id":12868,"href":"https:\/\/wordpres55.paweltomczuk.pl\/index.php?rest_route=\/wp\/v2\/product\/10331\/revisions\/12868"}],"wp:featuredmedia":[{"embeddable":true,"href":"https:\/\/wordpres55.paweltomczuk.pl\/index.php?rest_route=\/wp\/v2\/media\/12661"}],"wp:attachment":[{"href":"https:\/\/wordpres55.paweltomczuk.pl\/index.php?rest_route=%2Fwp%2Fv2%2Fmedia&parent=10331"}],"wp:term":[{"taxonomy":"product_cat","embeddable":true,"href":"https:\/\/wordpres55.paweltomczuk.pl\/index.php?rest_route=%2Fwp%2Fv2%2Fproduct_cat&post=10331"},{"taxonomy":"product_tag","embeddable":true,"href":"https:\/\/wordpres55.paweltomczuk.pl\/index.php?rest_route=%2Fwp%2Fv2%2Fproduct_tag&post=10331"}],"curies":[{"name":"wp","href":"https:\/\/api.w.org\/{rel}","templated":true}]}}