{"id":10340,"date":"2023-04-15T23:16:30","date_gmt":"2023-04-15T23:16:30","guid":{"rendered":"https:\/\/wordpres55.paweltomczuk.pl\/?post_type=product&#038;p=10340"},"modified":"2024-07-27T12:36:33","modified_gmt":"2024-07-27T12:36:33","slug":"zaprawa-klejaca-do-styropianu-ceresit-25-kg","status":"publish","type":"product","link":"https:\/\/wordpres55.paweltomczuk.pl\/?product=zaprawa-klejaca-do-styropianu-ceresit-25-kg","title":{"rendered":"Zaprawa klej\u0105ca do styropianu Ceresit 25 kg"},"content":{"rendered":"<p>Producent: Ceresit<\/p>\n<p>Opakowanie: 25 kg<\/p>\n<p>Zu\u017cycie: ok. 5kg\/m2<\/p>\n<p>Czas zu\u017cycia: do 90 min<\/p>\n<p>Ilo\u015b\u0107 na palecie: 50 szt.<\/p>\n<h2>W\u0141A\u015aCIWO\u015aCI:<\/h2>\n<ul>\n<li>ekonomiczna w u\u017cyciu<\/li>\n<li>dobra przyczepno\u015b\u0107<\/li>\n<li>odporna na warunki atmosferyczne<\/li>\n<li>mo\u017cliwo\u015b\u0107 aplikacji maszynowej<\/li>\n<li>r\u00f3wnie\u017c do styropianu grafitowego<\/li>\n<\/ul>\n<h2>PRZYGOTOWANIE POD\u0141O\u017bA:<\/h2>\n<p>Zaprawa Ceresit ZS ma dobr\u0105 przyczepno\u015b\u0107 do pod\u0142o\u017cy no\u015bnych, zwartych, suchych np. powierzchni mur\u00f3w, tynk\u00f3w i beton\u00f3w wolnych od substancji obni\u017caj\u0105cych przyczepno\u015b\u0107 (takich jak t\u0142uszcze, bitumy, py\u0142y). Nale\u017cy sprawdzi\u0107 przyczepno\u015b\u0107 istniej\u0105cych tynk\u00f3w i pow\u0142ok malarskich. \u201eG\u0142uche\u201d tynki trzeba odku\u0107. Ubytki i nier\u00f3wno\u015bci pod\u0142o\u017ca nale\u017cy wyr\u00f3wna\u0107. Zabrudzenia, resztki substancji antyadhezyjnych, paroszczelne pow\u0142oki malarskie i pow\u0142oki o niskiej przyczepno\u015bci do pod\u0142o\u017ca nale\u017cy usun\u0105\u0107 ca\u0142kowicie, np. za pomoc\u0105 myjek ci\u015bnieniowych. Miejsca b\u0119d\u0105ce siedliskiem mch\u00f3w i glon\u00f3w nale\u017cy oczy\u015bci\u0107 szczotkami stalowymi, a nast\u0119pnie nasyci\u0107 roztworem preparatu grzybob\u00f3jczego Ceresit CT 99, zgodnie z jego instrukcj\u0105 techniczn\u0105. Stare, nieotynkowane mury, odpowiednio mocne tynki i pow\u0142oki malarskie nale\u017cy obmie\u015b\u0107 z kurzu, a potem zmy\u0107 wod\u0105 pod ci\u015bnieniem z\u00a0dodatkiem \u015brodka do usuwania zanieczyszcze\u0144 CT 98 i pozostawi\u0107 do ca\u0142kowitego wyschni\u0119cia.<\/p>\n<p>Pod\u0142o\u017ca o du\u017cej nasi\u0105kliwo\u015bci, np. mury z bloczk\u00f3w gazobetonowych czy silikatowych, nale\u017cy obficie zagruntowa\u0107 preparatem Ceresit CT 17 i pozostawi\u0107 do wyschni\u0119cia, przez co najmniej 2 godziny. Przed przyklejeniem p\u0142yt styropianowych nale\u017cy sprawdzi\u0107 przyczepno\u015b\u0107 zaprawy do przygotowanego pod\u0142o\u017ca poprzez przyklejenie kostek styropianu 10 x 10 cm w kilku miejscach i r\u0119czne ich odrywanie po 4\u20137 dniach. No\u015bno\u015b\u0107 pod\u0142o\u017ca jest wystarczaj\u0105ca wtedy, gdy rozerwanie nast\u0119puje w styropianie.<\/p>\n","protected":false},"excerpt":{"rendered":"<p>Zaprawa klej\u0105ca Ceresit ZS s\u0142u\u017cy do przyklejania p\u0142yt styropianowych EPS i XPS w z\u0142o\u017conych systemach ocieplania \u015bcian zewn\u0119trznych (ETICS) budynk\u00f3w metod\u0105 lekk\u0105-mokr\u0105 Ceresit Ceretherm. Jest odpowiednia zar\u00f3wno do obiekt\u00f3w nowo wznoszonych, jak i poddawanych termorenowacji. Przyklejone zapraw\u0105 p\u0142yty wymagaj\u0105 dodatkowego mocowania \u0142\u0105cznikami mechanicznymi tj. odpowiednimi ko\u0142kami rozpr\u0119\u017cnymi z tworzywa sztucznego. Do wykonywania na p\u0142ytach styropianowych warstwy zbrojonej siatk\u0105 z w\u0142\u00f3kna szklanego nale\u017cy stosowa\u0107 zapraw\u0119 Ceresit ZU, CT 85 lub CT 100.<\/p>\n","protected":false},"featured_media":12598,"template":"","meta":[],"product_cat":[85],"product_tag":[],"class_list":{"0":"post-10340","1":"product","2":"type-product","3":"status-publish","4":"has-post-thumbnail","6":"product_cat-elewacja-zewnetrzna","8":"first","9":"instock","10":"taxable","11":"shipping-taxable","12":"purchasable","13":"product-type-simple"},"_links":{"self":[{"href":"https:\/\/wordpres55.paweltomczuk.pl\/index.php?rest_route=\/wp\/v2\/product\/10340","targetHints":{"allow":["GET"]}}],"collection":[{"href":"https:\/\/wordpres55.paweltomczuk.pl\/index.php?rest_route=\/wp\/v2\/product"}],"about":[{"href":"https:\/\/wordpres55.paweltomczuk.pl\/index.php?rest_route=\/wp\/v2\/types\/product"}],"version-history":[{"count":2,"href":"https:\/\/wordpres55.paweltomczuk.pl\/index.php?rest_route=\/wp\/v2\/product\/10340\/revisions"}],"predecessor-version":[{"id":12866,"href":"https:\/\/wordpres55.paweltomczuk.pl\/index.php?rest_route=\/wp\/v2\/product\/10340\/revisions\/12866"}],"wp:featuredmedia":[{"embeddable":true,"href":"https:\/\/wordpres55.paweltomczuk.pl\/index.php?rest_route=\/wp\/v2\/media\/12598"}],"wp:attachment":[{"href":"https:\/\/wordpres55.paweltomczuk.pl\/index.php?rest_route=%2Fwp%2Fv2%2Fmedia&parent=10340"}],"wp:term":[{"taxonomy":"product_cat","embeddable":true,"href":"https:\/\/wordpres55.paweltomczuk.pl\/index.php?rest_route=%2Fwp%2Fv2%2Fproduct_cat&post=10340"},{"taxonomy":"product_tag","embeddable":true,"href":"https:\/\/wordpres55.paweltomczuk.pl\/index.php?rest_route=%2Fwp%2Fv2%2Fproduct_tag&post=10340"}],"curies":[{"name":"wp","href":"https:\/\/api.w.org\/{rel}","templated":true}]}}