{"id":10343,"date":"2023-04-15T23:17:14","date_gmt":"2023-04-15T23:17:14","guid":{"rendered":"https:\/\/wordpres55.paweltomczuk.pl\/?post_type=product&#038;p=10343"},"modified":"2024-07-27T12:34:52","modified_gmt":"2024-07-27T12:34:52","slug":"rigips-masa-szpachlowa-rigips-finisz-worek-25kg","status":"publish","type":"product","link":"https:\/\/wordpres55.paweltomczuk.pl\/?product=rigips-masa-szpachlowa-rigips-finisz-worek-25kg","title":{"rendered":"RIGIPS MASA SZPACHLOWA RIGIPS FINISZ WOREK 25KG"},"content":{"rendered":"<p>Opakowanie: 25kg<\/p>\n<p>Ilo\u015b\u0107 na palecie: 50 szt.<\/p>\n","protected":false},"excerpt":{"rendered":"<p>Do ostatecznego wyg\u0142adzania po\u0142\u0105cze\u0144 p\u0142yt gipsowo-kartonowych zgodnie ze standardem. Mo\u017ce by\u0107 r\u00f3wnie\u017c stosowana do wyg\u0142adzania tynk\u00f3w gipsowych, tynk\u00f3w cementowo-wapiennych oraz \u015bcian z bloczk\u00f3w gipsowych.<\/p>\n","protected":false},"featured_media":12617,"template":"","meta":[],"product_cat":[77],"product_tag":[],"class_list":{"0":"post-10343","1":"product","2":"type-product","3":"status-publish","4":"has-post-thumbnail","6":"product_cat-gipsy-gladz","8":"first","9":"instock","10":"taxable","11":"shipping-taxable","12":"purchasable","13":"product-type-simple"},"_links":{"self":[{"href":"https:\/\/wordpres55.paweltomczuk.pl\/index.php?rest_route=\/wp\/v2\/product\/10343","targetHints":{"allow":["GET"]}}],"collection":[{"href":"https:\/\/wordpres55.paweltomczuk.pl\/index.php?rest_route=\/wp\/v2\/product"}],"about":[{"href":"https:\/\/wordpres55.paweltomczuk.pl\/index.php?rest_route=\/wp\/v2\/types\/product"}],"version-history":[{"count":2,"href":"https:\/\/wordpres55.paweltomczuk.pl\/index.php?rest_route=\/wp\/v2\/product\/10343\/revisions"}],"predecessor-version":[{"id":12865,"href":"https:\/\/wordpres55.paweltomczuk.pl\/index.php?rest_route=\/wp\/v2\/product\/10343\/revisions\/12865"}],"wp:featuredmedia":[{"embeddable":true,"href":"https:\/\/wordpres55.paweltomczuk.pl\/index.php?rest_route=\/wp\/v2\/media\/12617"}],"wp:attachment":[{"href":"https:\/\/wordpres55.paweltomczuk.pl\/index.php?rest_route=%2Fwp%2Fv2%2Fmedia&parent=10343"}],"wp:term":[{"taxonomy":"product_cat","embeddable":true,"href":"https:\/\/wordpres55.paweltomczuk.pl\/index.php?rest_route=%2Fwp%2Fv2%2Fproduct_cat&post=10343"},{"taxonomy":"product_tag","embeddable":true,"href":"https:\/\/wordpres55.paweltomczuk.pl\/index.php?rest_route=%2Fwp%2Fv2%2Fproduct_tag&post=10343"}],"curies":[{"name":"wp","href":"https:\/\/api.w.org\/{rel}","templated":true}]}}