{"id":10347,"date":"2023-04-15T23:18:32","date_gmt":"2023-04-15T23:18:32","guid":{"rendered":"https:\/\/wordpres55.paweltomczuk.pl\/?post_type=product&#038;p=10347"},"modified":"2024-07-27T12:33:28","modified_gmt":"2024-07-27T12:33:28","slug":"bezpylowa-gladz-szpachlowa-20-kg-cekol-f-16","status":"publish","type":"product","link":"https:\/\/wordpres55.paweltomczuk.pl\/?product=bezpylowa-gladz-szpachlowa-20-kg-cekol-f-16","title":{"rendered":"BEZPY\u0141OWA G\u0141AD\u0179 SZPACHLOWA 20 KG CEKOL F 16"},"content":{"rendered":"<h3><u>Cechy i zalety:<\/u><\/h3>\n<ul>\n<li>Kolor: bia\u0142y<\/li>\n<li>Ilo\u015b\u0107 warstw: 1<\/li>\n<li>Nak\u0142adanie: r\u0119cznie, maszynowo<\/li>\n<li>Czas gotowo\u015bci do pracy (min.) bez ogranicze\u0144<\/li>\n<li>grubo\u015b\u0107 warstwy (mm) 3<\/li>\n<li>\u015arednie zu\u017cycie (kg\/m2\/1mm) 1,5<\/li>\n<li>Okres wa\u017cno\u015bci po otwarciu 3 miesi\u0105ce<\/li>\n<li>Temperatura stosowania +5 \u00b0C do +30\u00b0C<\/li>\n<li>Reakcja na ogie\u0144 &#8211; F<\/li>\n<\/ul>\n","protected":false},"excerpt":{"rendered":"<h2>G\u0142ad\u017a szpachlowa Finisz F-16, 20kg<\/h2>\n<p>Gotowa do u\u017cycia bezpy\u0142owa g\u0142ad\u017a szpachlowa marki Cekol do obr\u00f3bki metod\u0105 na mokro. Charakteryzuje si\u0119 du\u017c\u0105 przyczepno\u015bci\u0105 do pod\u0142o\u017ca. Mo\u017cna j\u0105 stosowa\u0107 bez gruntowania powierzchni. Do nak\u0142adania w warstwie do 3 mm. Mo\u017cna malowa\u0107 wszystkimi rodzajami farb.<\/p>\n<p>&nbsp;<\/p>\n<p>&nbsp;<\/p>\n","protected":false},"featured_media":12608,"template":"","meta":[],"product_cat":[77],"product_tag":[],"class_list":{"0":"post-10347","1":"product","2":"type-product","3":"status-publish","4":"has-post-thumbnail","6":"product_cat-gipsy-gladz","8":"first","9":"instock","10":"taxable","11":"shipping-taxable","12":"purchasable","13":"product-type-simple"},"_links":{"self":[{"href":"https:\/\/wordpres55.paweltomczuk.pl\/index.php?rest_route=\/wp\/v2\/product\/10347","targetHints":{"allow":["GET"]}}],"collection":[{"href":"https:\/\/wordpres55.paweltomczuk.pl\/index.php?rest_route=\/wp\/v2\/product"}],"about":[{"href":"https:\/\/wordpres55.paweltomczuk.pl\/index.php?rest_route=\/wp\/v2\/types\/product"}],"version-history":[{"count":2,"href":"https:\/\/wordpres55.paweltomczuk.pl\/index.php?rest_route=\/wp\/v2\/product\/10347\/revisions"}],"predecessor-version":[{"id":10363,"href":"https:\/\/wordpres55.paweltomczuk.pl\/index.php?rest_route=\/wp\/v2\/product\/10347\/revisions\/10363"}],"wp:featuredmedia":[{"embeddable":true,"href":"https:\/\/wordpres55.paweltomczuk.pl\/index.php?rest_route=\/wp\/v2\/media\/12608"}],"wp:attachment":[{"href":"https:\/\/wordpres55.paweltomczuk.pl\/index.php?rest_route=%2Fwp%2Fv2%2Fmedia&parent=10347"}],"wp:term":[{"taxonomy":"product_cat","embeddable":true,"href":"https:\/\/wordpres55.paweltomczuk.pl\/index.php?rest_route=%2Fwp%2Fv2%2Fproduct_cat&post=10347"},{"taxonomy":"product_tag","embeddable":true,"href":"https:\/\/wordpres55.paweltomczuk.pl\/index.php?rest_route=%2Fwp%2Fv2%2Fproduct_tag&post=10347"}],"curies":[{"name":"wp","href":"https:\/\/api.w.org\/{rel}","templated":true}]}}