{"id":10349,"date":"2023-04-15T23:19:19","date_gmt":"2023-04-15T23:19:19","guid":{"rendered":"https:\/\/wordpres55.paweltomczuk.pl\/?post_type=product&#038;p=10349"},"modified":"2024-07-27T12:32:33","modified_gmt":"2024-07-27T12:32:33","slug":"bezpylowa-gladz-szpachlowa-gs-250-20kg-cekol","status":"publish","type":"product","link":"https:\/\/wordpres55.paweltomczuk.pl\/?product=bezpylowa-gladz-szpachlowa-gs-250-20kg-cekol","title":{"rendered":"BEZPY\u0141OWA G\u0141AD\u0179 SZPACHLOWA GS-250 20KG CEKOL"},"content":{"rendered":"<h2>Parametry techniczne<\/h2>\n<p>&nbsp;<\/p>\n<ul>\n<li><strong>Waga transport (kg) : <\/strong>20<\/li>\n<li><strong>Wysoko\u015b\u0107 transport (cm) : <\/strong>15<\/li>\n<li><strong>Zastosowanie : <\/strong>bezpy\u0142owe wykonywanie g\u0142adzi z obr\u00f3bk\u0105 \u201ena mokro\u201d na \u015bcianach i sufitach; wewn\u0105trz budynk\u00f3w<\/li>\n<li><strong>W\u0142a\u015bciwo\u015bci : <\/strong>bardzo dobra przyczepno\u015b\u0107; do obr\u00f3bki na mokro lub sucho; mo\u017cliwo\u015b\u0107 nak\u0142adania mokro na mokro; grubo\u015b\u0107 warstwy 1-10 mm<\/li>\n<li><strong>Zu\u017cycie :<\/strong> 1,5 kg na 1 m2 przy grubo\u015bci warstwy 1 mm<\/li>\n<li><strong>Opakowanie : <\/strong>20 kg<\/li>\n<\/ul>\n","protected":false},"excerpt":{"rendered":"<p>G\u0142ad\u017a szpachlowa Cekol GS-250 to produkt bardzo dobrej jako\u015bci, co chwal\u0105 sobie klienci, kt\u00f3rzy ju\u017c z niego skorzystali. Co wa\u017cne, wspomniana g\u0142ad\u017a szpachlowa jest bezpy\u0142owa, wi\u0119c nie musimy martwi\u0107 si\u0119 ju\u017c o to, \u017ce rezultaty naszej pracy oka\u017c\u0105 si\u0119 nie takie jak to sobie wyobrazili\u015bmy. Nie musimy ju\u017c obawia\u0107 si\u0119 opryskiwania. G\u0142ad\u017a szpachlowa Cekol GS-250 sprawia, \u017ce praca staje si\u0119 bardziej wydajna. Zu\u017cycie wynosi od 1,5 kilograma na metr kwadratowy przy grubo\u015bci warstwy jednego milimetra. Mo\u017cemy wi\u0119c uzna\u0107, \u017ce produkt ten pozwala nam na zrealizowanie sporej ilo\u015bci pracy i nie zu\u017cywa si\u0119 wcale szybko. Dodatkowo jest ona tak\u017ce bardzo wytrzyma\u0142a i odporna. Nie musimy ju\u017c martwi\u0107 si\u0119 o to, \u017ce g\u0142ad\u017a szpachlowa, kt\u00f3rej u\u017cywamy oka\u017ce si\u0119 zawodna. Produkt ten zdoby\u0142 poparcie klient\u00f3w i ich aprobat\u0119. S\u0142u\u017cy ona do obr\u00f3bki na mokro oraz do nak\u0142adania r\u0119cznego oraz maszynowego. Mo\u017cemy jej u\u017cywa\u0107 na \u015bcianach i sufitach wewn\u0105trz budynk\u00f3w. Grubo\u015b\u0107 warstwy wynosi od 1 do 10 milimetr\u00f3w.<\/p>\n","protected":false},"featured_media":12609,"template":"","meta":[],"product_cat":[77],"product_tag":[],"class_list":{"0":"post-10349","1":"product","2":"type-product","3":"status-publish","4":"has-post-thumbnail","6":"product_cat-gipsy-gladz","8":"first","9":"instock","10":"taxable","11":"shipping-taxable","12":"purchasable","13":"product-type-simple"},"_links":{"self":[{"href":"https:\/\/wordpres55.paweltomczuk.pl\/index.php?rest_route=\/wp\/v2\/product\/10349","targetHints":{"allow":["GET"]}}],"collection":[{"href":"https:\/\/wordpres55.paweltomczuk.pl\/index.php?rest_route=\/wp\/v2\/product"}],"about":[{"href":"https:\/\/wordpres55.paweltomczuk.pl\/index.php?rest_route=\/wp\/v2\/types\/product"}],"version-history":[{"count":1,"href":"https:\/\/wordpres55.paweltomczuk.pl\/index.php?rest_route=\/wp\/v2\/product\/10349\/revisions"}],"predecessor-version":[{"id":10350,"href":"https:\/\/wordpres55.paweltomczuk.pl\/index.php?rest_route=\/wp\/v2\/product\/10349\/revisions\/10350"}],"wp:featuredmedia":[{"embeddable":true,"href":"https:\/\/wordpres55.paweltomczuk.pl\/index.php?rest_route=\/wp\/v2\/media\/12609"}],"wp:attachment":[{"href":"https:\/\/wordpres55.paweltomczuk.pl\/index.php?rest_route=%2Fwp%2Fv2%2Fmedia&parent=10349"}],"wp:term":[{"taxonomy":"product_cat","embeddable":true,"href":"https:\/\/wordpres55.paweltomczuk.pl\/index.php?rest_route=%2Fwp%2Fv2%2Fproduct_cat&post=10349"},{"taxonomy":"product_tag","embeddable":true,"href":"https:\/\/wordpres55.paweltomczuk.pl\/index.php?rest_route=%2Fwp%2Fv2%2Fproduct_tag&post=10349"}],"curies":[{"name":"wp","href":"https:\/\/api.w.org\/{rel}","templated":true}]}}