{"id":10351,"date":"2023-04-15T23:19:55","date_gmt":"2023-04-15T23:19:55","guid":{"rendered":"https:\/\/wordpres55.paweltomczuk.pl\/?post_type=product&#038;p=10351"},"modified":"2024-07-27T12:31:58","modified_gmt":"2024-07-27T12:31:58","slug":"gips-szpachlowy-stabill-pw-01","status":"publish","type":"product","link":"https:\/\/wordpres55.paweltomczuk.pl\/?product=gips-szpachlowy-stabill-pw-01","title":{"rendered":"Gips szpachlowy Stabill PW-01"},"content":{"rendered":"<p>Podwy\u017cszona twardo\u015b\u0107<\/p>\n<ul>\n<li>bardzo dobra przyczepno\u015b\u0107 do pod\u0142o\u017ca<\/li>\n<li>doskona\u0142e w\u0142a\u015bciwo\u015bci robocze<\/li>\n<li>wyj\u0105tkowo wytrzyma\u0142y<\/li>\n<li>wolnowi\u0105\u017c\u0105cy<\/li>\n<\/ul>\n<p>Gips szpachlowy Stabill PW-01 to sucha mieszanka gipsu, wype\u0142niaczy mineralnych i dodatk\u00f3w modyfikuj\u0105cych. Po rozrobieniu z wod\u0105, tworzy plastyczn\u0105 mas\u0119 o znakomitych w\u0142a\u015bciwo\u015bciach roboczych. Gips, cechuj\u0105cy si\u0119 \u015bwietn\u0105 przyczepno\u015bci\u0105 do pod\u0142o\u017ca oraz wytrzyma\u0142o\u015bci\u0105, doskonale sprawdzi si\u0119 do wyr\u00f3wnywania \u015bcian lub sufit\u00f3w. Wykorzystasz go te\u017c do wype\u0142nienia p\u0119kni\u0119\u0107 i bruzd.<\/p>\n<p>&nbsp;<\/p>\n<p>Ilo\u015b\u0107 na palecie \u2013 50 szt.<\/p>\n","protected":false},"excerpt":{"rendered":"<p>Gips szpachlowy Stabill PW-01 przyda si\u0119 podczas prac remontowych i wyko\u0144czeniowych. Wolnowi\u0105\u017c\u0105cy gips, o podwy\u017cszonej twardo\u015bci, pos\u0142u\u017cy Ci do wyr\u00f3wnania pod\u0142o\u017ca mineralnego. Produkt cechuj\u0105 znakomita przyczepno\u015b\u0107 i wysoka wytrzyma\u0142o\u015b\u0107. Dzi\u0119ki temu doskonale sprawdzi si\u0119 on na r\u00f3\u017cnych powierzchniach. Gips zastosujesz zar\u00f3wno na betonie, tynkach cementowo-wapiennych i gipsowych, a tak\u017ce g\u0142adzi cementowej i gipsowej. Gips pomo\u017ce Ci przygotowa\u0107 powierzchni\u0119 przed po\u0142o\u017ceniem produkt\u00f3w finiszowych. Przy jego pomocy uzupe\u0142nisz ubytki i p\u0119kni\u0119cia na \u015bcianach oraz sufitach. Mo\u017cesz go te\u017c zastosowa\u0107 jako substancj\u0119 do spoinowania p\u0142yt gipsowo-kartonowych z u\u017cyciem ta\u015bmy zbroj\u0105cej. Gips szpachlowy Stabill PW-01 jest przeznaczony do r\u0119cznej aplikacji. Nale\u017cy go nak\u0142ada\u0107 na odpowiednio przygotowane pod\u0142o\u017ce.<\/p>\n","protected":false},"featured_media":12612,"template":"","meta":[],"product_cat":[77],"product_tag":[],"class_list":{"0":"post-10351","1":"product","2":"type-product","3":"status-publish","4":"has-post-thumbnail","6":"product_cat-gipsy-gladz","8":"first","9":"instock","10":"taxable","11":"shipping-taxable","12":"purchasable","13":"product-type-simple"},"_links":{"self":[{"href":"https:\/\/wordpres55.paweltomczuk.pl\/index.php?rest_route=\/wp\/v2\/product\/10351","targetHints":{"allow":["GET"]}}],"collection":[{"href":"https:\/\/wordpres55.paweltomczuk.pl\/index.php?rest_route=\/wp\/v2\/product"}],"about":[{"href":"https:\/\/wordpres55.paweltomczuk.pl\/index.php?rest_route=\/wp\/v2\/types\/product"}],"version-history":[{"count":2,"href":"https:\/\/wordpres55.paweltomczuk.pl\/index.php?rest_route=\/wp\/v2\/product\/10351\/revisions"}],"predecessor-version":[{"id":12256,"href":"https:\/\/wordpres55.paweltomczuk.pl\/index.php?rest_route=\/wp\/v2\/product\/10351\/revisions\/12256"}],"wp:featuredmedia":[{"embeddable":true,"href":"https:\/\/wordpres55.paweltomczuk.pl\/index.php?rest_route=\/wp\/v2\/media\/12612"}],"wp:attachment":[{"href":"https:\/\/wordpres55.paweltomczuk.pl\/index.php?rest_route=%2Fwp%2Fv2%2Fmedia&parent=10351"}],"wp:term":[{"taxonomy":"product_cat","embeddable":true,"href":"https:\/\/wordpres55.paweltomczuk.pl\/index.php?rest_route=%2Fwp%2Fv2%2Fproduct_cat&post=10351"},{"taxonomy":"product_tag","embeddable":true,"href":"https:\/\/wordpres55.paweltomczuk.pl\/index.php?rest_route=%2Fwp%2Fv2%2Fproduct_tag&post=10351"}],"curies":[{"name":"wp","href":"https:\/\/api.w.org\/{rel}","templated":true}]}}