{"id":10353,"date":"2023-04-15T23:20:29","date_gmt":"2023-04-15T23:20:29","guid":{"rendered":"https:\/\/wordpres55.paweltomczuk.pl\/?post_type=product&#038;p=10353"},"modified":"2024-07-27T12:31:20","modified_gmt":"2024-07-27T12:31:20","slug":"stabill-gladz-tynkowa-biala-pg-41-20-kg","status":"publish","type":"product","link":"https:\/\/wordpres55.paweltomczuk.pl\/?product=stabill-gladz-tynkowa-biala-pg-41-20-kg","title":{"rendered":"Stabill G\u0142ad\u017a tynkowa bia\u0142a PG-41 20 kg"},"content":{"rendered":"<h2>Zalety<\/h2>\n<p>G\u0142ad\u017a tynkowa Stabill zmniejsza czas i koszty malowania farbami. Wykonana za jej pomoc\u0105 powierzchnia tworzy g\u0142adkie pod\u0142o\u017ce o bia\u0142ej barwie, a dzi\u0119ki zastosowaniu w sk\u0142adzie odpowiednich spoiw i wype\u0142niaczy mineralnych g\u0142ad\u017a jest produktem ca\u0142kowicie ekologicznym. Stabill PG-41 to produkt w pe\u0142ni zgodny z Polsk\u0105 Norm\u0105 PN-EN 13279-1. To wysoka jako\u015b\u0107 w atrakcyjnej cenie.<\/p>\n<p>&nbsp;<\/p>\n<p>Ilo\u015b\u0107 na palecie \u2013 50 szt.<\/p>\n","protected":false},"excerpt":{"rendered":"<p>&nbsp;<\/p>\n<h2>Zastosowanie<\/h2>\n<p>G\u0142ad\u017a Stabill jest stosowana do pokrywania \u015bcian i sufit\u00f3w wewn\u0105trz pomieszcze\u0144. Nak\u0142ada si\u0119 cienk\u0105 warstw\u0119, co pozwala na osi\u0105gni\u0119cie bardzo g\u0142adkiej powierzchni. Idealnie nadaje si\u0119 na tynki cementowo-wapienne. Przy k\u0142adzeniu warstwy o grubo\u015bci 1 mm \u015brednie zu\u017cycie na 1 m2 powierzchni to 1 kg. Przed u\u017cyciem nale\u017cy zmiesza\u0107 j\u0105 z wod\u0105, aby stworzy\u0107 plastyczn\u0105 mas\u0119. Proporcje wynosz\u0105 0,45 l wody na 1 kg suchego proszku.<\/p>\n","protected":false},"featured_media":12618,"template":"","meta":[],"product_cat":[77],"product_tag":[],"class_list":{"0":"post-10353","1":"product","2":"type-product","3":"status-publish","4":"has-post-thumbnail","6":"product_cat-gipsy-gladz","8":"first","9":"instock","10":"taxable","11":"shipping-taxable","12":"purchasable","13":"product-type-simple"},"_links":{"self":[{"href":"https:\/\/wordpres55.paweltomczuk.pl\/index.php?rest_route=\/wp\/v2\/product\/10353","targetHints":{"allow":["GET"]}}],"collection":[{"href":"https:\/\/wordpres55.paweltomczuk.pl\/index.php?rest_route=\/wp\/v2\/product"}],"about":[{"href":"https:\/\/wordpres55.paweltomczuk.pl\/index.php?rest_route=\/wp\/v2\/types\/product"}],"version-history":[{"count":1,"href":"https:\/\/wordpres55.paweltomczuk.pl\/index.php?rest_route=\/wp\/v2\/product\/10353\/revisions"}],"predecessor-version":[{"id":10354,"href":"https:\/\/wordpres55.paweltomczuk.pl\/index.php?rest_route=\/wp\/v2\/product\/10353\/revisions\/10354"}],"wp:featuredmedia":[{"embeddable":true,"href":"https:\/\/wordpres55.paweltomczuk.pl\/index.php?rest_route=\/wp\/v2\/media\/12618"}],"wp:attachment":[{"href":"https:\/\/wordpres55.paweltomczuk.pl\/index.php?rest_route=%2Fwp%2Fv2%2Fmedia&parent=10353"}],"wp:term":[{"taxonomy":"product_cat","embeddable":true,"href":"https:\/\/wordpres55.paweltomczuk.pl\/index.php?rest_route=%2Fwp%2Fv2%2Fproduct_cat&post=10353"},{"taxonomy":"product_tag","embeddable":true,"href":"https:\/\/wordpres55.paweltomczuk.pl\/index.php?rest_route=%2Fwp%2Fv2%2Fproduct_tag&post=10353"}],"curies":[{"name":"wp","href":"https:\/\/api.w.org\/{rel}","templated":true}]}}