{"id":10355,"date":"2023-04-15T23:21:03","date_gmt":"2023-04-15T23:21:03","guid":{"rendered":"https:\/\/wordpres55.paweltomczuk.pl\/?post_type=product&#038;p=10355"},"modified":"2024-07-27T12:30:44","modified_gmt":"2024-07-27T12:30:44","slug":"gotowa-gladz-rapid-25-kg","status":"publish","type":"product","link":"https:\/\/wordpres55.paweltomczuk.pl\/?product=gotowa-gladz-rapid-25-kg","title":{"rendered":"Gotowa g\u0142ad\u017a Rapid 25 kg"},"content":{"rendered":"<p>Gotowa g\u0142ad\u017a Rapid 25 kg jest przeznaczona do prac wyko\u0144czeniowych na powierzchni sufitowej i \u015bciennej. Zosta\u0142a wykonana na bazie spoiw \u017cywicznych, wype\u0142niaczy mineralnych oraz dodatk\u00f3w modyfikuj\u0105cych. Masa cechuje si\u0119 doskona\u0142\u0105 przyczepno\u015bci\u0105 do pod\u0142o\u017ca oraz bardzo drobnym uziarnieniem. Udogodnieniem jest \u0142atwa aplikacja. G\u0142ad\u017a mo\u017ce by\u0107 nak\u0142adana w tradycyjny spos\u00f3b, czyli r\u0119cznie przy pomocy pacy. Niemniej do pracy mo\u017ce pos\u0142u\u017cy\u0107 r\u00f3wnie\u017c urz\u0105dzenie mechaniczne. Gotowa g\u0142ad\u017a Rapid ma \u015bnie\u017cnobia\u0142y kolor, co znacznie u\u0142atwia malowanie. Stosuj\u0105c j\u0105, uzyskasz g\u0142adk\u0105 powierzchni\u0119. Wystarcz\u0105 dwie warstwy, aby uzyska\u0107 estetyczny efekt. Atutem jest szybki czas schni\u0119cia preparatu, co przy\u015bpiesza prace malarskie na \u015bcianach.<\/p>\n<p>Specyfikacja:<\/p>\n<ul>\n<li>elastyczna i odporna na sp\u0119kania<\/li>\n<li>idealnie g\u0142adka powierzchnia<\/li>\n<li>\u0142atwo si\u0119 nak\u0142ada i szlifuje<\/li>\n<li>\u015bnie\u017cnobia\u0142a &#8211; u\u0142atwia malowanie<\/li>\n<\/ul>\n","protected":false},"excerpt":{"rendered":"<p>Gotowa g\u0142ad\u017a Rapid to produkt, kt\u00f3ry wyr\u00f3\u017cnia si\u0119 wysok\u0105 jako\u015bci\u0105. Jest niezwykle przydatny podczas prac wyko\u0144czeniowych. Ma elastyczn\u0105 formu\u0142\u0119 i jest odporny na sp\u0119kania. Dzi\u0119ki temu \u015bciana lub sufit pokryta materia\u0142em na d\u0142ugi czas zachowa swoje w\u0142a\u015bciwo\u015bci i w estetyczny spos\u00f3b b\u0119dzie trzyma\u0142 farb\u0119. Masa od razu po zakupie jest przeznaczona do u\u017cycia \u2013 nie ma konieczno\u015bci rozcie\u0144czania.<\/p>\n","protected":false},"featured_media":12614,"template":"","meta":[],"product_cat":[77],"product_tag":[],"class_list":{"0":"post-10355","1":"product","2":"type-product","3":"status-publish","4":"has-post-thumbnail","6":"product_cat-gipsy-gladz","8":"first","9":"instock","10":"taxable","11":"shipping-taxable","12":"purchasable","13":"product-type-simple"},"_links":{"self":[{"href":"https:\/\/wordpres55.paweltomczuk.pl\/index.php?rest_route=\/wp\/v2\/product\/10355","targetHints":{"allow":["GET"]}}],"collection":[{"href":"https:\/\/wordpres55.paweltomczuk.pl\/index.php?rest_route=\/wp\/v2\/product"}],"about":[{"href":"https:\/\/wordpres55.paweltomczuk.pl\/index.php?rest_route=\/wp\/v2\/types\/product"}],"version-history":[{"count":1,"href":"https:\/\/wordpres55.paweltomczuk.pl\/index.php?rest_route=\/wp\/v2\/product\/10355\/revisions"}],"predecessor-version":[{"id":10356,"href":"https:\/\/wordpres55.paweltomczuk.pl\/index.php?rest_route=\/wp\/v2\/product\/10355\/revisions\/10356"}],"wp:featuredmedia":[{"embeddable":true,"href":"https:\/\/wordpres55.paweltomczuk.pl\/index.php?rest_route=\/wp\/v2\/media\/12614"}],"wp:attachment":[{"href":"https:\/\/wordpres55.paweltomczuk.pl\/index.php?rest_route=%2Fwp%2Fv2%2Fmedia&parent=10355"}],"wp:term":[{"taxonomy":"product_cat","embeddable":true,"href":"https:\/\/wordpres55.paweltomczuk.pl\/index.php?rest_route=%2Fwp%2Fv2%2Fproduct_cat&post=10355"},{"taxonomy":"product_tag","embeddable":true,"href":"https:\/\/wordpres55.paweltomczuk.pl\/index.php?rest_route=%2Fwp%2Fv2%2Fproduct_tag&post=10355"}],"curies":[{"name":"wp","href":"https:\/\/api.w.org\/{rel}","templated":true}]}}