{"id":10517,"date":"2023-04-22T12:48:03","date_gmt":"2023-04-22T12:48:03","guid":{"rendered":"https:\/\/wordpres55.paweltomczuk.pl\/?post_type=product&#038;p=10517"},"modified":"2024-07-27T12:26:25","modified_gmt":"2024-07-27T12:26:25","slug":"plyta-osb-3-gr-22mm-625x2500mm-plyta-budowlana-pioro-wpust","status":"publish","type":"product","link":"https:\/\/wordpres55.paweltomczuk.pl\/?product=plyta-osb-3-gr-22mm-625x2500mm-plyta-budowlana-pioro-wpust","title":{"rendered":"P\u0142yta OSB 3 gr. 22mm 625x2500mm p\u0142yta budowlana pi\u00f3ro\/wpust"},"content":{"rendered":"<h3><u>Zastosowanie p\u0142yt OSB III:<\/u><\/h3>\n<ul>\n<li>konstruowanie \u015bcian, pod\u0142\u00f3g, dach\u00f3w, schod\u00f3w;<\/li>\n<li>we wn\u0119trzu budynku OSB sprawdzi si\u0119 jako element dekoracyjny, do tworzenia \u015bcian dzia\u0142owych, mebli;<\/li>\n<li>palety, skrzynie<\/li>\n<li>ogrodzenia, wiaty<\/li>\n<\/ul>\n<p>P\u0142yty OSB 3 charakteryzuje podwy\u017cszona odporno\u015b\u0107 na wilgo\u0107. Mo\u017cna je stosowa\u0107 jako pod\u0142o\u017ce do prac glazurniczych.<\/p>\n<p>Wymiary p\u0142yty: 625 mm x 2500 mm<\/p>\n<p>&nbsp;<\/p>\n<p>Ilo\u015b\u0107 na palecie \u2013 42 szt.<\/p>\n","protected":false},"excerpt":{"rendered":"<p>P\u0142yta OSB 3, ekologicznyw pe\u0142ni organiczny materia\u0142 budowlany.<\/p>\n<p>P\u0142yty budowlane OSB 3 o szerokim zastosowaniu w budownictwie. P\u0142yty o podwy\u017cszonej odporno\u015bci na wilgotno\u015b\u0107, a tak\u017ce zwi\u0119kszonej no\u015bno\u015bci i sztywno\u015bci.<\/p>\n<p>P\u0142yty o du\u017cej dok\u0142adno\u015bci wymiarowej. OSB charakteryzuje si\u0119 znaczn\u0105 elastyczno\u015bci\u0105 oraz odporno\u015bci\u0105 na uszkodzenia mechaniczne. Produkt \u0142atwo obrabialny, przy u\u017cyciu profesjonalnych jak i przydomowych narz\u0119dzi. Produkt w pe\u0142ni nadaj\u0105cy si\u0119 do recyklingu.<\/p>\n<p>Grubo\u015b\u0107:\u00a0 22 mm<\/p>\n<p>Cena za 1 szt.<\/p>\n","protected":false},"featured_media":12244,"template":"","meta":[],"product_cat":[84],"product_tag":[],"class_list":{"0":"post-10517","1":"product","2":"type-product","3":"status-publish","4":"has-post-thumbnail","6":"product_cat-plyty-osb","8":"first","9":"instock","10":"taxable","11":"shipping-taxable","12":"purchasable","13":"product-type-simple"},"_links":{"self":[{"href":"https:\/\/wordpres55.paweltomczuk.pl\/index.php?rest_route=\/wp\/v2\/product\/10517","targetHints":{"allow":["GET"]}}],"collection":[{"href":"https:\/\/wordpres55.paweltomczuk.pl\/index.php?rest_route=\/wp\/v2\/product"}],"about":[{"href":"https:\/\/wordpres55.paweltomczuk.pl\/index.php?rest_route=\/wp\/v2\/types\/product"}],"version-history":[{"count":2,"href":"https:\/\/wordpres55.paweltomczuk.pl\/index.php?rest_route=\/wp\/v2\/product\/10517\/revisions"}],"predecessor-version":[{"id":12861,"href":"https:\/\/wordpres55.paweltomczuk.pl\/index.php?rest_route=\/wp\/v2\/product\/10517\/revisions\/12861"}],"wp:featuredmedia":[{"embeddable":true,"href":"https:\/\/wordpres55.paweltomczuk.pl\/index.php?rest_route=\/wp\/v2\/media\/12244"}],"wp:attachment":[{"href":"https:\/\/wordpres55.paweltomczuk.pl\/index.php?rest_route=%2Fwp%2Fv2%2Fmedia&parent=10517"}],"wp:term":[{"taxonomy":"product_cat","embeddable":true,"href":"https:\/\/wordpres55.paweltomczuk.pl\/index.php?rest_route=%2Fwp%2Fv2%2Fproduct_cat&post=10517"},{"taxonomy":"product_tag","embeddable":true,"href":"https:\/\/wordpres55.paweltomczuk.pl\/index.php?rest_route=%2Fwp%2Fv2%2Fproduct_tag&post=10517"}],"curies":[{"name":"wp","href":"https:\/\/api.w.org\/{rel}","templated":true}]}}