{"id":10520,"date":"2023-04-24T19:48:57","date_gmt":"2023-04-24T19:48:57","guid":{"rendered":"https:\/\/wordpres55.paweltomczuk.pl\/?post_type=product&#038;p=10520"},"modified":"2024-07-27T12:25:40","modified_gmt":"2024-07-27T12:25:40","slug":"welna-mineralna-krauf-naturoll-039-pro","status":"publish","type":"product","link":"https:\/\/wordpres55.paweltomczuk.pl\/?product=welna-mineralna-krauf-naturoll-039-pro","title":{"rendered":"We\u0142na mineralna Krauf naturoll 039 PRO"},"content":{"rendered":"<p><a href=\"https:\/\/wordpres55.paweltomczuk.pl\/wp-content\/uploads\/2023\/05\/image-1.png\"><img fetchpriority=\"high\" decoding=\"async\" class=\"alignnone size-medium wp-image-12729\" src=\"https:\/\/wordpres55.paweltomczuk.pl\/wp-content\/uploads\/2023\/05\/image-1-400x227.png\" alt=\"\" width=\"400\" height=\"227\" srcset=\"https:\/\/wordpres55.paweltomczuk.pl\/wp-content\/uploads\/2023\/05\/image-1-400x227.png 400w, https:\/\/wordpres55.paweltomczuk.pl\/wp-content\/uploads\/2023\/05\/image-1-768x437.png 768w, https:\/\/wordpres55.paweltomczuk.pl\/wp-content\/uploads\/2023\/05\/image-1-860x489.png 860w, https:\/\/wordpres55.paweltomczuk.pl\/wp-content\/uploads\/2023\/05\/image-1-430x245.png 430w, https:\/\/wordpres55.paweltomczuk.pl\/wp-content\/uploads\/2023\/05\/image-1-700x398.png 700w, https:\/\/wordpres55.paweltomczuk.pl\/wp-content\/uploads\/2023\/05\/image-1-150x85.png 150w, https:\/\/wordpres55.paweltomczuk.pl\/wp-content\/uploads\/2023\/05\/image-1.png 902w\" sizes=\"(max-width: 400px) 100vw, 400px\" \/><\/a><\/p>\n","protected":false},"excerpt":{"rendered":"<p>We\u0142na mineralna Krauf naturoll 039 PRO to idealne rozwi\u0105zanie do ocieplenia Twojego domu. We\u0142na wrolce sprawdzi si\u0119 przy izolacji termicznej poddasza u\u017cytkowego, izolacji akustycznej \u015bcian dzia\u0142owych suchej zabudowy. We\u0142na o doskona\u0142ych w\u0142a\u015bciwo\u015bciach termoizolacyjnych i akustycznych.<\/p>\n<p>Opis produktu:<\/p>\n<p>We\u0142na mineralna NATUROLL 039 PRO o wsp\u00f3\u0142czynniku przewodzenia ciep\u0142a \u03bbD = 0,039 W\/mK (immniejsza warto\u015b\u0107 tym lepsza izolacja). Produkt o wysokiej ognioodporno\u015bci. Podwy\u017cszona sztywno\u015b\u0107 produktu usprawnia tworzenie konstrukcji termoizolacyjnej. We\u0142na KNAUF jest odporna na odkszta\u0142cenia.<\/p>\n<p>Specjalne oznaczenia na we\u0142nie u\u0142atwiaj\u0105ce ci\u0119cia, co zwi\u0119ksza szybko\u015b\u0107 i poziom wygody monta\u017cu. We\u0142na wyprodukowana w technologii ECOSE\u00ae Technology &#8211; mi\u0142a w dotyku, mniej pyl\u0105ca,bezzapachowa, \u0142atwa w obr\u00f3bce.<\/p>\n<p><strong>Przewodzenie ciep\u0142a \u03bb &#8211; 0,039.<\/strong><\/p>\n","protected":false},"featured_media":12621,"template":"","meta":[],"product_cat":[83],"product_tag":[],"class_list":{"0":"post-10520","1":"product","2":"type-product","3":"status-publish","4":"has-post-thumbnail","6":"product_cat-izolacja-welna","8":"first","9":"instock","10":"taxable","11":"shipping-taxable","12":"purchasable","13":"product-type-variable"},"_links":{"self":[{"href":"https:\/\/wordpres55.paweltomczuk.pl\/index.php?rest_route=\/wp\/v2\/product\/10520","targetHints":{"allow":["GET"]}}],"collection":[{"href":"https:\/\/wordpres55.paweltomczuk.pl\/index.php?rest_route=\/wp\/v2\/product"}],"about":[{"href":"https:\/\/wordpres55.paweltomczuk.pl\/index.php?rest_route=\/wp\/v2\/types\/product"}],"version-history":[{"count":3,"href":"https:\/\/wordpres55.paweltomczuk.pl\/index.php?rest_route=\/wp\/v2\/product\/10520\/revisions"}],"predecessor-version":[{"id":12761,"href":"https:\/\/wordpres55.paweltomczuk.pl\/index.php?rest_route=\/wp\/v2\/product\/10520\/revisions\/12761"}],"wp:featuredmedia":[{"embeddable":true,"href":"https:\/\/wordpres55.paweltomczuk.pl\/index.php?rest_route=\/wp\/v2\/media\/12621"}],"wp:attachment":[{"href":"https:\/\/wordpres55.paweltomczuk.pl\/index.php?rest_route=%2Fwp%2Fv2%2Fmedia&parent=10520"}],"wp:term":[{"taxonomy":"product_cat","embeddable":true,"href":"https:\/\/wordpres55.paweltomczuk.pl\/index.php?rest_route=%2Fwp%2Fv2%2Fproduct_cat&post=10520"},{"taxonomy":"product_tag","embeddable":true,"href":"https:\/\/wordpres55.paweltomczuk.pl\/index.php?rest_route=%2Fwp%2Fv2%2Fproduct_tag&post=10520"}],"curies":[{"name":"wp","href":"https:\/\/api.w.org\/{rel}","templated":true}]}}