{"id":10680,"date":"2023-05-15T19:39:07","date_gmt":"2023-05-15T19:39:07","guid":{"rendered":"https:\/\/wordpres55.paweltomczuk.pl\/?post_type=product&#038;p=10680"},"modified":"2024-07-27T12:21:31","modified_gmt":"2024-07-27T12:21:31","slug":"emulsja-podkladowa-sniezka-grunt-biala-10-l","status":"publish","type":"product","link":"https:\/\/wordpres55.paweltomczuk.pl\/?product=emulsja-podkladowa-sniezka-grunt-biala-10-l","title":{"rendered":"Emulsja podk\u0142adowa \u015anie\u017cka Grunt bia\u0142a 10 l"},"content":{"rendered":"","protected":false},"excerpt":{"rendered":"<p>Produkt marki \u015anie\u017cka to grunt, kt\u00f3ry umo\u017cliwi przygotowanie pod\u0142o\u017ca do nak\u0142adania kolejnych pow\u0142ok malarskich. Mo\u017ce by\u0107 z powodzeniem stosowany na takich powierzchniach jak zaprawy cementowe, cementowo-wapienne, drewno czy p\u0142yty gipsowo-kartonowe. Stosuj\u0105c tego rodzaju produkty podczas malowania \u015bcian, sprawisz, \u017ce prace przebiegn\u0105 znacznie szybciej, a ich efekt b\u0119dzie bardziej satysfakcjonuj\u0105cy. Produkt tworzy pow\u0142ok\u0119, kt\u00f3ra wyr\u00f3wnuje faktur\u0119 i kolor pod\u0142o\u017ca. W efekcie zwi\u0119ksza si\u0119 przyczepno\u015b\u0107 kolejnych warstw farby oraz zmniejsza jej zu\u017cycie. Aplikacja produktu jest bardzo prosta, wystarczy rozprowadzi\u0107 go na wyka\u0144czanej powierzchni za pomoc\u0105 wa\u0142ka lub p\u0119dzla. Grunt ma bia\u0142y kolor i jest doskona\u0142ym materia\u0142em wyj\u015bciowym dla innych farb w innych kolorach.<\/p>\n<p><strong>\u00a0<\/strong><\/p>\n<p><strong>Zalety:<\/strong><\/p>\n<ul>\n<li>wyr\u00f3wnuje ch\u0142onno\u015b\u0107 i ujednorodnia pod\u0142o\u017ce<\/li>\n<li>poprawia krycie emulsji nawierzchniowych<\/li>\n<li>polecana do p\u0142yt gipsowo-kartonowych<\/li>\n<\/ul>\n<p>&nbsp;<\/p>\n<p>\u015anie\u017cka Grunt to produkt, kt\u00f3ry pozwala idealnie przygotowa\u0107 powierzchni\u0119 do dalszego malowania. Niweluje r\u00f3\u017cnic\u0119 w fakturze oraz kolorystyce pod\u0142o\u017ca. Sprawdzi si\u0119 doskonale na takich powierzchniach jak zaprawy cementowe, cementowo-wapienne, drewno czy p\u0142yty gipsowo-kartonowe. Cechuje si\u0119 doskona\u0142a przyczepno\u015bci\u0105 oraz wydajno\u015bci\u0105.<\/p>\n","protected":false},"featured_media":12602,"template":"","meta":[],"product_cat":[81],"product_tag":[],"class_list":{"0":"post-10680","1":"product","2":"type-product","3":"status-publish","4":"has-post-thumbnail","6":"product_cat-farby-wewnetrzne","8":"first","9":"instock","10":"taxable","11":"shipping-taxable","12":"purchasable","13":"product-type-simple"},"_links":{"self":[{"href":"https:\/\/wordpres55.paweltomczuk.pl\/index.php?rest_route=\/wp\/v2\/product\/10680","targetHints":{"allow":["GET"]}}],"collection":[{"href":"https:\/\/wordpres55.paweltomczuk.pl\/index.php?rest_route=\/wp\/v2\/product"}],"about":[{"href":"https:\/\/wordpres55.paweltomczuk.pl\/index.php?rest_route=\/wp\/v2\/types\/product"}],"version-history":[{"count":1,"href":"https:\/\/wordpres55.paweltomczuk.pl\/index.php?rest_route=\/wp\/v2\/product\/10680\/revisions"}],"predecessor-version":[{"id":10681,"href":"https:\/\/wordpres55.paweltomczuk.pl\/index.php?rest_route=\/wp\/v2\/product\/10680\/revisions\/10681"}],"wp:featuredmedia":[{"embeddable":true,"href":"https:\/\/wordpres55.paweltomczuk.pl\/index.php?rest_route=\/wp\/v2\/media\/12602"}],"wp:attachment":[{"href":"https:\/\/wordpres55.paweltomczuk.pl\/index.php?rest_route=%2Fwp%2Fv2%2Fmedia&parent=10680"}],"wp:term":[{"taxonomy":"product_cat","embeddable":true,"href":"https:\/\/wordpres55.paweltomczuk.pl\/index.php?rest_route=%2Fwp%2Fv2%2Fproduct_cat&post=10680"},{"taxonomy":"product_tag","embeddable":true,"href":"https:\/\/wordpres55.paweltomczuk.pl\/index.php?rest_route=%2Fwp%2Fv2%2Fproduct_tag&post=10680"}],"curies":[{"name":"wp","href":"https:\/\/api.w.org\/{rel}","templated":true}]}}