{"id":10682,"date":"2023-05-15T19:40:23","date_gmt":"2023-05-15T19:40:23","guid":{"rendered":"https:\/\/wordpres55.paweltomczuk.pl\/?post_type=product&#038;p=10682"},"modified":"2024-07-27T12:20:52","modified_gmt":"2024-07-27T12:20:52","slug":"farba-sniezka-eko-biala-10l","status":"publish","type":"product","link":"https:\/\/wordpres55.paweltomczuk.pl\/?product=farba-sniezka-eko-biala-10l","title":{"rendered":"Farba \u015anie\u017cka Eko bia\u0142a 10l"},"content":{"rendered":"","protected":false},"excerpt":{"rendered":"<p>Farba \u015anie\u017cka bia\u0142a to jeden z wyrob\u00f3w znanego polskiego producenta, ciesz\u0105cego si\u0119 w bran\u017cy doskona\u0142\u0105 opini\u0105 ze wzgl\u0119du na najwy\u017csz\u0105 jako\u015b\u0107 proponowanych przez siebie rozwi\u0105za\u0144. Prezentowany produkt to farba akrylowa z dodatkiem \u015brodk\u00f3w o charakterze wspomagaj\u0105cym oraz uszlachetniaj\u0105cym. Emulsja dedykowana jest osobom, kt\u00f3re my\u015bl\u0105 o dekoracyjnym malowaniu \u015bcian oraz sufit\u00f3w. Efekt, kt\u00f3ry mo\u017cna uzyska\u0107, to matowe, \u015bnie\u017cnobia\u0142e wn\u0119trza, na kt\u00f3re sk\u0142adaj\u0105 si\u0119 pow\u0142oki zapewniaj\u0105ce \u015bcianom mo\u017cliwo\u015b\u0107 &#8220;oddychania&#8221;. \u015anie\u017cka Eko nie powoduje podra\u017cnie\u0144 i jest farb\u0105 przyjazn\u0105 dla os\u00f3b wra\u017cliwych oraz alergik\u00f3w. Farba zapewnia doskona\u0142e krycie, a wydajno\u015b\u0107 z litra produktu o pojemno\u015bci 10 litr\u00f3w wynosi 13 m2. Wydajno\u015b\u0107, a tak\u017ce wysoka jako\u015b\u0107 wyrobu jednej z czo\u0142owych polskich marek nie s\u0105 jedynymi atutami prezentowanej emulsji. Na uwag\u0119 zas\u0142uguje r\u00f3wnie\u017c fakt, \u017ce jest ona dost\u0119pna w wyj\u0105tkowo korzystnej cenie. Hipoalergiczna farba znajdzie zastosowanie podczas malowania wielu pomieszcze\u0144.<\/p>\n<p>&nbsp;<\/p>\n<ul>\n<li><strong>Przeznaczenie : <\/strong>do dekoracyjnego malowania \u015bcian i sufit\u00f3w wewn\u0105trz pomieszcze\u0144. Daje matowe, \u015bnie\u017cnobia\u0142e i w pe\u0142ni pozwalaj\u0105ce &#8220;oddycha\u0107 \u015bcianom&#8221; pow\u0142oki. Nie powoduje podra\u017cnie\u0144, jest przyjazna dla alergik\u00f3w oraz os\u00f3b szczeg\u00f3lnie wra\u017cliwych.<\/li>\n<li><strong>Rodzina kolor\u00f3w : <\/strong>bia\u0142y<\/li>\n<li><strong>Kolor :<\/strong>bia\u0142y<\/li>\n<li><strong>Aspekt : <\/strong>mat<\/li>\n<li><strong>Rodzaj farby : <\/strong>akrylowa<\/li>\n<li><strong>Pojemno\u015b\u0107 [l] : <\/strong>10<\/li>\n<li><strong>Wydajno\u015b\u0107 z litra : <\/strong>do 13 m2<\/li>\n<\/ul>\n","protected":false},"featured_media":12605,"template":"","meta":[],"product_cat":[81],"product_tag":[],"class_list":{"0":"post-10682","1":"product","2":"type-product","3":"status-publish","4":"has-post-thumbnail","6":"product_cat-farby-wewnetrzne","8":"first","9":"instock","10":"taxable","11":"shipping-taxable","12":"purchasable","13":"product-type-simple"},"_links":{"self":[{"href":"https:\/\/wordpres55.paweltomczuk.pl\/index.php?rest_route=\/wp\/v2\/product\/10682","targetHints":{"allow":["GET"]}}],"collection":[{"href":"https:\/\/wordpres55.paweltomczuk.pl\/index.php?rest_route=\/wp\/v2\/product"}],"about":[{"href":"https:\/\/wordpres55.paweltomczuk.pl\/index.php?rest_route=\/wp\/v2\/types\/product"}],"version-history":[{"count":1,"href":"https:\/\/wordpres55.paweltomczuk.pl\/index.php?rest_route=\/wp\/v2\/product\/10682\/revisions"}],"predecessor-version":[{"id":10683,"href":"https:\/\/wordpres55.paweltomczuk.pl\/index.php?rest_route=\/wp\/v2\/product\/10682\/revisions\/10683"}],"wp:featuredmedia":[{"embeddable":true,"href":"https:\/\/wordpres55.paweltomczuk.pl\/index.php?rest_route=\/wp\/v2\/media\/12605"}],"wp:attachment":[{"href":"https:\/\/wordpres55.paweltomczuk.pl\/index.php?rest_route=%2Fwp%2Fv2%2Fmedia&parent=10682"}],"wp:term":[{"taxonomy":"product_cat","embeddable":true,"href":"https:\/\/wordpres55.paweltomczuk.pl\/index.php?rest_route=%2Fwp%2Fv2%2Fproduct_cat&post=10682"},{"taxonomy":"product_tag","embeddable":true,"href":"https:\/\/wordpres55.paweltomczuk.pl\/index.php?rest_route=%2Fwp%2Fv2%2Fproduct_tag&post=10682"}],"curies":[{"name":"wp","href":"https:\/\/api.w.org\/{rel}","templated":true}]}}