{"id":10684,"date":"2023-05-15T19:41:25","date_gmt":"2023-05-15T19:41:25","guid":{"rendered":"https:\/\/wordpres55.paweltomczuk.pl\/?post_type=product&#038;p=10684"},"modified":"2024-07-27T12:20:20","modified_gmt":"2024-07-27T12:20:20","slug":"farba-dulux-white-matt-biala-10l","status":"publish","type":"product","link":"https:\/\/wordpres55.paweltomczuk.pl\/?product=farba-dulux-white-matt-biala-10l","title":{"rendered":"Farba Dulux White Matt bia\u0142a 10l"},"content":{"rendered":"","protected":false},"excerpt":{"rendered":"<p><strong>Szukaj\u0105 Pa\u0144stwo super bia\u0142ej i wydajnej farby do swojego wn\u0119trza? Taka jest w\u0142a\u015bnie prezentowana przez nas farba do \u015bcian i sufit\u00f3w jednej z najlepszych firm na rynku. Rewelacyjne opinie inwestor\u00f3w i fachowc\u00f3w o Dulux White Matt stawiaj\u0105 j\u0105 w najwy\u017cszym rankingu. Co najwa\u017cniejsze matowa bia\u0142a farba ukryje wszystkie drobne mankamenty i nier\u00f3wno\u015bci malowanych powierzchni, nawet gdy pada na nie \u015bwiat\u0142o. 10l farby to pomalowanych a\u017c 130m2. Sprawdzi si\u0119 doskonale do od\u015bwie\u017cenia starych wn\u0119trz oraz do pierwszego krycia po na\u0142o\u017ceniu gruntu. Szybkoschn\u0105ca oraz \u0142agodna w zapachu Dulux White Matt nie ogranicza przed korzystaniem z malowanych miejsc. Dzi\u0119ki specjalnej formule farba rozk\u0142ada si\u0119 niezwykle r\u00f3wnomiernie, zapewniaj\u0105c idealn\u0105 g\u0142adko\u015b\u0107 \u015bcian, kt\u00f3ra w efekcie pozwala na bezproblemowe jej czyszczenie. D\u0142ugotrwa\u0142y \u015bnie\u017cnobia\u0142y efekt to jej kolejna zaleta. Nie odbarwia si\u0119 przez bardzo d\u0142ugi czas i nie reaguje na promieniowanie s\u0142oneczne. Dzi\u0119ki szczelnemu opakowaniu mo\u017cna j\u0105 przechowywa\u0107 przez d\u0142ugi czas.<\/strong><\/p>\n<h2><\/h2>\n<ul>\n<li><strong>Przeznaczenie : <\/strong>do \u015bcian i sufit\u00f3w.<\/li>\n<li><strong>Rodzina kolor\u00f3w : <\/strong>bia\u0142y<\/li>\n<li><strong>Kolor : <\/strong>bia\u0142y<\/li>\n<li><strong>Aspekt : <\/strong>mat<\/li>\n<li><strong>Rodzaj farby : <\/strong>akrylowa<\/li>\n<li><strong>Pojemno\u015b\u0107 [l] : <\/strong>10<\/li>\n<li><strong>Wydajno\u015b\u0107 z litra : <\/strong>do 13 m2<\/li>\n<\/ul>\n","protected":false},"featured_media":12604,"template":"","meta":[],"product_cat":[81],"product_tag":[],"class_list":{"0":"post-10684","1":"product","2":"type-product","3":"status-publish","4":"has-post-thumbnail","6":"product_cat-farby-wewnetrzne","8":"first","9":"instock","10":"taxable","11":"shipping-taxable","12":"purchasable","13":"product-type-simple"},"_links":{"self":[{"href":"https:\/\/wordpres55.paweltomczuk.pl\/index.php?rest_route=\/wp\/v2\/product\/10684","targetHints":{"allow":["GET"]}}],"collection":[{"href":"https:\/\/wordpres55.paweltomczuk.pl\/index.php?rest_route=\/wp\/v2\/product"}],"about":[{"href":"https:\/\/wordpres55.paweltomczuk.pl\/index.php?rest_route=\/wp\/v2\/types\/product"}],"version-history":[{"count":1,"href":"https:\/\/wordpres55.paweltomczuk.pl\/index.php?rest_route=\/wp\/v2\/product\/10684\/revisions"}],"predecessor-version":[{"id":10685,"href":"https:\/\/wordpres55.paweltomczuk.pl\/index.php?rest_route=\/wp\/v2\/product\/10684\/revisions\/10685"}],"wp:featuredmedia":[{"embeddable":true,"href":"https:\/\/wordpres55.paweltomczuk.pl\/index.php?rest_route=\/wp\/v2\/media\/12604"}],"wp:attachment":[{"href":"https:\/\/wordpres55.paweltomczuk.pl\/index.php?rest_route=%2Fwp%2Fv2%2Fmedia&parent=10684"}],"wp:term":[{"taxonomy":"product_cat","embeddable":true,"href":"https:\/\/wordpres55.paweltomczuk.pl\/index.php?rest_route=%2Fwp%2Fv2%2Fproduct_cat&post=10684"},{"taxonomy":"product_tag","embeddable":true,"href":"https:\/\/wordpres55.paweltomczuk.pl\/index.php?rest_route=%2Fwp%2Fv2%2Fproduct_tag&post=10684"}],"curies":[{"name":"wp","href":"https:\/\/api.w.org\/{rel}","templated":true}]}}