{"id":10686,"date":"2023-05-15T19:42:37","date_gmt":"2023-05-15T19:42:37","guid":{"rendered":"https:\/\/wordpres55.paweltomczuk.pl\/?post_type=product&#038;p=10686"},"modified":"2024-07-27T12:19:53","modified_gmt":"2024-07-27T12:19:53","slug":"farba-dekoral-akrylit-w-biala-10l","status":"publish","type":"product","link":"https:\/\/wordpres55.paweltomczuk.pl\/?product=farba-dekoral-akrylit-w-biala-10l","title":{"rendered":"Farba Dekoral Akrylit W bia\u0142a 10l"},"content":{"rendered":"","protected":false},"excerpt":{"rendered":"<p><strong>Dekoral Akrylit W to wysokiej jako\u015bci farba akrylowa w kolorze bia\u0142ym, kt\u00f3ra dzi\u0119ki sprawdzonej, a zarazem innowacyjnej formule wyr\u00f3\u017cnia si\u0119 podwy\u017cszon\u0105 odporno\u015bci\u0105 na jakiekolwiek szorowanie b\u0105d\u017a te\u017c zmywanie. Dost\u0119pna jest w opakowaniu o pojemno\u015bci 10 litr\u00f3w i przeznaczona jest tak naprawd\u0119 do malowania zar\u00f3wno \u015bcian, jak i sufit\u00f3w w pomieszczeniach. Farba akrylowa Dekoral Akrylit W cechuje si\u0119 r\u00f3wnie\u017c bardzo du\u017c\u0105 wytrzyma\u0142o\u015bci\u0105 ani\u017celi ma to miejsce w przypadku standardowych, a tym samym zazwyczaj dost\u0119pnych farb na rynku. Ponadto prezentowany rodzaj farby jest produktem doskonale kryj\u0105cym, kt\u00f3ry to jest bardzo wygodny, a przy tym tak\u017ce prosty w aplikacji. St\u0105d te\u017c omawiany produkt pozwala na \u0142atwe od\u015bwie\u017cenie pomieszczenia w naszym mieszkaniu b\u0105d\u017a te\u017c domu w stosunkowo kr\u00f3tkim czasie. Poza tym \u015bnie\u017cnobia\u0142a farba, jak\u0105 to w\u0142a\u015bnie jest Dekoral Akrylit W, doskonale sprawdzi si\u0119 w przypadku wszystkich tych wn\u0119trz, kt\u00f3re to zosta\u0142y urz\u0105dzone w tzw. stylu minimalistycznym, zapewniaj\u0105c d\u0142ugotrwa\u0142y efekt.<\/strong><\/p>\n<h2><\/h2>\n<ul>\n<li><strong>Przeznaczenie : <\/strong>farba lateksowa o podwy\u017cszonej odporno\u015bci na szorowanie przeznaczona jest do dekoracyjnego malowania \u015bcian i sufit\u00f3w wewn\u0105trz pomieszcze\u0144.<\/li>\n<li><strong>Rodzina kolor\u00f3w : <\/strong>bia\u0142y<\/li>\n<li><strong>Kolor : <\/strong>bia\u0142y<\/li>\n<li><strong>Aspekt : <\/strong>mat<\/li>\n<li><strong>Rodzaj farby : <\/strong>lateksowa<\/li>\n<li><strong>Pojemno\u015b\u0107 [l] : <\/strong>10<\/li>\n<li><strong>Wydajno\u015b\u0107 z litra : <\/strong>do 14 m2<\/li>\n<\/ul>\n<p><strong>\u00a0<\/strong><\/p>\n","protected":false},"featured_media":12603,"template":"","meta":[],"product_cat":[81],"product_tag":[],"class_list":{"0":"post-10686","1":"product","2":"type-product","3":"status-publish","4":"has-post-thumbnail","6":"product_cat-farby-wewnetrzne","8":"first","9":"instock","10":"taxable","11":"shipping-taxable","12":"purchasable","13":"product-type-simple"},"_links":{"self":[{"href":"https:\/\/wordpres55.paweltomczuk.pl\/index.php?rest_route=\/wp\/v2\/product\/10686","targetHints":{"allow":["GET"]}}],"collection":[{"href":"https:\/\/wordpres55.paweltomczuk.pl\/index.php?rest_route=\/wp\/v2\/product"}],"about":[{"href":"https:\/\/wordpres55.paweltomczuk.pl\/index.php?rest_route=\/wp\/v2\/types\/product"}],"version-history":[{"count":1,"href":"https:\/\/wordpres55.paweltomczuk.pl\/index.php?rest_route=\/wp\/v2\/product\/10686\/revisions"}],"predecessor-version":[{"id":10687,"href":"https:\/\/wordpres55.paweltomczuk.pl\/index.php?rest_route=\/wp\/v2\/product\/10686\/revisions\/10687"}],"wp:featuredmedia":[{"embeddable":true,"href":"https:\/\/wordpres55.paweltomczuk.pl\/index.php?rest_route=\/wp\/v2\/media\/12603"}],"wp:attachment":[{"href":"https:\/\/wordpres55.paweltomczuk.pl\/index.php?rest_route=%2Fwp%2Fv2%2Fmedia&parent=10686"}],"wp:term":[{"taxonomy":"product_cat","embeddable":true,"href":"https:\/\/wordpres55.paweltomczuk.pl\/index.php?rest_route=%2Fwp%2Fv2%2Fproduct_cat&post=10686"},{"taxonomy":"product_tag","embeddable":true,"href":"https:\/\/wordpres55.paweltomczuk.pl\/index.php?rest_route=%2Fwp%2Fv2%2Fproduct_tag&post=10686"}],"curies":[{"name":"wp","href":"https:\/\/api.w.org\/{rel}","templated":true}]}}