{"id":10690,"date":"2023-05-15T19:43:44","date_gmt":"2023-05-15T19:43:44","guid":{"rendered":"https:\/\/wordpres55.paweltomczuk.pl\/?post_type=product&#038;p=10690"},"modified":"2024-07-27T12:18:41","modified_gmt":"2024-07-27T12:18:41","slug":"srodek-gruntujacy-betokontakt-20-kg-knauf","status":"publish","type":"product","link":"https:\/\/wordpres55.paweltomczuk.pl\/?product=srodek-gruntujacy-betokontakt-20-kg-knauf","title":{"rendered":"\u015arodek Gruntuj\u0105cy betokontakt 20 kg Knauf"},"content":{"rendered":"","protected":false},"excerpt":{"rendered":"<p>\u015arodek gruntuj\u0105cy do betonu. Mieszanina piasku kwarcowego oraz dyspersji tworzyw sztucznych.<\/p>\n<p>Grunt sczepny do gruntowania \u015bcis\u0142ych, g\u0142adkich i niech\u0142onnych pod\u0142o\u017cy, np. z element\u00f3w betonowych i \u017celbetowych, wykonanych na budowie lub pe\u0142nych, prefabrykowanych strop\u00f3w \u017celbetowych wewn\u0105trz pomieszcze\u0144. Wyr\u00f3wnuje ch\u0142onno\u015b\u0107, dzi\u0119ki zawarto\u015bci piasku kwarcowego zwi\u0119ksza przyczepno\u015b\u0107 do pod\u0142o\u017ca, poprawia przyczepno\u015b\u0107 wyprawy tynkarskiej do pod\u0142o\u017ca. Knauf Betokontakt przeznaczony jest do stosowania wy\u0142\u0105cznie pod tynki gipsowe.<\/p>\n<p><strong>Cechy i zalety:<\/strong><\/p>\n<ul>\n<li>\u015arodek gruntuj\u0105cy do betonu<\/li>\n<li>Mieszanina piasku kwarcowego oraz dyspersji tworzyw sztucznych<\/li>\n<li>Poprawia przyczepno\u015b\u0107 wyprawy tynkarskiej do pod\u0142o\u017ca.<\/li>\n<\/ul>\n<p>&nbsp;<\/p>\n<p><strong>W\u0142a\u015bciwo\u015bci:<\/strong><\/p>\n<ul>\n<li>po wymieszaniu gotowy do u\u017cycia<\/li>\n<li>nie zawiera rozpuszczalnik\u00f3w<\/li>\n<li>paroprzepuszczalny, &#8220;oddychaj\u0105cy&#8221;<\/li>\n<li>barwiony na r\u00f3\u017cowo<\/li>\n<li>na \u015bciany i sufity<\/li>\n<li>do wn\u0119trz<\/li>\n<\/ul>\n<p><strong>\u00a0Parametry techniczne:<\/strong><\/p>\n<ul>\n<li>Kolor: r\u00f3\u017cowy<\/li>\n<li>Wsp\u00f3\u0142czynnik pH: ok. 9<\/li>\n<li>Konsystencja: lepki<\/li>\n<li>G\u0119sto\u015b\u0107: 1.4 kg \/ l<\/li>\n<li>Zu\u017cycie: 0.225 kg \/ m\u00b2<\/li>\n<\/ul>\n<p>Pojemno\u015b\u0107: \u00a020kg<\/p>\n","protected":false},"featured_media":12607,"template":"","meta":[],"product_cat":[81],"product_tag":[],"class_list":{"0":"post-10690","1":"product","2":"type-product","3":"status-publish","4":"has-post-thumbnail","6":"product_cat-farby-wewnetrzne","8":"first","9":"instock","10":"taxable","11":"shipping-taxable","12":"purchasable","13":"product-type-simple"},"_links":{"self":[{"href":"https:\/\/wordpres55.paweltomczuk.pl\/index.php?rest_route=\/wp\/v2\/product\/10690","targetHints":{"allow":["GET"]}}],"collection":[{"href":"https:\/\/wordpres55.paweltomczuk.pl\/index.php?rest_route=\/wp\/v2\/product"}],"about":[{"href":"https:\/\/wordpres55.paweltomczuk.pl\/index.php?rest_route=\/wp\/v2\/types\/product"}],"version-history":[{"count":2,"href":"https:\/\/wordpres55.paweltomczuk.pl\/index.php?rest_route=\/wp\/v2\/product\/10690\/revisions"}],"predecessor-version":[{"id":12858,"href":"https:\/\/wordpres55.paweltomczuk.pl\/index.php?rest_route=\/wp\/v2\/product\/10690\/revisions\/12858"}],"wp:featuredmedia":[{"embeddable":true,"href":"https:\/\/wordpres55.paweltomczuk.pl\/index.php?rest_route=\/wp\/v2\/media\/12607"}],"wp:attachment":[{"href":"https:\/\/wordpres55.paweltomczuk.pl\/index.php?rest_route=%2Fwp%2Fv2%2Fmedia&parent=10690"}],"wp:term":[{"taxonomy":"product_cat","embeddable":true,"href":"https:\/\/wordpres55.paweltomczuk.pl\/index.php?rest_route=%2Fwp%2Fv2%2Fproduct_cat&post=10690"},{"taxonomy":"product_tag","embeddable":true,"href":"https:\/\/wordpres55.paweltomczuk.pl\/index.php?rest_route=%2Fwp%2Fv2%2Fproduct_tag&post=10690"}],"curies":[{"name":"wp","href":"https:\/\/api.w.org\/{rel}","templated":true}]}}