{"id":10702,"date":"2023-05-15T20:06:07","date_gmt":"2023-05-15T20:06:07","guid":{"rendered":"https:\/\/wordpres55.paweltomczuk.pl\/?post_type=product&#038;p=10702"},"modified":"2024-07-27T12:15:13","modified_gmt":"2024-07-27T12:15:13","slug":"lacznik-wzdluzny-do-profila-cd","status":"publish","type":"product","link":"https:\/\/wordpres55.paweltomczuk.pl\/?product=lacznik-wzdluzny-do-profila-cd","title":{"rendered":"\u0141\u0105cznik wzd\u0142u\u017cny do profila CD"},"content":{"rendered":"","protected":false},"excerpt":{"rendered":"<p>RIGIPS \u0141\u0105cznik wzd\u0142u\u017cny do profila CD<br \/>\n\u0141\u0105cznik wzd\u0142u\u017cny do \u0142\u0105czenia profili CD.<\/p>\n<p>&nbsp;<\/p>\n<p>Ilo\u015b\u0107 w paczce: 100 szt.<\/p>\n","protected":false},"featured_media":12640,"template":"","meta":[],"product_cat":[74],"product_tag":[],"class_list":{"0":"post-10702","1":"product","2":"type-product","3":"status-publish","4":"has-post-thumbnail","6":"product_cat-sucha-zabudowa","8":"first","9":"instock","10":"taxable","11":"shipping-taxable","12":"purchasable","13":"product-type-simple"},"_links":{"self":[{"href":"https:\/\/wordpres55.paweltomczuk.pl\/index.php?rest_route=\/wp\/v2\/product\/10702","targetHints":{"allow":["GET"]}}],"collection":[{"href":"https:\/\/wordpres55.paweltomczuk.pl\/index.php?rest_route=\/wp\/v2\/product"}],"about":[{"href":"https:\/\/wordpres55.paweltomczuk.pl\/index.php?rest_route=\/wp\/v2\/types\/product"}],"version-history":[{"count":2,"href":"https:\/\/wordpres55.paweltomczuk.pl\/index.php?rest_route=\/wp\/v2\/product\/10702\/revisions"}],"predecessor-version":[{"id":12852,"href":"https:\/\/wordpres55.paweltomczuk.pl\/index.php?rest_route=\/wp\/v2\/product\/10702\/revisions\/12852"}],"wp:featuredmedia":[{"embeddable":true,"href":"https:\/\/wordpres55.paweltomczuk.pl\/index.php?rest_route=\/wp\/v2\/media\/12640"}],"wp:attachment":[{"href":"https:\/\/wordpres55.paweltomczuk.pl\/index.php?rest_route=%2Fwp%2Fv2%2Fmedia&parent=10702"}],"wp:term":[{"taxonomy":"product_cat","embeddable":true,"href":"https:\/\/wordpres55.paweltomczuk.pl\/index.php?rest_route=%2Fwp%2Fv2%2Fproduct_cat&post=10702"},{"taxonomy":"product_tag","embeddable":true,"href":"https:\/\/wordpres55.paweltomczuk.pl\/index.php?rest_route=%2Fwp%2Fv2%2Fproduct_tag&post=10702"}],"curies":[{"name":"wp","href":"https:\/\/api.w.org\/{rel}","templated":true}]}}