{"id":10708,"date":"2023-05-15T20:09:05","date_gmt":"2023-05-15T20:09:05","guid":{"rendered":"https:\/\/wordpres55.paweltomczuk.pl\/?post_type=product&#038;p=10708"},"modified":"2024-07-27T12:13:20","modified_gmt":"2024-07-27T12:13:20","slug":"profil-przyscienny-ud30-ultrastill-dl-3-m","status":"publish","type":"product","link":"https:\/\/wordpres55.paweltomczuk.pl\/?product=profil-przyscienny-ud30-ultrastill-dl-3-m","title":{"rendered":"Profil przy\u015bcienny UD30 Ultrastill D\u0141.3 m"},"content":{"rendered":"","protected":false},"excerpt":{"rendered":"<p>Rigips profil przy\u015bcienny UD30 Ultrastill D\u0141.3 m<br \/>\nProfil ryflowany scienny RIGIPS do suchej zabudowy.<\/p>\n<p>&nbsp;<\/p>\n<p>Ilo\u015b\u0107 w paczce \u2013 24 szt.<\/p>\n","protected":false},"featured_media":12646,"template":"","meta":[],"product_cat":[74],"product_tag":[],"class_list":{"0":"post-10708","1":"product","2":"type-product","3":"status-publish","4":"has-post-thumbnail","6":"product_cat-sucha-zabudowa","8":"first","9":"instock","10":"taxable","11":"shipping-taxable","12":"purchasable","13":"product-type-simple"},"_links":{"self":[{"href":"https:\/\/wordpres55.paweltomczuk.pl\/index.php?rest_route=\/wp\/v2\/product\/10708","targetHints":{"allow":["GET"]}}],"collection":[{"href":"https:\/\/wordpres55.paweltomczuk.pl\/index.php?rest_route=\/wp\/v2\/product"}],"about":[{"href":"https:\/\/wordpres55.paweltomczuk.pl\/index.php?rest_route=\/wp\/v2\/types\/product"}],"version-history":[{"count":2,"href":"https:\/\/wordpres55.paweltomczuk.pl\/index.php?rest_route=\/wp\/v2\/product\/10708\/revisions"}],"predecessor-version":[{"id":12850,"href":"https:\/\/wordpres55.paweltomczuk.pl\/index.php?rest_route=\/wp\/v2\/product\/10708\/revisions\/12850"}],"wp:featuredmedia":[{"embeddable":true,"href":"https:\/\/wordpres55.paweltomczuk.pl\/index.php?rest_route=\/wp\/v2\/media\/12646"}],"wp:attachment":[{"href":"https:\/\/wordpres55.paweltomczuk.pl\/index.php?rest_route=%2Fwp%2Fv2%2Fmedia&parent=10708"}],"wp:term":[{"taxonomy":"product_cat","embeddable":true,"href":"https:\/\/wordpres55.paweltomczuk.pl\/index.php?rest_route=%2Fwp%2Fv2%2Fproduct_cat&post=10708"},{"taxonomy":"product_tag","embeddable":true,"href":"https:\/\/wordpres55.paweltomczuk.pl\/index.php?rest_route=%2Fwp%2Fv2%2Fproduct_tag&post=10708"}],"curies":[{"name":"wp","href":"https:\/\/api.w.org\/{rel}","templated":true}]}}