{"id":10732,"date":"2023-05-15T20:28:24","date_gmt":"2023-05-15T20:28:24","guid":{"rendered":"https:\/\/wordpres55.paweltomczuk.pl\/?post_type=product&#038;p=10732"},"modified":"2024-07-27T09:49:47","modified_gmt":"2024-07-27T09:49:47","slug":"pret-wieszakowy-l-500-mm","status":"publish","type":"product","link":"https:\/\/wordpres55.paweltomczuk.pl\/?product=pret-wieszakowy-l-500-mm","title":{"rendered":"Pr\u0119t wieszakowy L- 500 mm"},"content":{"rendered":"","protected":false},"excerpt":{"rendered":"<p>Pr\u0119t wieszakowy L- 500 mm\u00a0 Rigips<br \/>\nPr\u0119t wieszakowy z oczkiem o d\u0142ugo\u015bci 500 mm i \u00d8 4,0 mm.<\/p>\n<p>&nbsp;<\/p>\n<p>Ilo\u015b\u0107 w paczce \u2013 100 szt.<\/p>\n","protected":false},"featured_media":12637,"template":"","meta":[],"product_cat":[74],"product_tag":[],"class_list":{"0":"post-10732","1":"product","2":"type-product","3":"status-publish","4":"has-post-thumbnail","6":"product_cat-sucha-zabudowa","8":"first","9":"instock","10":"taxable","11":"shipping-taxable","12":"purchasable","13":"product-type-simple"},"_links":{"self":[{"href":"https:\/\/wordpres55.paweltomczuk.pl\/index.php?rest_route=\/wp\/v2\/product\/10732","targetHints":{"allow":["GET"]}}],"collection":[{"href":"https:\/\/wordpres55.paweltomczuk.pl\/index.php?rest_route=\/wp\/v2\/product"}],"about":[{"href":"https:\/\/wordpres55.paweltomczuk.pl\/index.php?rest_route=\/wp\/v2\/types\/product"}],"version-history":[{"count":1,"href":"https:\/\/wordpres55.paweltomczuk.pl\/index.php?rest_route=\/wp\/v2\/product\/10732\/revisions"}],"predecessor-version":[{"id":10733,"href":"https:\/\/wordpres55.paweltomczuk.pl\/index.php?rest_route=\/wp\/v2\/product\/10732\/revisions\/10733"}],"wp:featuredmedia":[{"embeddable":true,"href":"https:\/\/wordpres55.paweltomczuk.pl\/index.php?rest_route=\/wp\/v2\/media\/12637"}],"wp:attachment":[{"href":"https:\/\/wordpres55.paweltomczuk.pl\/index.php?rest_route=%2Fwp%2Fv2%2Fmedia&parent=10732"}],"wp:term":[{"taxonomy":"product_cat","embeddable":true,"href":"https:\/\/wordpres55.paweltomczuk.pl\/index.php?rest_route=%2Fwp%2Fv2%2Fproduct_cat&post=10732"},{"taxonomy":"product_tag","embeddable":true,"href":"https:\/\/wordpres55.paweltomczuk.pl\/index.php?rest_route=%2Fwp%2Fv2%2Fproduct_tag&post=10732"}],"curies":[{"name":"wp","href":"https:\/\/api.w.org\/{rel}","templated":true}]}}