{"id":10734,"date":"2023-05-15T20:29:02","date_gmt":"2023-05-15T20:29:02","guid":{"rendered":"https:\/\/wordpres55.paweltomczuk.pl\/?post_type=product&#038;p=10734"},"modified":"2024-07-27T09:49:09","modified_gmt":"2024-07-27T09:49:09","slug":"tasma-spoinowa-szklana-25-m","status":"publish","type":"product","link":"https:\/\/wordpres55.paweltomczuk.pl\/?product=tasma-spoinowa-szklana-25-m","title":{"rendered":"Ta\u015bma spoinowa szklana 25 m"},"content":{"rendered":"","protected":false},"excerpt":{"rendered":"<p>Ta\u015bma spoinowa szklana 25 m Rigips<br \/>\nTa\u015bma spoinowa do \u0142\u0105cze\u0144 mi\u0119dzy p\u0142ytami G-K<\/p>\n<p>&nbsp;<\/p>\n<p>Ilo\u015b\u0107 w paczce \u2013 40 szt.<\/p>\n","protected":false},"featured_media":12642,"template":"","meta":[],"product_cat":[74],"product_tag":[],"class_list":{"0":"post-10734","1":"product","2":"type-product","3":"status-publish","4":"has-post-thumbnail","6":"product_cat-sucha-zabudowa","8":"first","9":"instock","10":"taxable","11":"shipping-taxable","12":"purchasable","13":"product-type-simple"},"_links":{"self":[{"href":"https:\/\/wordpres55.paweltomczuk.pl\/index.php?rest_route=\/wp\/v2\/product\/10734","targetHints":{"allow":["GET"]}}],"collection":[{"href":"https:\/\/wordpres55.paweltomczuk.pl\/index.php?rest_route=\/wp\/v2\/product"}],"about":[{"href":"https:\/\/wordpres55.paweltomczuk.pl\/index.php?rest_route=\/wp\/v2\/types\/product"}],"version-history":[{"count":2,"href":"https:\/\/wordpres55.paweltomczuk.pl\/index.php?rest_route=\/wp\/v2\/product\/10734\/revisions"}],"predecessor-version":[{"id":12844,"href":"https:\/\/wordpres55.paweltomczuk.pl\/index.php?rest_route=\/wp\/v2\/product\/10734\/revisions\/12844"}],"wp:featuredmedia":[{"embeddable":true,"href":"https:\/\/wordpres55.paweltomczuk.pl\/index.php?rest_route=\/wp\/v2\/media\/12642"}],"wp:attachment":[{"href":"https:\/\/wordpres55.paweltomczuk.pl\/index.php?rest_route=%2Fwp%2Fv2%2Fmedia&parent=10734"}],"wp:term":[{"taxonomy":"product_cat","embeddable":true,"href":"https:\/\/wordpres55.paweltomczuk.pl\/index.php?rest_route=%2Fwp%2Fv2%2Fproduct_cat&post=10734"},{"taxonomy":"product_tag","embeddable":true,"href":"https:\/\/wordpres55.paweltomczuk.pl\/index.php?rest_route=%2Fwp%2Fv2%2Fproduct_tag&post=10734"}],"curies":[{"name":"wp","href":"https:\/\/api.w.org\/{rel}","templated":true}]}}