{"id":10738,"date":"2023-05-15T20:30:14","date_gmt":"2023-05-15T20:30:14","guid":{"rendered":"https:\/\/wordpres55.paweltomczuk.pl\/?post_type=product&#038;p=10738"},"modified":"2024-07-27T09:47:40","modified_gmt":"2024-07-27T09:47:40","slug":"lacznik-krzyzowy-cd60-27","status":"publish","type":"product","link":"https:\/\/wordpres55.paweltomczuk.pl\/?product=lacznik-krzyzowy-cd60-27","title":{"rendered":"\u0141\u0105cznik krzy\u017cowy CD60\/27"},"content":{"rendered":"","protected":false},"excerpt":{"rendered":"<p>\u0141\u0105cznik krzy\u017cowy jest najcz\u0119\u015bciej stosowany do \u0142\u0105czenia poprzecznego profili g\u0142\u00f3wnych CD<br \/>\nz profilami no\u015bnymi.<\/p>\n<p>&nbsp;<\/p>\n<p>\u0141\u0105cznik krzy\u017cowy to bardzo praktyczny, a zarazem r\u00f3wnie\u017c funkcjonalny element, kt\u00f3ry ze wzgl\u0119du na swoj\u0105 budow\u0119, a tak\u017ce mo\u017cliwo\u015bci w g\u0142\u00f3wnej mierze wykorzystywany jest, jako \u0142\u0105cznik do profili CD60. St\u0105d te\u017c powy\u017cszy artyku\u0142 tak naprawd\u0119 jest cz\u0119\u015bci\u0105 konstrukcyjn\u0105, kt\u00f3ra jest stosowana do profili sufitowych podwieszanych, stanowi\u0105c tym samym ich tzw. dwupoziomowy ruszt. \u0141\u0105cznik krzy\u017cowy daje mo\u017cliwo\u015b\u0107 prostopad\u0142ego \u0142\u0105czenia ze sob\u0105 profili g\u0142\u00f3wnych, dlatego te\u017c wykorzystuje si\u0119 go w przypadku montowania rusztu typu krzy\u017cowego. Poza tym haki, w kt\u00f3re zosta\u0142 wyposa\u017cony prezentowany element zaczepiane s\u0105 za wewn\u0119trzne \u015bcianki znajduj\u0105ce si\u0119 w dolnym profilu, natomiast sam \u0142\u0105cznik przymocowywany jest z boku, a dok\u0142adniej m\u00f3wi\u0105c, nak\u0142ada si\u0119 go na profil, kt\u00f3ry to zawieszany jest na tzw. wieszaku kotwowym, za po\u015brednictwem wkr\u0119t\u00f3w samogwintuj\u0105cych. Dodatkowo opisywany \u0142\u0105cznik krzy\u017cowy wykonany zosta\u0142 z trwa\u0142ego, a tym samym r\u00f3wnie\u017c wytrzyma\u0142ego materia\u0142u, kt\u00f3ry dzi\u0119ki swoim w\u0142a\u015bciwo\u015bciom charakteryzuje si\u0119 wysok\u0105 odporno\u015bci\u0105 na dzia\u0142anie r\u00f3\u017cnego rodzaju niekorzystnych czynnik\u00f3w, kt\u00f3re w konsekwencji mog\u0105 prowadzi\u0107 do powstawania korozji.<\/p>\n<p>&nbsp;<\/p>\n<p>Ilo\u015b\u0107 w paczce \u2013 100 szt.<\/p>\n","protected":false},"featured_media":12639,"template":"","meta":[],"product_cat":[74],"product_tag":[],"class_list":{"0":"post-10738","1":"product","2":"type-product","3":"status-publish","4":"has-post-thumbnail","6":"product_cat-sucha-zabudowa","8":"first","9":"instock","10":"taxable","11":"shipping-taxable","12":"purchasable","13":"product-type-simple"},"_links":{"self":[{"href":"https:\/\/wordpres55.paweltomczuk.pl\/index.php?rest_route=\/wp\/v2\/product\/10738","targetHints":{"allow":["GET"]}}],"collection":[{"href":"https:\/\/wordpres55.paweltomczuk.pl\/index.php?rest_route=\/wp\/v2\/product"}],"about":[{"href":"https:\/\/wordpres55.paweltomczuk.pl\/index.php?rest_route=\/wp\/v2\/types\/product"}],"version-history":[{"count":2,"href":"https:\/\/wordpres55.paweltomczuk.pl\/index.php?rest_route=\/wp\/v2\/product\/10738\/revisions"}],"predecessor-version":[{"id":12843,"href":"https:\/\/wordpres55.paweltomczuk.pl\/index.php?rest_route=\/wp\/v2\/product\/10738\/revisions\/12843"}],"wp:featuredmedia":[{"embeddable":true,"href":"https:\/\/wordpres55.paweltomczuk.pl\/index.php?rest_route=\/wp\/v2\/media\/12639"}],"wp:attachment":[{"href":"https:\/\/wordpres55.paweltomczuk.pl\/index.php?rest_route=%2Fwp%2Fv2%2Fmedia&parent=10738"}],"wp:term":[{"taxonomy":"product_cat","embeddable":true,"href":"https:\/\/wordpres55.paweltomczuk.pl\/index.php?rest_route=%2Fwp%2Fv2%2Fproduct_cat&post=10738"},{"taxonomy":"product_tag","embeddable":true,"href":"https:\/\/wordpres55.paweltomczuk.pl\/index.php?rest_route=%2Fwp%2Fv2%2Fproduct_tag&post=10738"}],"curies":[{"name":"wp","href":"https:\/\/api.w.org\/{rel}","templated":true}]}}