{"id":10740,"date":"2023-05-15T20:31:07","date_gmt":"2023-05-15T20:31:07","guid":{"rendered":"https:\/\/wordpres55.paweltomczuk.pl\/?post_type=product&#038;p=10740"},"modified":"2024-07-27T09:42:56","modified_gmt":"2024-07-27T09:42:56","slug":"folia-paroizolacyjna-100-m2","status":"publish","type":"product","link":"https:\/\/wordpres55.paweltomczuk.pl\/?product=folia-paroizolacyjna-100-m2","title":{"rendered":"Folia paroizolacyjna 100 m2"},"content":{"rendered":"","protected":false},"excerpt":{"rendered":"<p>Folia paroizolacyjna <strong>ma nast\u0119puj\u0105ce parametry:<\/strong><\/p>\n<ul>\n<li>rolka 100 m2 (2x50m)<br \/>\n\u2022 grubo\u015b\u0107: 0,20 mm (200 \u03bcm) (+\/- 40%)<br \/>\n\u2022 wodoszczelno\u015b\u0107: wodoszczelna przy ci\u015bnieniu 2 kPa<br \/>\n\u2022 maksymalna si\u0142a rozci\u0105gaj\u0105ca:<br \/>\n&#8211; wzd\u0142u\u017c &gt;=70 N\/50 mm<br \/>\n&#8211; w poprzek &gt;=50 N\/50 mm<br \/>\n\u2022 klasa reakcji na ogie\u0144: F.<\/li>\n<\/ul>\n<p>Folia paroizolacyjna to folia atestowania spe\u0142niaj\u0105c\u0105 wymagania oraz normy w zakresie izolacyjno\u015bci oraz odporno\u015bci na rozrywanie.<\/p>\n<p><strong>Zastosowanie:<\/strong><\/p>\n<p>Folia paroizolacyjna to doskona\u0142y materia\u0142 do wykonania izolacji paroszczelnej w szkieletowej konstrukcji \u015bcian, dach\u00f3w i strop\u00f3w. Dzi\u0119ki wielowarstwowej strukturze charakteryzuj\u0105 si\u0119 zwi\u0119kszon\u0105 wytrzyma\u0142o\u015bci\u0105 mechaniczn\u0105 przy zmniejszonej grubo\u015bci.<\/p>\n<p><strong>\u00a0<\/strong><\/p>\n","protected":false},"featured_media":10631,"template":"","meta":[],"product_cat":[74],"product_tag":[],"class_list":{"0":"post-10740","1":"product","2":"type-product","3":"status-publish","4":"has-post-thumbnail","6":"product_cat-sucha-zabudowa","8":"first","9":"instock","10":"taxable","11":"shipping-taxable","12":"purchasable","13":"product-type-simple"},"_links":{"self":[{"href":"https:\/\/wordpres55.paweltomczuk.pl\/index.php?rest_route=\/wp\/v2\/product\/10740","targetHints":{"allow":["GET"]}}],"collection":[{"href":"https:\/\/wordpres55.paweltomczuk.pl\/index.php?rest_route=\/wp\/v2\/product"}],"about":[{"href":"https:\/\/wordpres55.paweltomczuk.pl\/index.php?rest_route=\/wp\/v2\/types\/product"}],"version-history":[{"count":1,"href":"https:\/\/wordpres55.paweltomczuk.pl\/index.php?rest_route=\/wp\/v2\/product\/10740\/revisions"}],"predecessor-version":[{"id":10741,"href":"https:\/\/wordpres55.paweltomczuk.pl\/index.php?rest_route=\/wp\/v2\/product\/10740\/revisions\/10741"}],"wp:featuredmedia":[{"embeddable":true,"href":"https:\/\/wordpres55.paweltomczuk.pl\/index.php?rest_route=\/wp\/v2\/media\/10631"}],"wp:attachment":[{"href":"https:\/\/wordpres55.paweltomczuk.pl\/index.php?rest_route=%2Fwp%2Fv2%2Fmedia&parent=10740"}],"wp:term":[{"taxonomy":"product_cat","embeddable":true,"href":"https:\/\/wordpres55.paweltomczuk.pl\/index.php?rest_route=%2Fwp%2Fv2%2Fproduct_cat&post=10740"},{"taxonomy":"product_tag","embeddable":true,"href":"https:\/\/wordpres55.paweltomczuk.pl\/index.php?rest_route=%2Fwp%2Fv2%2Fproduct_tag&post=10740"}],"curies":[{"name":"wp","href":"https:\/\/api.w.org\/{rel}","templated":true}]}}