{"id":10744,"date":"2023-05-15T20:34:35","date_gmt":"2023-05-15T20:34:35","guid":{"rendered":"https:\/\/wordpres55.paweltomczuk.pl\/?post_type=product&#038;p=10744"},"modified":"2024-07-27T09:41:50","modified_gmt":"2024-07-27T09:41:50","slug":"naroznik-aluminiowy-30x30-300-cm","status":"publish","type":"product","link":"https:\/\/wordpres55.paweltomczuk.pl\/?product=naroznik-aluminiowy-30x30-300-cm","title":{"rendered":"Naro\u017cnik aluminiowy  30&#215;30 300 cm"},"content":{"rendered":"","protected":false},"excerpt":{"rendered":"<p>Naro\u017cnik aluminiowy s\u0142u\u017cy do wykonywania zbrojenia naro\u017cnik\u00f3w p\u0142yt karton gips.<\/p>\n<p>Dane techniczne:<\/p>\n<p>Naro\u017cnik ma nast\u0119puj\u0105ce parametry:<\/p>\n<ul>\n<li>grubo\u015b\u0107:0,40 mm<br \/>\n\u2022 rozmiar: 30&#215;30 mm<br \/>\n\u2022 ogniotrwa\u0142o\u015b\u0107: klasa A1<br \/>\n\u2022 d\u0142ugo\u015b\u0107: 300 cm<\/li>\n<\/ul>\n<p>Monta\u017c:<\/p>\n<p>Po zako\u0144czeniu konstrukcyjnego monta\u017cu p\u0142yt karton gips nale\u017cy rozpocz\u0105\u0107 prace wyko\u0144czeniowe. Polegaj\u0105 one na wyko\u0144czeniu naro\u017cy i po\u0142\u0105cze\u0144 pomi\u0119dzy p\u0142ytami karton gips. Naro\u017cnik wklejamy na naro\u017ce uprzednio szpachluj\u0105c je odpowiedni\u0105 szpachl\u0105. Na\u0142o\u017cona szpachla powinna \u201eprzej\u015b\u0107\u201d na zewn\u0105trz przez otwory znajduj\u0105ce si\u0119 na \u015bciankach k\u0105townika. Nast\u0119pnie jeszcze mokr\u0105 szpachl\u0119 wyr\u00f3wnujemy na r\u00f3wno z kraw\u0119dzi\u0105 k\u0105townika, kt\u00f3ra ma taki kszta\u0142t \u017ce pozostaje miejsce na szpachl\u0119.<\/p>\n<p>&nbsp;<\/p>\n<p>Ilo\u015b\u0107 w paczce \u2013 50 szt.<\/p>\n","protected":false},"featured_media":12638,"template":"","meta":[],"product_cat":[74],"product_tag":[],"class_list":{"0":"post-10744","1":"product","2":"type-product","3":"status-publish","4":"has-post-thumbnail","6":"product_cat-sucha-zabudowa","8":"first","9":"instock","10":"taxable","11":"shipping-taxable","12":"purchasable","13":"product-type-simple"},"_links":{"self":[{"href":"https:\/\/wordpres55.paweltomczuk.pl\/index.php?rest_route=\/wp\/v2\/product\/10744","targetHints":{"allow":["GET"]}}],"collection":[{"href":"https:\/\/wordpres55.paweltomczuk.pl\/index.php?rest_route=\/wp\/v2\/product"}],"about":[{"href":"https:\/\/wordpres55.paweltomczuk.pl\/index.php?rest_route=\/wp\/v2\/types\/product"}],"version-history":[{"count":1,"href":"https:\/\/wordpres55.paweltomczuk.pl\/index.php?rest_route=\/wp\/v2\/product\/10744\/revisions"}],"predecessor-version":[{"id":10745,"href":"https:\/\/wordpres55.paweltomczuk.pl\/index.php?rest_route=\/wp\/v2\/product\/10744\/revisions\/10745"}],"wp:featuredmedia":[{"embeddable":true,"href":"https:\/\/wordpres55.paweltomczuk.pl\/index.php?rest_route=\/wp\/v2\/media\/12638"}],"wp:attachment":[{"href":"https:\/\/wordpres55.paweltomczuk.pl\/index.php?rest_route=%2Fwp%2Fv2%2Fmedia&parent=10744"}],"wp:term":[{"taxonomy":"product_cat","embeddable":true,"href":"https:\/\/wordpres55.paweltomczuk.pl\/index.php?rest_route=%2Fwp%2Fv2%2Fproduct_cat&post=10744"},{"taxonomy":"product_tag","embeddable":true,"href":"https:\/\/wordpres55.paweltomczuk.pl\/index.php?rest_route=%2Fwp%2Fv2%2Fproduct_tag&post=10744"}],"curies":[{"name":"wp","href":"https:\/\/api.w.org\/{rel}","templated":true}]}}