{"id":10748,"date":"2023-05-15T20:59:04","date_gmt":"2023-05-15T20:59:04","guid":{"rendered":"https:\/\/wordpres55.paweltomczuk.pl\/?post_type=product&#038;p=10748"},"modified":"2024-07-27T09:40:42","modified_gmt":"2024-07-27T09:40:42","slug":"blachowkrety-do-plyt-gipsowo-kartonowych-fs-35x25-mm-1000-szt","status":"publish","type":"product","link":"https:\/\/wordpres55.paweltomczuk.pl\/?product=blachowkrety-do-plyt-gipsowo-kartonowych-fs-35x25-mm-1000-szt","title":{"rendered":"Blachowkr\u0119ty do p\u0142yt gipsowo-kartonowych FS 3,5&#215;25 mm (1000 szt.)"},"content":{"rendered":"","protected":false},"excerpt":{"rendered":"<p>Blachowkr\u0119ty o fosfatyzowane wkr\u0119ty do mocowania p\u0142yt gipsowo-kartonowych do profili stalowych.<\/p>\n<p>Dane techniczne:<\/p>\n<p>Blachowkr\u0119ty gipsokarton &#8211; metal maj\u0105 nast\u0119puj\u0105ce parametry:<\/p>\n<ul>\n<li>materia\u0142:<br \/>\n&#8211; wkr\u0119t: stal w\u0119glowa utwardzona powierzchniowo, fosfatyzowana galwanicznie wg DIN 50942<br \/>\n&#8211; typ \u0142ba: tr\u0105bkowy, naci\u0119cie PH2<br \/>\n\u2022 klasa reakcji na ogie\u0144: A1.<\/li>\n<\/ul>\n<p>Cech charakterystyczne:<\/p>\n<ul>\n<li>zoptymalizowana geometria ko\u0144c\u00f3wki wkr\u0119ta &#8211; doskona\u0142a zdolno\u015b\u0107 wiercenia<br \/>\n\u2022 wykonany ze stali niskow\u0119glowej fosfatyzowanej galwanicznie<br \/>\n\u2022 konstrukcja \u0142ba z nap\u0119dem PH2 umo\u017cliwia idealne licowanie wkr\u0119ta w p\u0142ycie gipsowo-kartonowej<br \/>\n\u2022 nie wymaga wst\u0119pnego wiercenia<\/li>\n<\/ul>\n","protected":false},"featured_media":12651,"template":"","meta":[],"product_cat":[78],"product_tag":[],"class_list":{"0":"post-10748","1":"product","2":"type-product","3":"status-publish","4":"has-post-thumbnail","6":"product_cat-wkrety-kolki-montazowe","8":"first","9":"instock","10":"taxable","11":"shipping-taxable","12":"purchasable","13":"product-type-simple"},"_links":{"self":[{"href":"https:\/\/wordpres55.paweltomczuk.pl\/index.php?rest_route=\/wp\/v2\/product\/10748","targetHints":{"allow":["GET"]}}],"collection":[{"href":"https:\/\/wordpres55.paweltomczuk.pl\/index.php?rest_route=\/wp\/v2\/product"}],"about":[{"href":"https:\/\/wordpres55.paweltomczuk.pl\/index.php?rest_route=\/wp\/v2\/types\/product"}],"version-history":[{"count":1,"href":"https:\/\/wordpres55.paweltomczuk.pl\/index.php?rest_route=\/wp\/v2\/product\/10748\/revisions"}],"predecessor-version":[{"id":10749,"href":"https:\/\/wordpres55.paweltomczuk.pl\/index.php?rest_route=\/wp\/v2\/product\/10748\/revisions\/10749"}],"wp:featuredmedia":[{"embeddable":true,"href":"https:\/\/wordpres55.paweltomczuk.pl\/index.php?rest_route=\/wp\/v2\/media\/12651"}],"wp:attachment":[{"href":"https:\/\/wordpres55.paweltomczuk.pl\/index.php?rest_route=%2Fwp%2Fv2%2Fmedia&parent=10748"}],"wp:term":[{"taxonomy":"product_cat","embeddable":true,"href":"https:\/\/wordpres55.paweltomczuk.pl\/index.php?rest_route=%2Fwp%2Fv2%2Fproduct_cat&post=10748"},{"taxonomy":"product_tag","embeddable":true,"href":"https:\/\/wordpres55.paweltomczuk.pl\/index.php?rest_route=%2Fwp%2Fv2%2Fproduct_tag&post=10748"}],"curies":[{"name":"wp","href":"https:\/\/api.w.org\/{rel}","templated":true}]}}