{"id":10750,"date":"2023-05-15T21:15:26","date_gmt":"2023-05-15T21:15:26","guid":{"rendered":"https:\/\/wordpres55.paweltomczuk.pl\/?post_type=product&#038;p=10750"},"modified":"2024-07-27T09:40:04","modified_gmt":"2024-07-27T09:40:04","slug":"wkrety-pchelki-ocynkowane-35x95-mm-1000-szt","status":"publish","type":"product","link":"https:\/\/wordpres55.paweltomczuk.pl\/?product=wkrety-pchelki-ocynkowane-35x95-mm-1000-szt","title":{"rendered":"Wkr\u0119ty pche\u0142ki ocynkowane 3,5&#215;9,5 mm (1000 szt.)"},"content":{"rendered":"","protected":false},"excerpt":{"rendered":"<p>Wkr\u0119ty pche\u0142ki 3,5&#215;95 mm to ocynkowane wkr\u0119ty samo-wierc\u0105ce 3,5&#215;95 mm do mocowania profili stalowych w uchwytach ES, uchwytach elastycznych oraz innych po\u0142\u0105czeniach typu metal-metal np. do \u0142\u0105czenia-skr\u0119cania mi\u0119dzy sob\u0105 profili no\u015bnych.<\/p>\n<p>Dane techniczne:<\/p>\n<p>Wkr\u0119ty pche\u0142ki <strong>maj\u0105 parametry:<\/strong><\/p>\n<ul>\n<li>materia\u0142:<br \/>\n&#8211; wkr\u0119t: stal niskow\u0119glowa ocynkowana galwanicznie min. 6 \u03bcm<br \/>\n&#8211; typ \u0142ba: walcowy, naci\u0119cie PH2<br \/>\n\u2022 zdolno\u015b\u0107 wiercenia: do 2,0 mm<br \/>\n\u2022 Klasa reakcji na ogie\u0144: A1.<\/li>\n<\/ul>\n","protected":false},"featured_media":12660,"template":"","meta":[],"product_cat":[78],"product_tag":[],"class_list":{"0":"post-10750","1":"product","2":"type-product","3":"status-publish","4":"has-post-thumbnail","6":"product_cat-wkrety-kolki-montazowe","8":"first","9":"instock","10":"taxable","11":"shipping-taxable","12":"purchasable","13":"product-type-simple"},"_links":{"self":[{"href":"https:\/\/wordpres55.paweltomczuk.pl\/index.php?rest_route=\/wp\/v2\/product\/10750","targetHints":{"allow":["GET"]}}],"collection":[{"href":"https:\/\/wordpres55.paweltomczuk.pl\/index.php?rest_route=\/wp\/v2\/product"}],"about":[{"href":"https:\/\/wordpres55.paweltomczuk.pl\/index.php?rest_route=\/wp\/v2\/types\/product"}],"version-history":[{"count":1,"href":"https:\/\/wordpres55.paweltomczuk.pl\/index.php?rest_route=\/wp\/v2\/product\/10750\/revisions"}],"predecessor-version":[{"id":10751,"href":"https:\/\/wordpres55.paweltomczuk.pl\/index.php?rest_route=\/wp\/v2\/product\/10750\/revisions\/10751"}],"wp:featuredmedia":[{"embeddable":true,"href":"https:\/\/wordpres55.paweltomczuk.pl\/index.php?rest_route=\/wp\/v2\/media\/12660"}],"wp:attachment":[{"href":"https:\/\/wordpres55.paweltomczuk.pl\/index.php?rest_route=%2Fwp%2Fv2%2Fmedia&parent=10750"}],"wp:term":[{"taxonomy":"product_cat","embeddable":true,"href":"https:\/\/wordpres55.paweltomczuk.pl\/index.php?rest_route=%2Fwp%2Fv2%2Fproduct_cat&post=10750"},{"taxonomy":"product_tag","embeddable":true,"href":"https:\/\/wordpres55.paweltomczuk.pl\/index.php?rest_route=%2Fwp%2Fv2%2Fproduct_tag&post=10750"}],"curies":[{"name":"wp","href":"https:\/\/api.w.org\/{rel}","templated":true}]}}