{"id":10752,"date":"2023-05-15T21:15:53","date_gmt":"2023-05-15T21:15:53","guid":{"rendered":"https:\/\/wordpres55.paweltomczuk.pl\/?post_type=product&#038;p=10752"},"modified":"2024-07-27T09:39:22","modified_gmt":"2024-07-27T09:39:22","slug":"kolek-do-styropianu-lacznik-10x180mm","status":"publish","type":"product","link":"https:\/\/wordpres55.paweltomczuk.pl\/?product=kolek-do-styropianu-lacznik-10x180mm","title":{"rendered":"Ko\u0142ek do styropianu \u0142\u0105cznik 10x180mm"},"content":{"rendered":"","protected":false},"excerpt":{"rendered":"<p>Ko\u0142ek do styropianu \u0142\u0105cznik 10x180mm. \u0141\u0105cznik z tworzywa sztucznego do mocowania styropianu we wszystkich pod\u0142o\u017cach wg ETAG 014, w systemach ETICS. \u0141\u0105cznik wbijany. Ko\u0142ek do styropianu \u0142\u0105cznik 10x180mm<\/p>\n<p>Rozmiar: 10 x 180 mm<\/p>\n","protected":false},"featured_media":12221,"template":"","meta":[],"product_cat":[85],"product_tag":[],"class_list":{"0":"post-10752","1":"product","2":"type-product","3":"status-publish","4":"has-post-thumbnail","6":"product_cat-elewacja-zewnetrzna","8":"first","9":"instock","10":"taxable","11":"shipping-taxable","12":"purchasable","13":"product-type-simple"},"_links":{"self":[{"href":"https:\/\/wordpres55.paweltomczuk.pl\/index.php?rest_route=\/wp\/v2\/product\/10752","targetHints":{"allow":["GET"]}}],"collection":[{"href":"https:\/\/wordpres55.paweltomczuk.pl\/index.php?rest_route=\/wp\/v2\/product"}],"about":[{"href":"https:\/\/wordpres55.paweltomczuk.pl\/index.php?rest_route=\/wp\/v2\/types\/product"}],"version-history":[{"count":2,"href":"https:\/\/wordpres55.paweltomczuk.pl\/index.php?rest_route=\/wp\/v2\/product\/10752\/revisions"}],"predecessor-version":[{"id":12227,"href":"https:\/\/wordpres55.paweltomczuk.pl\/index.php?rest_route=\/wp\/v2\/product\/10752\/revisions\/12227"}],"wp:featuredmedia":[{"embeddable":true,"href":"https:\/\/wordpres55.paweltomczuk.pl\/index.php?rest_route=\/wp\/v2\/media\/12221"}],"wp:attachment":[{"href":"https:\/\/wordpres55.paweltomczuk.pl\/index.php?rest_route=%2Fwp%2Fv2%2Fmedia&parent=10752"}],"wp:term":[{"taxonomy":"product_cat","embeddable":true,"href":"https:\/\/wordpres55.paweltomczuk.pl\/index.php?rest_route=%2Fwp%2Fv2%2Fproduct_cat&post=10752"},{"taxonomy":"product_tag","embeddable":true,"href":"https:\/\/wordpres55.paweltomczuk.pl\/index.php?rest_route=%2Fwp%2Fv2%2Fproduct_tag&post=10752"}],"curies":[{"name":"wp","href":"https:\/\/api.w.org\/{rel}","templated":true}]}}