{"id":10762,"date":"2023-05-15T21:17:56","date_gmt":"2023-05-15T21:17:56","guid":{"rendered":"https:\/\/wordpres55.paweltomczuk.pl\/?post_type=product&#038;p=10762"},"modified":"2024-07-27T09:36:12","modified_gmt":"2024-07-27T09:36:12","slug":"kolki-szybki-montaz-6x60-mm-100-szt","status":"publish","type":"product","link":"https:\/\/wordpres55.paweltomczuk.pl\/?product=kolki-szybki-montaz-6x60-mm-100-szt","title":{"rendered":"Ko\u0142ki szybki monta\u017c 6&#215;60 mm (100 szt.)"},"content":{"rendered":"","protected":false},"excerpt":{"rendered":"<p>Ko\u0142ki FX-06K060 t<strong>o ko\u0142ki szybkiego monta\u017cu 6&#215;60 mm\u00a0<\/strong>z ko\u0142nierzem<strong>\u00a0do mocowania lekkich element\u00f3w Suchej Zabudowy oraz listw drewnianych i metalowych.<\/strong><\/p>\n<p>Ko\u0142ki FX-06K060 <strong>to ko\u0142ki szybkiego monta\u017cu z ko\u0142nierzem o nast\u0119puj\u0105cych parametrach:<\/strong><\/p>\n<ul>\n<li>ko\u0142ek:<br \/>\n&#8211; \u015brednica: 6 mm<br \/>\n&#8211; d\u0142ugo\u015b\u0107: 60 mm<br \/>\n\u2022 koszulka ko\u0142ka: poliproopylen PP<br \/>\n\u2022 gw\u00f3\u017ad\u017a: stal ocynkowana galwanicznie, gr. pow\u0142oki 10\u03bcm<\/li>\n<\/ul>\n<p>Zastosowanie, do pod\u0142o\u017ca z:<\/p>\n<ul>\n<li>betonu<br \/>\n\u2022 ceg\u0142y pe\u0142nej<br \/>\n\u2022 ceg\u0142y silikatowej pe\u0142nej<br \/>\n\u2022 ceg\u0142y silikatowej dr\u0105\u017conej<br \/>\n\u2022 bloczk\u00f3w z betonu lekkiego<br \/>\n\u2022 gazobetonu<\/li>\n<\/ul>\n<p>Cech charakterystyczne:<\/p>\n<ul>\n<li>szybka instalacja z u\u017cyciem m\u0142otka skraca czas i pozwala na monta\u017c seryjny<br \/>\n\u2022 szeroki ko\u0142nierz umo\u017cliwia stabilny docisk elementu mocowanego<br \/>\n\u2022 po\u0142\u0105czenie ko\u0144c\u00f3wki typu PZ2 i gwintu \u015brubowego umo\u017cliwia usuwanie gwo\u017adzia w razie potrzeby u\u0142atwiaj\u0105c demonta\u017c<br \/>\n\u2022 zaprojektowany dla instalacji przelotowych.<\/li>\n<\/ul>\n<p>Aprobaty:<\/p>\n<ul>\n<li>ETA-13\/0088<br \/>\n\u2022 AT-15-4237\/2013<\/li>\n<\/ul>\n","protected":false},"featured_media":12652,"template":"","meta":[],"product_cat":[78],"product_tag":[],"class_list":{"0":"post-10762","1":"product","2":"type-product","3":"status-publish","4":"has-post-thumbnail","6":"product_cat-wkrety-kolki-montazowe","8":"first","9":"instock","10":"taxable","11":"shipping-taxable","12":"purchasable","13":"product-type-simple"},"_links":{"self":[{"href":"https:\/\/wordpres55.paweltomczuk.pl\/index.php?rest_route=\/wp\/v2\/product\/10762","targetHints":{"allow":["GET"]}}],"collection":[{"href":"https:\/\/wordpres55.paweltomczuk.pl\/index.php?rest_route=\/wp\/v2\/product"}],"about":[{"href":"https:\/\/wordpres55.paweltomczuk.pl\/index.php?rest_route=\/wp\/v2\/types\/product"}],"version-history":[{"count":2,"href":"https:\/\/wordpres55.paweltomczuk.pl\/index.php?rest_route=\/wp\/v2\/product\/10762\/revisions"}],"predecessor-version":[{"id":12832,"href":"https:\/\/wordpres55.paweltomczuk.pl\/index.php?rest_route=\/wp\/v2\/product\/10762\/revisions\/12832"}],"wp:featuredmedia":[{"embeddable":true,"href":"https:\/\/wordpres55.paweltomczuk.pl\/index.php?rest_route=\/wp\/v2\/media\/12652"}],"wp:attachment":[{"href":"https:\/\/wordpres55.paweltomczuk.pl\/index.php?rest_route=%2Fwp%2Fv2%2Fmedia&parent=10762"}],"wp:term":[{"taxonomy":"product_cat","embeddable":true,"href":"https:\/\/wordpres55.paweltomczuk.pl\/index.php?rest_route=%2Fwp%2Fv2%2Fproduct_cat&post=10762"},{"taxonomy":"product_tag","embeddable":true,"href":"https:\/\/wordpres55.paweltomczuk.pl\/index.php?rest_route=%2Fwp%2Fv2%2Fproduct_tag&post=10762"}],"curies":[{"name":"wp","href":"https:\/\/api.w.org\/{rel}","templated":true}]}}