{"id":10777,"date":"2023-05-15T21:30:54","date_gmt":"2023-05-15T21:30:54","guid":{"rendered":"https:\/\/wordpres55.paweltomczuk.pl\/?post_type=product&#038;p=10777"},"modified":"2024-07-27T09:30:15","modified_gmt":"2024-07-27T09:30:15","slug":"klej-montazowy-soudal-fix-all-flexi-bialy-290ml","status":"publish","type":"product","link":"https:\/\/wordpres55.paweltomczuk.pl\/?product=klej-montazowy-soudal-fix-all-flexi-bialy-290ml","title":{"rendered":"Klej monta\u017cowy Soudal Fix All Flexi bia\u0142y 290ml"},"content":{"rendered":"","protected":false},"excerpt":{"rendered":"<p><strong>Przeznaczenie : <\/strong>do zastosowa\u0144 wewn\u0119trznych i zewn\u0119trznych. Doskona\u0142a przyczepno\u015b\u0107 do wszelkich materia\u0142\u00f3w budowlanych i konstrukcyjnych &#8211; r\u00f3wnie\u017c wilgotnych.<\/p>\n<ul>\n<li><strong>Rodzaj : <\/strong>monta\u017cowy<\/li>\n<li><strong>Pojemno\u015b\u0107 : <\/strong>290 ml<\/li>\n<\/ul>\n","protected":false},"featured_media":12589,"template":"","meta":[],"product_cat":[79],"product_tag":[],"class_list":{"0":"post-10777","1":"product","2":"type-product","3":"status-publish","4":"has-post-thumbnail","6":"product_cat-silikon","8":"first","9":"instock","10":"taxable","11":"shipping-taxable","12":"purchasable","13":"product-type-simple"},"_links":{"self":[{"href":"https:\/\/wordpres55.paweltomczuk.pl\/index.php?rest_route=\/wp\/v2\/product\/10777","targetHints":{"allow":["GET"]}}],"collection":[{"href":"https:\/\/wordpres55.paweltomczuk.pl\/index.php?rest_route=\/wp\/v2\/product"}],"about":[{"href":"https:\/\/wordpres55.paweltomczuk.pl\/index.php?rest_route=\/wp\/v2\/types\/product"}],"version-history":[{"count":2,"href":"https:\/\/wordpres55.paweltomczuk.pl\/index.php?rest_route=\/wp\/v2\/product\/10777\/revisions"}],"predecessor-version":[{"id":12817,"href":"https:\/\/wordpres55.paweltomczuk.pl\/index.php?rest_route=\/wp\/v2\/product\/10777\/revisions\/12817"}],"wp:featuredmedia":[{"embeddable":true,"href":"https:\/\/wordpres55.paweltomczuk.pl\/index.php?rest_route=\/wp\/v2\/media\/12589"}],"wp:attachment":[{"href":"https:\/\/wordpres55.paweltomczuk.pl\/index.php?rest_route=%2Fwp%2Fv2%2Fmedia&parent=10777"}],"wp:term":[{"taxonomy":"product_cat","embeddable":true,"href":"https:\/\/wordpres55.paweltomczuk.pl\/index.php?rest_route=%2Fwp%2Fv2%2Fproduct_cat&post=10777"},{"taxonomy":"product_tag","embeddable":true,"href":"https:\/\/wordpres55.paweltomczuk.pl\/index.php?rest_route=%2Fwp%2Fv2%2Fproduct_tag&post=10777"}],"curies":[{"name":"wp","href":"https:\/\/api.w.org\/{rel}","templated":true}]}}