{"id":10781,"date":"2023-05-15T21:31:38","date_gmt":"2023-05-15T21:31:38","guid":{"rendered":"https:\/\/wordpres55.paweltomczuk.pl\/?post_type=product&#038;p=10781"},"modified":"2024-07-27T09:28:54","modified_gmt":"2024-07-27T09:28:54","slug":"silikon-sanitarny-soudal-bialy-280ml","status":"publish","type":"product","link":"https:\/\/wordpres55.paweltomczuk.pl\/?product=silikon-sanitarny-soudal-bialy-280ml","title":{"rendered":"Silikon sanitarny Soudal bia\u0142y 280ml"},"content":{"rendered":"","protected":false},"excerpt":{"rendered":"<p><strong>Przeznaczenie : <\/strong>do spoinowania i fugowania materia\u0142\u00f3w ceramicznych, szk\u0142a i niekt\u00f3rych metali.<\/p>\n<ul>\n<li><strong>Rodzaj : <\/strong>sanitarny<\/li>\n<li><strong>Rodzina kolor\u00f3w : <\/strong>bia\u0142y<\/li>\n<li><strong>Kolor : <\/strong>bia\u0142y<\/li>\n<li><strong>Pojemno\u015b\u0107 [l] : <\/strong>28<\/li>\n<\/ul>\n","protected":false},"featured_media":12594,"template":"","meta":[],"product_cat":[79],"product_tag":[],"class_list":{"0":"post-10781","1":"product","2":"type-product","3":"status-publish","4":"has-post-thumbnail","6":"product_cat-silikon","8":"first","9":"instock","10":"taxable","11":"shipping-taxable","12":"purchasable","13":"product-type-simple"},"_links":{"self":[{"href":"https:\/\/wordpres55.paweltomczuk.pl\/index.php?rest_route=\/wp\/v2\/product\/10781","targetHints":{"allow":["GET"]}}],"collection":[{"href":"https:\/\/wordpres55.paweltomczuk.pl\/index.php?rest_route=\/wp\/v2\/product"}],"about":[{"href":"https:\/\/wordpres55.paweltomczuk.pl\/index.php?rest_route=\/wp\/v2\/types\/product"}],"version-history":[{"count":1,"href":"https:\/\/wordpres55.paweltomczuk.pl\/index.php?rest_route=\/wp\/v2\/product\/10781\/revisions"}],"predecessor-version":[{"id":10782,"href":"https:\/\/wordpres55.paweltomczuk.pl\/index.php?rest_route=\/wp\/v2\/product\/10781\/revisions\/10782"}],"wp:featuredmedia":[{"embeddable":true,"href":"https:\/\/wordpres55.paweltomczuk.pl\/index.php?rest_route=\/wp\/v2\/media\/12594"}],"wp:attachment":[{"href":"https:\/\/wordpres55.paweltomczuk.pl\/index.php?rest_route=%2Fwp%2Fv2%2Fmedia&parent=10781"}],"wp:term":[{"taxonomy":"product_cat","embeddable":true,"href":"https:\/\/wordpres55.paweltomczuk.pl\/index.php?rest_route=%2Fwp%2Fv2%2Fproduct_cat&post=10781"},{"taxonomy":"product_tag","embeddable":true,"href":"https:\/\/wordpres55.paweltomczuk.pl\/index.php?rest_route=%2Fwp%2Fv2%2Fproduct_tag&post=10781"}],"curies":[{"name":"wp","href":"https:\/\/api.w.org\/{rel}","templated":true}]}}