{"id":10783,"date":"2023-05-15T21:32:04","date_gmt":"2023-05-15T21:32:04","guid":{"rendered":"https:\/\/wordpres55.paweltomczuk.pl\/?post_type=product&#038;p=10783"},"modified":"2024-07-27T09:28:08","modified_gmt":"2024-07-27T09:28:08","slug":"silikon-sanitarny-soudal-bezbarwny-280ml","status":"publish","type":"product","link":"https:\/\/wordpres55.paweltomczuk.pl\/?product=silikon-sanitarny-soudal-bezbarwny-280ml","title":{"rendered":"Silikon sanitarny Soudal bezbarwny 280ml"},"content":{"rendered":"","protected":false},"excerpt":{"rendered":"<p><strong>Przeznaczenie : Spoinowanie zlewozmywak\u00f3w, wanien i brodzik\u00f3w emaliowanych, spoinowanie p\u0142ytek ceramicznych w po\u0142\u0105czeniach mi\u0119dzy \u015bcianami i pod\u0142og\u0105 itp.<\/strong><\/p>\n<ul>\n<li><strong>Rodzaj : <\/strong>sanitarny<\/li>\n<li><strong>Rodzina kolor\u00f3w : <\/strong>bezbarwny<\/li>\n<li><strong>Kolor : <\/strong>bezbarwny<\/li>\n<li><strong>Pojemno\u015b\u0107 [l] : <\/strong>28<\/li>\n<li><strong>Gwarancja :<\/strong>1 ROK<\/li>\n<\/ul>\n","protected":false},"featured_media":12594,"template":"","meta":[],"product_cat":[79],"product_tag":[],"class_list":{"0":"post-10783","1":"product","2":"type-product","3":"status-publish","4":"has-post-thumbnail","6":"product_cat-silikon","8":"first","9":"instock","10":"taxable","11":"shipping-taxable","12":"purchasable","13":"product-type-simple"},"_links":{"self":[{"href":"https:\/\/wordpres55.paweltomczuk.pl\/index.php?rest_route=\/wp\/v2\/product\/10783","targetHints":{"allow":["GET"]}}],"collection":[{"href":"https:\/\/wordpres55.paweltomczuk.pl\/index.php?rest_route=\/wp\/v2\/product"}],"about":[{"href":"https:\/\/wordpres55.paweltomczuk.pl\/index.php?rest_route=\/wp\/v2\/types\/product"}],"version-history":[{"count":2,"href":"https:\/\/wordpres55.paweltomczuk.pl\/index.php?rest_route=\/wp\/v2\/product\/10783\/revisions"}],"predecessor-version":[{"id":12816,"href":"https:\/\/wordpres55.paweltomczuk.pl\/index.php?rest_route=\/wp\/v2\/product\/10783\/revisions\/12816"}],"wp:featuredmedia":[{"embeddable":true,"href":"https:\/\/wordpres55.paweltomczuk.pl\/index.php?rest_route=\/wp\/v2\/media\/12594"}],"wp:attachment":[{"href":"https:\/\/wordpres55.paweltomczuk.pl\/index.php?rest_route=%2Fwp%2Fv2%2Fmedia&parent=10783"}],"wp:term":[{"taxonomy":"product_cat","embeddable":true,"href":"https:\/\/wordpres55.paweltomczuk.pl\/index.php?rest_route=%2Fwp%2Fv2%2Fproduct_cat&post=10783"},{"taxonomy":"product_tag","embeddable":true,"href":"https:\/\/wordpres55.paweltomczuk.pl\/index.php?rest_route=%2Fwp%2Fv2%2Fproduct_tag&post=10783"}],"curies":[{"name":"wp","href":"https:\/\/api.w.org\/{rel}","templated":true}]}}