{"id":10785,"date":"2023-05-15T21:32:32","date_gmt":"2023-05-15T21:32:32","guid":{"rendered":"https:\/\/wordpres55.paweltomczuk.pl\/?post_type=product&#038;p=10785"},"modified":"2024-07-27T09:27:27","modified_gmt":"2024-07-27T09:27:27","slug":"akryl-do-scian-i-sufitow-soudal-bialy-280ml","status":"publish","type":"product","link":"https:\/\/wordpres55.paweltomczuk.pl\/?product=akryl-do-scian-i-sufitow-soudal-bialy-280ml","title":{"rendered":"Akryl do \u015bcian i sufit\u00f3w Soudal bia\u0142y 280ml"},"content":{"rendered":"","protected":false},"excerpt":{"rendered":"<p><strong>Uszczelniacz akrylowy Soudal to preparat \u015bwietnie sprawdzaj\u0105cy si\u0119 do spoinowania po\u0142\u0105cze\u0144 pomi\u0119dzy sufitami, \u015bcianami czy konstrukcjami sufit\u00f3w podwieszanych. Ponadto bia\u0142y uszczelniacz Soudal sprawdzi si\u0119, kiedy zachodzi potrzeba wype\u0142niania p\u0119kni\u0119\u0107 i szpar w murze, tynku i nawet drewnie. Starannie doprana receptura uszczelniacza sprawia, \u017ce masa nie tylko dobrze wi\u0105\u017ce z wieloma rodzajami pod\u0142o\u017ca, ale tak\u017ce jest odporna na niekorzystne dzia\u0142anie czynnik\u00f3w atmosferycznych. Poza wysok\u0105 jako\u015bci\u0105 oferowanego produktu na uwag\u0119 zas\u0142uguj\u0105 jeszcze wydajno\u015b\u0107 oraz \u0142atwo\u015b\u0107 aplikacji. Mo\u017cliwo\u015b\u0107 stosowania na zewn\u0105trz to ogromny atut, podobnie jak dobra przyczepno\u015b\u0107 do drewna i metalu. Dzi\u0119ki temu korzystaj\u0105c z uszczelniacza akrylowego, mo\u017cna naprawia\u0107 okolice dach\u00f3w w domach, altanach, gara\u017cach czy budynkach gospodarczych, maj\u0105c pewno\u015b\u0107 nale\u017cytej ochrony przed erozj\u0105 materia\u0142u. Fachowcy stosuj\u0105 uszczelniacz akrylowy marki Soudal nie tylko podczas remont\u00f3w i odnawiania, ale te\u017c przy wype\u0142nianiu spoin w okolicach okien i drzwi w nowych budynkach.<\/strong><\/p>\n<h2><\/h2>\n<ul>\n<li><strong>Przeznaczenie :<\/strong>spoinowanie po\u0142\u0105cze\u0144 mi\u0119dzy \u015bcianami i sufitami, p\u0142yt gipsowo-kartonowych, wype\u0142nianie szpar i p\u0119kni\u0119\u0107 w betonie, murze, tynku, drewnie itp.<\/li>\n<li><strong>Rodzaj :<\/strong>specjalistyczny<\/li>\n<li><strong>Rodzina kolor\u00f3w :<\/strong>bia\u0142y<\/li>\n<li><strong>Kolor :<\/strong>bia\u0142y<\/li>\n<li><strong>Pojemno\u015b\u0107 [l] :<\/strong>28<\/li>\n<li><strong>Gwarancja :<\/strong>1 ROK<\/li>\n<\/ul>\n","protected":false},"featured_media":12596,"template":"","meta":[],"product_cat":[79],"product_tag":[],"class_list":{"0":"post-10785","1":"product","2":"type-product","3":"status-publish","4":"has-post-thumbnail","6":"product_cat-silikon","8":"first","9":"instock","10":"taxable","11":"shipping-taxable","12":"purchasable","13":"product-type-simple"},"_links":{"self":[{"href":"https:\/\/wordpres55.paweltomczuk.pl\/index.php?rest_route=\/wp\/v2\/product\/10785","targetHints":{"allow":["GET"]}}],"collection":[{"href":"https:\/\/wordpres55.paweltomczuk.pl\/index.php?rest_route=\/wp\/v2\/product"}],"about":[{"href":"https:\/\/wordpres55.paweltomczuk.pl\/index.php?rest_route=\/wp\/v2\/types\/product"}],"version-history":[{"count":1,"href":"https:\/\/wordpres55.paweltomczuk.pl\/index.php?rest_route=\/wp\/v2\/product\/10785\/revisions"}],"predecessor-version":[{"id":10786,"href":"https:\/\/wordpres55.paweltomczuk.pl\/index.php?rest_route=\/wp\/v2\/product\/10785\/revisions\/10786"}],"wp:featuredmedia":[{"embeddable":true,"href":"https:\/\/wordpres55.paweltomczuk.pl\/index.php?rest_route=\/wp\/v2\/media\/12596"}],"wp:attachment":[{"href":"https:\/\/wordpres55.paweltomczuk.pl\/index.php?rest_route=%2Fwp%2Fv2%2Fmedia&parent=10785"}],"wp:term":[{"taxonomy":"product_cat","embeddable":true,"href":"https:\/\/wordpres55.paweltomczuk.pl\/index.php?rest_route=%2Fwp%2Fv2%2Fproduct_cat&post=10785"},{"taxonomy":"product_tag","embeddable":true,"href":"https:\/\/wordpres55.paweltomczuk.pl\/index.php?rest_route=%2Fwp%2Fv2%2Fproduct_tag&post=10785"}],"curies":[{"name":"wp","href":"https:\/\/api.w.org\/{rel}","templated":true}]}}