{"id":10787,"date":"2023-05-15T21:32:57","date_gmt":"2023-05-15T21:32:57","guid":{"rendered":"https:\/\/wordpres55.paweltomczuk.pl\/?post_type=product&#038;p=10787"},"modified":"2024-07-27T09:26:51","modified_gmt":"2024-07-27T09:26:51","slug":"uszczelniacz-dekarski-bitumiczny-soudal-czarny-280ml","status":"publish","type":"product","link":"https:\/\/wordpres55.paweltomczuk.pl\/?product=uszczelniacz-dekarski-bitumiczny-soudal-czarny-280ml","title":{"rendered":"Uszczelniacz dekarski bitumiczny Soudal czarny 280ml"},"content":{"rendered":"","protected":false},"excerpt":{"rendered":"<p><strong>Przeznaczenie : gotowa do u\u017cycia plasto-elastyczna masa uszczelniaj\u0105ca na bazie elastomer\u00f3w bitumicznych, charakteryzuj\u0105ca si\u0119 doskona\u0142\u0105 przyczepno\u015bci\u0105 do wi\u0119kszo\u015bci pod\u0142o\u017cy budowlanych, w tym papy. W sytuacjach awaryjnych mo\u017ce by\u0107 u\u017cywana nawet na wilgotnych pod\u0142o\u017cach. Nieszkodliwa dla styropianu. Po utwardzeniu wodoodporna i wodoszczelna.<\/strong><\/p>\n<ul>\n<li><strong>Rodzaj : <\/strong>dekarski<\/li>\n<li><strong>Rodzina kolor\u00f3w : <\/strong>czarny<\/li>\n<li><strong>Kolor : <\/strong>czarny<\/li>\n<li><strong>Pojemno\u015b\u0107 [l] : <\/strong>28<\/li>\n<\/ul>\n","protected":false},"featured_media":12593,"template":"","meta":[],"product_cat":[79],"product_tag":[],"class_list":{"0":"post-10787","1":"product","2":"type-product","3":"status-publish","4":"has-post-thumbnail","6":"product_cat-silikon","8":"first","9":"instock","10":"taxable","11":"shipping-taxable","12":"purchasable","13":"product-type-simple"},"_links":{"self":[{"href":"https:\/\/wordpres55.paweltomczuk.pl\/index.php?rest_route=\/wp\/v2\/product\/10787","targetHints":{"allow":["GET"]}}],"collection":[{"href":"https:\/\/wordpres55.paweltomczuk.pl\/index.php?rest_route=\/wp\/v2\/product"}],"about":[{"href":"https:\/\/wordpres55.paweltomczuk.pl\/index.php?rest_route=\/wp\/v2\/types\/product"}],"version-history":[{"count":2,"href":"https:\/\/wordpres55.paweltomczuk.pl\/index.php?rest_route=\/wp\/v2\/product\/10787\/revisions"}],"predecessor-version":[{"id":12815,"href":"https:\/\/wordpres55.paweltomczuk.pl\/index.php?rest_route=\/wp\/v2\/product\/10787\/revisions\/12815"}],"wp:featuredmedia":[{"embeddable":true,"href":"https:\/\/wordpres55.paweltomczuk.pl\/index.php?rest_route=\/wp\/v2\/media\/12593"}],"wp:attachment":[{"href":"https:\/\/wordpres55.paweltomczuk.pl\/index.php?rest_route=%2Fwp%2Fv2%2Fmedia&parent=10787"}],"wp:term":[{"taxonomy":"product_cat","embeddable":true,"href":"https:\/\/wordpres55.paweltomczuk.pl\/index.php?rest_route=%2Fwp%2Fv2%2Fproduct_cat&post=10787"},{"taxonomy":"product_tag","embeddable":true,"href":"https:\/\/wordpres55.paweltomczuk.pl\/index.php?rest_route=%2Fwp%2Fv2%2Fproduct_tag&post=10787"}],"curies":[{"name":"wp","href":"https:\/\/api.w.org\/{rel}","templated":true}]}}