{"id":10789,"date":"2023-05-15T21:33:22","date_gmt":"2023-05-15T21:33:22","guid":{"rendered":"https:\/\/wordpres55.paweltomczuk.pl\/?post_type=product&#038;p=10789"},"modified":"2024-07-27T09:26:12","modified_gmt":"2024-07-27T09:26:12","slug":"klej-hybrydowy-soudal-t-rex-gold-290ml","status":"publish","type":"product","link":"https:\/\/wordpres55.paweltomczuk.pl\/?product=klej-hybrydowy-soudal-t-rex-gold-290ml","title":{"rendered":"Klej hybrydowy Soudal T-rex Gold 290ml"},"content":{"rendered":"","protected":false},"excerpt":{"rendered":"<p><strong>Przeznaczenie :do monta\u017cu o ekstremalnej sile spojenia pocz\u0105tkowego<\/strong><\/p>\n<ul>\n<li><strong>Rodzaj : <\/strong>monta\u017cowy<\/li>\n<li><strong>Czas wi\u0105zania : <\/strong>w zale\u017cno\u015bci od wilgotno\u015bci<\/li>\n<li><strong>Czas schni\u0119cia : <\/strong>24h<\/li>\n<li><strong>Pojemno\u015b\u0107 : <\/strong>29<\/li>\n<li><strong>Gwarancja : <\/strong>2 LATA<\/li>\n<\/ul>\n","protected":false},"featured_media":12592,"template":"","meta":[],"product_cat":[79],"product_tag":[],"class_list":{"0":"post-10789","1":"product","2":"type-product","3":"status-publish","4":"has-post-thumbnail","6":"product_cat-silikon","8":"first","9":"instock","10":"taxable","11":"shipping-taxable","12":"purchasable","13":"product-type-simple"},"_links":{"self":[{"href":"https:\/\/wordpres55.paweltomczuk.pl\/index.php?rest_route=\/wp\/v2\/product\/10789","targetHints":{"allow":["GET"]}}],"collection":[{"href":"https:\/\/wordpres55.paweltomczuk.pl\/index.php?rest_route=\/wp\/v2\/product"}],"about":[{"href":"https:\/\/wordpres55.paweltomczuk.pl\/index.php?rest_route=\/wp\/v2\/types\/product"}],"version-history":[{"count":2,"href":"https:\/\/wordpres55.paweltomczuk.pl\/index.php?rest_route=\/wp\/v2\/product\/10789\/revisions"}],"predecessor-version":[{"id":12814,"href":"https:\/\/wordpres55.paweltomczuk.pl\/index.php?rest_route=\/wp\/v2\/product\/10789\/revisions\/12814"}],"wp:featuredmedia":[{"embeddable":true,"href":"https:\/\/wordpres55.paweltomczuk.pl\/index.php?rest_route=\/wp\/v2\/media\/12592"}],"wp:attachment":[{"href":"https:\/\/wordpres55.paweltomczuk.pl\/index.php?rest_route=%2Fwp%2Fv2%2Fmedia&parent=10789"}],"wp:term":[{"taxonomy":"product_cat","embeddable":true,"href":"https:\/\/wordpres55.paweltomczuk.pl\/index.php?rest_route=%2Fwp%2Fv2%2Fproduct_cat&post=10789"},{"taxonomy":"product_tag","embeddable":true,"href":"https:\/\/wordpres55.paweltomczuk.pl\/index.php?rest_route=%2Fwp%2Fv2%2Fproduct_tag&post=10789"}],"curies":[{"name":"wp","href":"https:\/\/api.w.org\/{rel}","templated":true}]}}