{"id":10795,"date":"2023-05-15T21:34:32","date_gmt":"2023-05-15T21:34:32","guid":{"rendered":"https:\/\/wordpres55.paweltomczuk.pl\/?post_type=product&#038;p=10795"},"modified":"2024-07-27T09:24:12","modified_gmt":"2024-07-27T09:24:12","slug":"piana-pistoletowa-soudafoam-classic-750ml","status":"publish","type":"product","link":"https:\/\/wordpres55.paweltomczuk.pl\/?product=piana-pistoletowa-soudafoam-classic-750ml","title":{"rendered":"Piana pistoletowa Soudafoam Classic 750ml"},"content":{"rendered":"","protected":false},"excerpt":{"rendered":"<p><strong>Przeznaczenie : do monta\u017cu o\u015bcie\u017cnic<\/strong><\/p>\n<ul>\n<li><strong>Rodzaj : <\/strong>Pistoletowa<\/li>\n<li><strong>Gwarancja : <\/strong>2 LATA<\/li>\n<\/ul>\n","protected":false},"featured_media":12625,"template":"","meta":[],"product_cat":[80],"product_tag":[],"class_list":{"0":"post-10795","1":"product","2":"type-product","3":"status-publish","4":"has-post-thumbnail","6":"product_cat-piana-montazowa","8":"first","9":"instock","10":"taxable","11":"shipping-taxable","12":"purchasable","13":"product-type-simple"},"_links":{"self":[{"href":"https:\/\/wordpres55.paweltomczuk.pl\/index.php?rest_route=\/wp\/v2\/product\/10795","targetHints":{"allow":["GET"]}}],"collection":[{"href":"https:\/\/wordpres55.paweltomczuk.pl\/index.php?rest_route=\/wp\/v2\/product"}],"about":[{"href":"https:\/\/wordpres55.paweltomczuk.pl\/index.php?rest_route=\/wp\/v2\/types\/product"}],"version-history":[{"count":1,"href":"https:\/\/wordpres55.paweltomczuk.pl\/index.php?rest_route=\/wp\/v2\/product\/10795\/revisions"}],"predecessor-version":[{"id":10796,"href":"https:\/\/wordpres55.paweltomczuk.pl\/index.php?rest_route=\/wp\/v2\/product\/10795\/revisions\/10796"}],"wp:featuredmedia":[{"embeddable":true,"href":"https:\/\/wordpres55.paweltomczuk.pl\/index.php?rest_route=\/wp\/v2\/media\/12625"}],"wp:attachment":[{"href":"https:\/\/wordpres55.paweltomczuk.pl\/index.php?rest_route=%2Fwp%2Fv2%2Fmedia&parent=10795"}],"wp:term":[{"taxonomy":"product_cat","embeddable":true,"href":"https:\/\/wordpres55.paweltomczuk.pl\/index.php?rest_route=%2Fwp%2Fv2%2Fproduct_cat&post=10795"},{"taxonomy":"product_tag","embeddable":true,"href":"https:\/\/wordpres55.paweltomczuk.pl\/index.php?rest_route=%2Fwp%2Fv2%2Fproduct_tag&post=10795"}],"curies":[{"name":"wp","href":"https:\/\/api.w.org\/{rel}","templated":true}]}}