{"id":10797,"date":"2023-05-15T21:37:27","date_gmt":"2023-05-15T21:37:27","guid":{"rendered":"https:\/\/wordpres55.paweltomczuk.pl\/?post_type=product&#038;p=10797"},"modified":"2024-07-27T09:23:10","modified_gmt":"2024-07-27T09:23:10","slug":"styropian-grafitowy-izolbet-grafi-033","status":"publish","type":"product","link":"https:\/\/wordpres55.paweltomczuk.pl\/?product=styropian-grafitowy-izolbet-grafi-033","title":{"rendered":"Styropian grafitowy Izolbet grafi 033"},"content":{"rendered":"<p>\u015aciany:<\/p>\n<p>Zewn\u0119trzne, pionowe izolacje cieplne:<br \/>\n&#8211; izolacja cieplna \u015bcian szczelinowych z wentylowan\u0105 i z niewentylowan\u0105 szczelin\u0105 powietrzn\u0105,<br \/>\n&#8211; izolacja dylatacyjna.<\/p>\n<p>Izolacja cieplna w konstrukcji:<br \/>\n&#8211; izolacja cieplna w konstrukcjach wewn\u0119trznych \u015bcianek dzia\u0142owych.<br \/>\n&#8211; izolacja cieplna \u015bcian w konstrukcji szkieletowej z ok\u0142adzin\u0105.<\/p>\n<p>Stropy,pod\u0142ogi:<br \/>\nZewn\u0119trzne izolacje cieplne<br \/>\n&#8211; izolacja cieplna strop\u00f3w od spodu z ok\u0142adzin\u0105 oraz w lekkich stropach szkieletowych z ok\u0142adzin\u0105,<br \/>\n&#8211; izolacja cieplna pod\u0142\u00f3g mi\u0119dzy legarami.<\/p>\n<p>Wewn\u0119trzne izolacje cieplne<br \/>\n&#8211; izolacja cieplna pomi\u0119dzy krokwiami.<\/p>\n<p>Dachy p\u0142askie:<br \/>\n&#8211; izolacja cieplna wewn\u0105trz w stropodachach wentylowanych.<\/p>\n<p><a href=\"https:\/\/wordpres55.paweltomczuk.pl\/wp-content\/uploads\/2023\/05\/Screenshot_132.png\"><img decoding=\"async\" class=\"alignnone size-medium wp-image-12745\" src=\"https:\/\/wordpres55.paweltomczuk.pl\/wp-content\/uploads\/2023\/05\/Screenshot_132-400x108.png\" alt=\"\" width=\"400\" height=\"108\" srcset=\"https:\/\/wordpres55.paweltomczuk.pl\/wp-content\/uploads\/2023\/05\/Screenshot_132-400x108.png 400w, https:\/\/wordpres55.paweltomczuk.pl\/wp-content\/uploads\/2023\/05\/Screenshot_132-768x207.png 768w, https:\/\/wordpres55.paweltomczuk.pl\/wp-content\/uploads\/2023\/05\/Screenshot_132-430x116.png 430w, https:\/\/wordpres55.paweltomczuk.pl\/wp-content\/uploads\/2023\/05\/Screenshot_132-700x189.png 700w, https:\/\/wordpres55.paweltomczuk.pl\/wp-content\/uploads\/2023\/05\/Screenshot_132-150x40.png 150w, https:\/\/wordpres55.paweltomczuk.pl\/wp-content\/uploads\/2023\/05\/Screenshot_132.png 827w\" sizes=\"(max-width: 400px) 100vw, 400px\" \/><\/a><\/p>\n","protected":false},"excerpt":{"rendered":"<p>Opis:<\/p>\n<p>Styropian do docieple\u0144 IZOLBET.<\/p>\n<p>P\u0142yty styropianowe technologicznie ci\u0119te g\u0142adkie lub frezowane.<\/p>\n<p>Wymiar: 500&#215;1000 [mm]<br \/>\nGrubo\u015b\u0107: 10\u00f7200 [mm]<\/p>\n<p>Wsp\u00f3\u0142czynnik przewodzenia ciep\u0142a [\u03bb]: 0,033<br \/>\nRozci\u0105ganie [Tr-kPa]: 80<br \/>\nOdporno\u015b\u0107 na \u015bciskanie [kPa]: 50<\/p>\n<p>W przypadku zainteresowania prosimy o kontakt telefoniczny albo mailowy. Transport wyceniany indywidualnie do ka\u017cdego zam\u00f3wienia. Zastosowanie w okre\u015blonych warunkach:<\/p>\n<p>Cena za m3!<\/p>\n","protected":false},"featured_media":12133,"template":"","meta":[],"product_cat":[85],"product_tag":[],"class_list":{"0":"post-10797","1":"product","2":"type-product","3":"status-publish","4":"has-post-thumbnail","6":"product_cat-elewacja-zewnetrzna","8":"first","9":"instock","10":"taxable","11":"shipping-taxable","12":"purchasable","13":"product-type-variable"},"_links":{"self":[{"href":"https:\/\/wordpres55.paweltomczuk.pl\/index.php?rest_route=\/wp\/v2\/product\/10797","targetHints":{"allow":["GET"]}}],"collection":[{"href":"https:\/\/wordpres55.paweltomczuk.pl\/index.php?rest_route=\/wp\/v2\/product"}],"about":[{"href":"https:\/\/wordpres55.paweltomczuk.pl\/index.php?rest_route=\/wp\/v2\/types\/product"}],"version-history":[{"count":5,"href":"https:\/\/wordpres55.paweltomczuk.pl\/index.php?rest_route=\/wp\/v2\/product\/10797\/revisions"}],"predecessor-version":[{"id":12749,"href":"https:\/\/wordpres55.paweltomczuk.pl\/index.php?rest_route=\/wp\/v2\/product\/10797\/revisions\/12749"}],"wp:featuredmedia":[{"embeddable":true,"href":"https:\/\/wordpres55.paweltomczuk.pl\/index.php?rest_route=\/wp\/v2\/media\/12133"}],"wp:attachment":[{"href":"https:\/\/wordpres55.paweltomczuk.pl\/index.php?rest_route=%2Fwp%2Fv2%2Fmedia&parent=10797"}],"wp:term":[{"taxonomy":"product_cat","embeddable":true,"href":"https:\/\/wordpres55.paweltomczuk.pl\/index.php?rest_route=%2Fwp%2Fv2%2Fproduct_cat&post=10797"},{"taxonomy":"product_tag","embeddable":true,"href":"https:\/\/wordpres55.paweltomczuk.pl\/index.php?rest_route=%2Fwp%2Fv2%2Fproduct_tag&post=10797"}],"curies":[{"name":"wp","href":"https:\/\/api.w.org\/{rel}","templated":true}]}}