{"id":10801,"date":"2023-05-15T21:38:30","date_gmt":"2023-05-15T21:38:30","guid":{"rendered":"https:\/\/wordpres55.paweltomczuk.pl\/?post_type=product&#038;p=10801"},"modified":"2024-07-27T09:19:52","modified_gmt":"2024-07-27T09:19:52","slug":"naroznik-budowlany-perforowany-z-siatka-elewacyjny-aluminiowy-nbps-70x70-25m","status":"publish","type":"product","link":"https:\/\/wordpres55.paweltomczuk.pl\/?product=naroznik-budowlany-perforowany-z-siatka-elewacyjny-aluminiowy-nbps-70x70-25m","title":{"rendered":"Naro\u017cnik budowlany perforowany z siatk\u0105 elewacyjny aluminiowy NBPS 70&#215;70 2,5m"},"content":{"rendered":"","protected":false},"excerpt":{"rendered":"<p>Naro\u017cnik perforowany z siatk\u0105 \u2013 aluminiowy<\/p>\n<p>Naro\u017cnik budowlany do elewacji \/ do styropianu. S\u0142u\u017cy jako wzmocnienie naro\u017cy \u015bcian i pozwala na sprawn\u0105 obr\u00f3bk\u0119 kraw\u0119dzi styropianu w systemach docieple\u0144 budynk\u00f3w.<\/p>\n<p>Zastosowanie: naro\u017cnik aluminiowy do styropianu<\/p>\n<p>Cechy i zalety naro\u017cnika:<\/p>\n<p>\ue008 d\u0142ugo\u015b\u0107: 250 cm<br \/>\n\ue008 szeroko\u015b\u0107: 70&#215;70 mm<br \/>\n\ue008 materia\u0142:aluminium + siatka<\/p>\n<p><strong>Cena: 4.1 z\u0142\/szt<\/strong><\/p>\n","protected":false},"featured_media":12599,"template":"","meta":[],"product_cat":[85],"product_tag":[],"class_list":{"0":"post-10801","1":"product","2":"type-product","3":"status-publish","4":"has-post-thumbnail","6":"product_cat-elewacja-zewnetrzna","8":"first","9":"instock","10":"taxable","11":"shipping-taxable","12":"purchasable","13":"product-type-simple"},"_links":{"self":[{"href":"https:\/\/wordpres55.paweltomczuk.pl\/index.php?rest_route=\/wp\/v2\/product\/10801","targetHints":{"allow":["GET"]}}],"collection":[{"href":"https:\/\/wordpres55.paweltomczuk.pl\/index.php?rest_route=\/wp\/v2\/product"}],"about":[{"href":"https:\/\/wordpres55.paweltomczuk.pl\/index.php?rest_route=\/wp\/v2\/types\/product"}],"version-history":[{"count":3,"href":"https:\/\/wordpres55.paweltomczuk.pl\/index.php?rest_route=\/wp\/v2\/product\/10801\/revisions"}],"predecessor-version":[{"id":12752,"href":"https:\/\/wordpres55.paweltomczuk.pl\/index.php?rest_route=\/wp\/v2\/product\/10801\/revisions\/12752"}],"wp:featuredmedia":[{"embeddable":true,"href":"https:\/\/wordpres55.paweltomczuk.pl\/index.php?rest_route=\/wp\/v2\/media\/12599"}],"wp:attachment":[{"href":"https:\/\/wordpres55.paweltomczuk.pl\/index.php?rest_route=%2Fwp%2Fv2%2Fmedia&parent=10801"}],"wp:term":[{"taxonomy":"product_cat","embeddable":true,"href":"https:\/\/wordpres55.paweltomczuk.pl\/index.php?rest_route=%2Fwp%2Fv2%2Fproduct_cat&post=10801"},{"taxonomy":"product_tag","embeddable":true,"href":"https:\/\/wordpres55.paweltomczuk.pl\/index.php?rest_route=%2Fwp%2Fv2%2Fproduct_tag&post=10801"}],"curies":[{"name":"wp","href":"https:\/\/api.w.org\/{rel}","templated":true}]}}