{"id":10809,"date":"2023-05-15T21:41:15","date_gmt":"2023-05-15T21:41:15","guid":{"rendered":"https:\/\/wordpres55.paweltomczuk.pl\/?post_type=product&#038;p=10809"},"modified":"2024-07-27T09:14:06","modified_gmt":"2024-07-27T09:14:06","slug":"welna-isover-aku-plyta-75-mm","status":"publish","type":"product","link":"https:\/\/wordpres55.paweltomczuk.pl\/?product=welna-isover-aku-plyta-75-mm","title":{"rendered":"We\u0142na Isover Aku-P\u0142yta 75 mm"},"content":{"rendered":"","protected":false},"excerpt":{"rendered":"<p>We\u0142na szklana Isover Aku-p\u0142yta \/ AkuPlat+ ma zastosowanie jako niepalne ocieplenie i izolacja akustyczna:<\/p>\n<p>\u2022 \u015bcian tr\u00f3jwarstwowych, os\u0142onowych,<br \/>\n\u2022 \u015bcian o konstrukcji szkieletowej z elewacj\u0105 z paneli (np. siding, deski),<br \/>\n\u2022 \u015bcian dzia\u0142owych, drewnianych strop\u00f3w belkowych i pod\u0142\u00f3g na legarach, poddaszy u\u017cytkowych.<\/p>\n<p>Informacje techniczne:<\/p>\n<p>Parametry techniczne we\u0142ny szklanej Isover Aku-P\u0142yta 75 mm:<\/p>\n<p>\u2022 wsp\u00f3\u0142czynnik przewodzenia ciep\u0142a: \u03bb=0,037 W\/mK<br \/>\n\u2022 op\u00f3r: R=2,00 m2*K\/W<br \/>\n\u2022 wsp\u00f3\u0142czynnik poch\u0142aniania d\u017awi\u0119ku: 1,0 AW<br \/>\n\u2022 obci\u0105\u017cenie charakterystyczne ci\u0119\u017carem w\u0142asnym: 0,155 kN\/m3=15,5 kg\/m3<br \/>\n\u2022 kod wyrobu: MW-EN 13162-T2-MU1-AW1-AFr5<br \/>\n\u2022 Klasa reakcji na ogie\u0144: A1<\/p>\n<p>Atesty i aprobaty:<\/p>\n<p>\u2022 Norma: PN-EN 13162+A1:2015-04<br \/>\n\u2022 Atest higieniczny GUM: 68\/322\/71\/2016<\/p>\n<p>Konfekcjonowanie:<\/p>\n<p>\u2022 P\u0142yta: 0,72 m2 (1200\/600 mm)<br \/>\n\u2022 Paczka: 8,64 m2 (12 p\u0142yt)<br \/>\n\u2022 Paleta: 172,80 m2 (20 paczek).<\/p>\n<p><strong>Cena: 15 z\u0142\/m2<\/strong><\/p>\n","protected":false},"featured_media":12620,"template":"","meta":[],"product_cat":[83],"product_tag":[],"class_list":{"0":"post-10809","1":"product","2":"type-product","3":"status-publish","4":"has-post-thumbnail","6":"product_cat-izolacja-welna","8":"first","9":"instock","10":"taxable","11":"shipping-taxable","12":"purchasable","13":"product-type-variable"},"_links":{"self":[{"href":"https:\/\/wordpres55.paweltomczuk.pl\/index.php?rest_route=\/wp\/v2\/product\/10809","targetHints":{"allow":["GET"]}}],"collection":[{"href":"https:\/\/wordpres55.paweltomczuk.pl\/index.php?rest_route=\/wp\/v2\/product"}],"about":[{"href":"https:\/\/wordpres55.paweltomczuk.pl\/index.php?rest_route=\/wp\/v2\/types\/product"}],"version-history":[{"count":5,"href":"https:\/\/wordpres55.paweltomczuk.pl\/index.php?rest_route=\/wp\/v2\/product\/10809\/revisions"}],"predecessor-version":[{"id":12811,"href":"https:\/\/wordpres55.paweltomczuk.pl\/index.php?rest_route=\/wp\/v2\/product\/10809\/revisions\/12811"}],"wp:featuredmedia":[{"embeddable":true,"href":"https:\/\/wordpres55.paweltomczuk.pl\/index.php?rest_route=\/wp\/v2\/media\/12620"}],"wp:attachment":[{"href":"https:\/\/wordpres55.paweltomczuk.pl\/index.php?rest_route=%2Fwp%2Fv2%2Fmedia&parent=10809"}],"wp:term":[{"taxonomy":"product_cat","embeddable":true,"href":"https:\/\/wordpres55.paweltomczuk.pl\/index.php?rest_route=%2Fwp%2Fv2%2Fproduct_cat&post=10809"},{"taxonomy":"product_tag","embeddable":true,"href":"https:\/\/wordpres55.paweltomczuk.pl\/index.php?rest_route=%2Fwp%2Fv2%2Fproduct_tag&post=10809"}],"curies":[{"name":"wp","href":"https:\/\/api.w.org\/{rel}","templated":true}]}}