{"id":12762,"date":"2023-10-05T15:58:55","date_gmt":"2023-10-05T15:58:55","guid":{"rendered":"https:\/\/wordpres55.paweltomczuk.pl\/?post_type=product&#038;p=12762"},"modified":"2024-07-27T09:10:34","modified_gmt":"2024-07-27T09:10:34","slug":"izolacja-pir-3","status":"publish","type":"product","link":"https:\/\/wordpres55.paweltomczuk.pl\/?product=izolacja-pir-3","title":{"rendered":"P\u0142yty Pir"},"content":{"rendered":"<p>W dzisiejszych czasach trudno sobie wyobrazi\u0107 budownictwo, szczeg\u00f3lnie halowe, przemys\u0142owe,<br \/>\nrolnicze oraz mieszkaniowe bez wykorzystywania p\u0142yt warstwowych. Szybko\u015b\u0107 i \u0142atwo\u015b\u0107 monta\u017cu,<br \/>\nmo\u017cliwo\u015b\u0107 prowadzenia prac nawet w trudnych warunkach atmosferycznych, niskie koszty realizacji<br \/>\ninwestycji, nowoczesno\u015b\u0107 i uniwersalno\u015b\u0107 systemu czyni\u0105 z nich najlepszy materia\u0142 do budowy.<br \/>\nP\u0142yty warstwowe sk\u0142adaj\u0105 si\u0119 z dw\u00f3ch ok\u0142adzin oraz rdzenia izolacyjnego posiadaj\u0105cego odpowiednie<br \/>\nw\u0142a\u015bciwo\u015bci termoizolacyjne i mechaniczne.<br \/>\nJako ok\u0142adziny stosuje si\u0119 blach\u0119 stalow\u0105 obustronnie ocynkowan\u0105 z organicznym lakierem poliestrowym<br \/>\no grubo\u015bci pow\u0142oki 25 mikron\u00f3w.<br \/>\nP\u0142yty warstwowe \u015bcienne<\/p>\n<p>Wybieraj\u0105c p\u0142yty warstwowe \u015bcienne przeznaczone do konstrukcji \u015bcian zewn\u0119trznych opr\u00f3cz<br \/>\nparametr\u00f3w takich jak efektywno\u015b\u0107 energetyczna (oszcz\u0119dno\u015b\u0107 energii i ochrona cieplna) czy odporno\u015b\u0107<br \/>\nna wysokie temperatury (odporno\u015b\u0107 ogniowa) nale\u017cy bra\u0107 r\u00f3wnie\u017c pod uwag\u0119 takie w\u0142a\u015bciwo\u015bci jak:<br \/>\ntrwa\u0142o\u015b\u0107 i wodoszczelno\u015b\u0107, odporno\u015b\u0107 korozyjna, przepuszczalno\u015b\u0107 powietrza, oraz obci\u0105\u017cenia termiczne<br \/>\nok\u0142adzin zewn\u0119trznych.<br \/>\nUnikalna receptura pianki PIR, wysoka jako\u015b\u0107 blach stalowych u\u017cywanych do produkcji ok\u0142adzin oraz<br \/>\nprecyzyjnie wykonane akcesoria monta\u017cowe zapewniaj\u0105 bezpiecze\u0144stwo oraz stabilno\u015b\u0107 parametr\u00f3w<br \/>\nmechanicznych i izolacyjnych p\u0142yt warstwowych.<br \/>\nP\u0142yty warstwowe dachowe<\/p>\n<p>P\u0142yty warstwowe dachowe doskonale nadaj\u0105 si\u0119 do krycia obiekt\u00f3w przemys\u0142owych i magazynowych.<br \/>\nWybieraj\u0105c je nale\u017cy wzi\u0105\u0107 pod uwag\u0119 nast\u0119puj\u0105ce parametry: no\u015bno\u015b\u0107 i statyczno\u015b\u0107, odporno\u015b\u0107 na<br \/>\nobci\u0105\u017cenie skupione, wytrzyma\u0142o\u015b\u0107, odporno\u015b\u0107 na uderzenia, ognioodporno\u015b\u0107, d\u017awi\u0119koszczelno\u015b\u0107,<br \/>\nefektywno\u015b\u0107 energetyczna, trwa\u0142o\u015b\u0107, szczelno\u015b\u0107 na wody opadowe, odporno\u015b\u0107 korozyjna.<br \/>\nP\u0142yty warstwowe ch\u0142odnicze<\/p>\n<p>P\u0142yty warstwowe ch\u0142odnicze to specjalny typ p\u0142yt warstwowych przeznaczony do budowy obiekt\u00f3w, w<br \/>\nkt\u00f3rych temperatura wynosi do -40 st. C. Produkowane s\u0105 z materia\u0142\u00f3w odpornych na niskie temperatury<br \/>\ni odkszta\u0142cenia. Spe\u0142niaj\u0105 r\u00f3wnie\u017c wszystkie wymagania sanitarne. Zapewniaj\u0105 szczelno\u015b\u0107 obiektu oraz<br \/>\nochron\u0119 przed ple\u015bni\u0105 i grzybem<\/p>\n","protected":false},"excerpt":{"rendered":"<p>Rodzaj rdzenia: sztywna pianka poIiizocyjanuratowa (PIR)<br \/>\nG\u0119sto\u015b\u0107 pozorna rdzenia: = 30 kg\/m3<br \/>\nDeklarowany wsp\u00f3\u0142czynnik przewodzenia ciep\u0142a:<\/p>\n<p>\uf095 D: 20-79 mm \u2013 0,026 W\/mK,<br \/>\n\uf095 D 80 \u2013 119 mm \u2013 0,025 W\/mK,<br \/>\n\uf095 D 120 mm \u2013 0,024 W\/mK;<br \/>\nOk\u0142adzina p\u0142yt: AL \u2013 ok\u0142adzina sk\u0142adaj\u0105ca si\u0119 z aluminium, papieru oraz polietylenu<br \/>\nStandardowe wymiary p\u0142yt: 1200&#215;2400 mm lub 1200&#215;600 mm<br \/>\nRodzaje frez\u00f3w: FIT \u2013 frez p\u0142aski, LAP \u2013 frez schodkowy (na zak\u0142adk\u0119), TAG \u2013 frez p\u00f3ro-wpust Cechy produktu:<\/p>\n<p>\u2714 doskona\u0142a ochrona cieplna przegr\u00f3d budowlanych,<br \/>\n\u2714 bardzo du\u017ca odporno\u015b\u0107 na uszkodzenia,<br \/>\n\u2714 niski ci\u0119\u017car izolacji,<br \/>\n\u2714 wodoodporno\u015b\u0107,<br \/>\n\u2714 stabilne wymiary,<br \/>\n\u2714 profilowane kraw\u0119dzie,<br \/>\n\u2714 odporno\u015b\u0107 na grzyby i mikroorganizmy,<br \/>\n\u2714 szybki monta\u017c obni\u017caj\u0105cy koszty robocizny,<br \/>\n\u2714 \u0142atwo\u015b\u0107 i bezpiecze\u0144stwo podczas wykonywania prac (PIR nie wymaga stosowania \u015brodk\u00f3w<br \/>\nochrony osobistej, np. masek przeciwpy\u0142owych),<br \/>\n\u2714 bezpiecze\u0144stwo dla warstwy ozonowej (PIR jest wolny od substancji<br \/>\nchlorofluoropochodnych).<\/p>\n","protected":false},"featured_media":12763,"template":"","meta":[],"product_cat":[82],"product_tag":[],"class_list":{"0":"post-12762","1":"product","2":"type-product","3":"status-publish","4":"has-post-thumbnail","6":"product_cat-plyty-pir","8":"first","9":"instock","10":"taxable","11":"shipping-taxable","12":"purchasable","13":"product-type-variable"},"_links":{"self":[{"href":"https:\/\/wordpres55.paweltomczuk.pl\/index.php?rest_route=\/wp\/v2\/product\/12762","targetHints":{"allow":["GET"]}}],"collection":[{"href":"https:\/\/wordpres55.paweltomczuk.pl\/index.php?rest_route=\/wp\/v2\/product"}],"about":[{"href":"https:\/\/wordpres55.paweltomczuk.pl\/index.php?rest_route=\/wp\/v2\/types\/product"}],"version-history":[{"count":4,"href":"https:\/\/wordpres55.paweltomczuk.pl\/index.php?rest_route=\/wp\/v2\/product\/12762\/revisions"}],"predecessor-version":[{"id":12810,"href":"https:\/\/wordpres55.paweltomczuk.pl\/index.php?rest_route=\/wp\/v2\/product\/12762\/revisions\/12810"}],"wp:featuredmedia":[{"embeddable":true,"href":"https:\/\/wordpres55.paweltomczuk.pl\/index.php?rest_route=\/wp\/v2\/media\/12763"}],"wp:attachment":[{"href":"https:\/\/wordpres55.paweltomczuk.pl\/index.php?rest_route=%2Fwp%2Fv2%2Fmedia&parent=12762"}],"wp:term":[{"taxonomy":"product_cat","embeddable":true,"href":"https:\/\/wordpres55.paweltomczuk.pl\/index.php?rest_route=%2Fwp%2Fv2%2Fproduct_cat&post=12762"},{"taxonomy":"product_tag","embeddable":true,"href":"https:\/\/wordpres55.paweltomczuk.pl\/index.php?rest_route=%2Fwp%2Fv2%2Fproduct_tag&post=12762"}],"curies":[{"name":"wp","href":"https:\/\/api.w.org\/{rel}","templated":true}]}}